{"id":281648,"date":"2023-03-16T13:14:47","date_gmt":"2025-06-23T10:22:49","guid":{"rendered":"https:\/\/www.huntersfriend.eu\/product\/alps-outdoorz-schwimmende-deluxe-tarnbeutel-gross-max-5\/"},"modified":"2025-07-24T05:53:41","modified_gmt":"2025-07-24T03:53:41","slug":"alps-outdoorz-schwimmende-deluxe-tarnbeutel-gross-max-5","status":"publish","type":"product","link":"https:\/\/www.huntersfriend.eu\/de\/produkt\/alps-outdoorz-schwimmende-deluxe-tarnbeutel-gross-max-5\/","title":{"rendered":"Alps outdoorz schwimmende Deluxe-Tarnbeutel gro\u00df Max 5"},"content":{"rendered":"<p>Farbe &#8211; Realtree Max-5<\/p>\n<p>Die Floating Deluxe Blind Bag wurde mit einer Vielzahl praktischer Funktionen konzipiert, wie beispielsweise herausnehmbaren Inneneinteilungen, einer transparenten Wertsachentasche f\u00fcr Ihr Mobiltelefon und anderes Zubeh\u00f6r sowie einem robusten Brillenetui. Das Hauptfach besteht aus nicht absorbierendem, geschlossenzelligem Schaumstoff und ist mit einer wasserdichten Membran versiegelt, die Ihre Ausr\u00fcstung trocken h\u00e4lt, wenn sie in Wasser oder Schlamm sitzt. Die Tasche verf\u00fcgt zudem \u00fcber eine Vielzahl von Taschen, die Ihnen unz\u00e4hlige Organisationsm\u00f6glichkeiten bieten, sowie eine Thermos- &amp; Jackenh\u00fclle an der Oberseite. Die Floating Deluxe Blind Bag ist au\u00dferdem mit einem gepolsterten Tragegriff und einem Schulterriemen ausgestattet, um den Transport Ihrer Ausr\u00fcstung stressfrei zu gestalten.   <\/p>\n<p>\u2022Wasserdicht versiegelte Membran f\u00fcr das Hauptfach<\/p>\n<p>\u2022Nicht absorbierender, geschlossenzelliger Schaumstoff<\/p>\n<p>\u2022Herausnehmbare Inneneinteilungen<\/p>\n<p>\u2022Transparente Wertsachentasche<\/p>\n<p>\u2022Robustes Brillenetui<\/p>\n<p>\u2022Vorder- und Seitentaschen bieten Ihnen unz\u00e4hlige Organisationsm\u00f6glichkeiten<\/p>\n<p>\u2022Thermos-\/Jackenh\u00fclle an der Oberseite<\/p>\n<p>\u2022Thermostasche an der Seite<\/p>\n<p>\u2022Tragegriff und gepolsterter Schulterriemen<\/p>\n<table border=\"3\">\n<tbody>\n<tr>\n<th colspan=\"2\">Standard<\/th>\n<\/tr>\n<tr align=\"CENTER\">\n<td><b>Abmessungen<\/b><\/td>\n<td>20,32 cm H x 30,48 cm B x 22,86 cm T<\/td>\n<\/tr>\n<tr align=\"CENTER\">\n<td><b>Gewicht<\/b><\/td>\n<td>1,42 kg <\/td>\n<\/tr>\n<tr>\n<th colspan=\"2\">Gro\u00df<\/th>\n<\/tr>\n<tr align=\"CENTER\">\n<td><b>Abmessungen<\/b><\/td>\n<td>22,86 cm H x 35,56 cm B x 27,94 cm T<\/td>\n<\/tr>\n<tr align=\"CENTER\">\n<td><b>Gewicht<\/b><\/td>\n<td>1,87 kg <\/td>\n<\/tr>\n<\/tbody>\n<\/table>\n","protected":false},"excerpt":{"rendered":"<p>Realtree Max-5<\/p>\n","protected":false},"featured_media":250475,"comment_status":"open","ping_status":"closed","template":"","meta":[],"product_brand":[],"product_cat":[1145],"product_tag":[],"class_list":{"0":"post-281648","1":"product","2":"type-product","3":"status-publish","4":"has-post-thumbnail","6":"product_cat-sonstiges","8":"first","9":"outofstock","10":"taxable","11":"shipping-taxable","12":"purchasable","13":"product-type-simple"},"composite_virtual":false,"composite_layout":"","composite_add_to_cart_form_location":"","composite_editable_in_cart":false,"composite_sold_individually_context":"","composite_shop_price_calc":"","composite_components":[],"composite_scenarios":[],"group_of_quantity":0,"min_quantity":0,"max_quantity":"","exclude_order_quantity_value_rules":"no","exclude_category_quantity_rules":"no","combine_variations":"no","exclude_global_add_ons":[],"addons":[],"_links":{"self":[{"href":"https:\/\/www.huntersfriend.eu\/de\/wp-json\/wp\/v2\/product\/281648","targetHints":{"allow":["GET"]}}],"collection":[{"href":"https:\/\/www.huntersfriend.eu\/de\/wp-json\/wp\/v2\/product"}],"about":[{"href":"https:\/\/www.huntersfriend.eu\/de\/wp-json\/wp\/v2\/types\/product"}],"replies":[{"embeddable":true,"href":"https:\/\/www.huntersfriend.eu\/de\/wp-json\/wp\/v2\/comments?post=281648"}],"wp:featuredmedia":[{"embeddable":true,"href":"https:\/\/www.huntersfriend.eu\/de\/wp-json\/wp\/v2\/media\/250475"}],"wp:attachment":[{"href":"https:\/\/www.huntersfriend.eu\/de\/wp-json\/wp\/v2\/media?parent=281648"}],"wp:term":[{"taxonomy":"product_brand","embeddable":true,"href":"https:\/\/www.huntersfriend.eu\/de\/wp-json\/wp\/v2\/product_brand?post=281648"},{"taxonomy":"product_cat","embeddable":true,"href":"https:\/\/www.huntersfriend.eu\/de\/wp-json\/wp\/v2\/product_cat?post=281648"},{"taxonomy":"product_tag","embeddable":true,"href":"https:\/\/www.huntersfriend.eu\/de\/wp-json\/wp\/v2\/product_tag?post=281648"}],"curies":[{"name":"wp","href":"https:\/\/api.w.org\/{rel}","templated":true}]}}