{"id":281647,"date":"2023-03-16T13:14:51","date_gmt":"2023-03-16T11:14:51","guid":{"rendered":"https:\/\/www.huntersfriend.eu\/product\/alps-outdoorz-breeze-schaukelstuhl\/"},"modified":"2026-03-18T22:00:21","modified_gmt":"2026-03-18T20:00:21","slug":"alps-outdoorz-breeze-schaukelstuhl","status":"publish","type":"product","link":"https:\/\/www.huntersfriend.eu\/de\/produkt\/alps-outdoorz-breeze-schaukelstuhl\/","title":{"rendered":"Alps outdoorz Breeze Schaukelstuhl"},"content":{"rendered":"<p>Farbe &#8211; Marineblau<\/p>\n<p>Wenn Ihnen unser derzeitiger Schaukelstuhl gef\u00e4llt, werden Sie unseren Breeze Schaukelstuhl LIEBEN. Dieser robuste Stuhl ist mit seinem TechMesh-Gewebe perfekt f\u00fcr die Sommerzeit geeignet und erm\u00f6glicht Ihnen an hei\u00dfen, schw\u00fclen Tagen eine optimale Luftzirkulation. Entspannen Sie sich in diesem Schaukelstuhl; Sie haben es sich verdient!  <\/p>\n<p>\u2022 Langlebiges TechMesh-Gewebe<\/p>\n<p>\u2022 Pro-Tec pulverbeschichteter Stahlrahmen<\/p>\n<p>\u2022 Ergonomische Sitzkante f\u00fcr erh\u00f6hten Komfort<\/p>\n<p>\u2022 Zusammenklappbar f\u00fcr einfache Aufbewahrung und Transport<\/p>\n<p>\u2022 Arretiert sowohl im zusammengeklappten als auch im ge\u00f6ffneten Zustand<\/p>\n<table border=\"3\">\n<tbody>\n<tr align=\"CENTER\">\n<td><b>Abmessungen<\/b><\/td>\n<td>61 cm B x 44,5 cm T x 104 cm H<\/td>\n<\/tr>\n<tr align=\"CENTER\">\n<td><b>Sitzh\u00f6he &#8211; vorne\/hinten<\/b><\/td>\n<td>53 \u201ev | 41\u201c h<\/td>\n<\/tr>\n<tr align=\"CENTER\">\n<td><b>Abmessungen der Sitzfl\u00e4che<\/b><\/td>\n<td>51 \u201eB x 44,5\u201c T<\/td>\n<\/tr>\n<tr align=\"CENTER\">\n<td><b>R\u00fcckenlehne H\u00f6he<\/b><\/td>\n<td>104 cm<\/td>\n<\/tr>\n<tr align=\"CENTER\">\n<td><b>Gesamtbreite<\/b><\/td>\n<td>61 cm<\/td>\n<\/tr>\n<tr align=\"CENTER\">\n<td><b>Gewicht<\/b><\/td>\n<td>7,14 kg <\/td>\n<\/tr>\n<tr align=\"CENTER\">\n<td><b>Gewichtskapazit\u00e4t<\/b><\/td>\n<td>136,08 kg<\/td>\n<\/tr>\n<\/tbody>\n<\/table>\n","protected":false},"excerpt":{"rendered":"<p>Farbe &#8211; Marineblau Wenn Ihnen unser derzeitiger Schaukelstuhl gef\u00e4llt, werden Sie unseren Breeze Schaukelstuhl LIEBEN. Dieser robuste Stuhl ist mit seinem TechMesh-Gewebe perfekt f\u00fcr die Sommerzeit geeignet und erm\u00f6glicht Ihnen an hei\u00dfen, schw\u00fclen Tagen eine optimale Luftzirkulation. Entspannen Sie sich in diesem Schaukelstuhl; Sie haben es sich verdient! \u2022 Langlebiges TechMesh-Gewebe \u2022 Pro-Tec pulverbeschichteter Stahlrahmen [&#8230;]\n","protected":false},"featured_media":246330,"comment_status":"open","ping_status":"closed","template":"","meta":[],"product_brand":[],"product_cat":[1364],"product_tag":[],"class_list":{"0":"post-281647","1":"product","2":"type-product","3":"status-publish","4":"has-post-thumbnail","6":"product_cat-blind-sitz","7":"product_shipping_class-medium-de","9":"first","10":"instock","11":"taxable","12":"shipping-taxable","13":"purchasable","14":"product-type-simple"},"composite_virtual":false,"composite_layout":"","composite_add_to_cart_form_location":"","composite_editable_in_cart":false,"composite_sold_individually_context":"","composite_shop_price_calc":"","composite_components":[],"composite_scenarios":[],"group_of_quantity":0,"min_quantity":0,"max_quantity":"","exclude_order_quantity_value_rules":"no","exclude_category_quantity_rules":"no","combine_variations":"no","exclude_global_add_ons":[],"addons":[],"_links":{"self":[{"href":"https:\/\/www.huntersfriend.eu\/de\/wp-json\/wp\/v2\/product\/281647","targetHints":{"allow":["GET"]}}],"collection":[{"href":"https:\/\/www.huntersfriend.eu\/de\/wp-json\/wp\/v2\/product"}],"about":[{"href":"https:\/\/www.huntersfriend.eu\/de\/wp-json\/wp\/v2\/types\/product"}],"replies":[{"embeddable":true,"href":"https:\/\/www.huntersfriend.eu\/de\/wp-json\/wp\/v2\/comments?post=281647"}],"wp:featuredmedia":[{"embeddable":true,"href":"https:\/\/www.huntersfriend.eu\/de\/wp-json\/wp\/v2\/media\/246330"}],"wp:attachment":[{"href":"https:\/\/www.huntersfriend.eu\/de\/wp-json\/wp\/v2\/media?parent=281647"}],"wp:term":[{"taxonomy":"product_brand","embeddable":true,"href":"https:\/\/www.huntersfriend.eu\/de\/wp-json\/wp\/v2\/product_brand?post=281647"},{"taxonomy":"product_cat","embeddable":true,"href":"https:\/\/www.huntersfriend.eu\/de\/wp-json\/wp\/v2\/product_cat?post=281647"},{"taxonomy":"product_tag","embeddable":true,"href":"https:\/\/www.huntersfriend.eu\/de\/wp-json\/wp\/v2\/product_tag?post=281647"}],"curies":[{"name":"wp","href":"https:\/\/api.w.org\/{rel}","templated":true}]}}