{"id":281645,"date":"2023-03-16T13:14:51","date_gmt":"2023-03-16T11:14:51","guid":{"rendered":"https:\/\/www.huntersfriend.eu\/product\/alps-outdoorz-rebound-rocker\/"},"modified":"2026-03-18T22:00:22","modified_gmt":"2026-03-18T20:00:22","slug":"alps-outdoorz-rebound-rocker","status":"publish","type":"product","link":"https:\/\/www.huntersfriend.eu\/de\/produkt\/alps-outdoorz-rebound-rocker\/","title":{"rendered":"Alps outdoorz rebound rocker"},"content":{"rendered":"<p>Farbe &#8211; Salsa<\/p>\n<p>Der Rebound Rocker zeichnet sich durch einen komfortablen Polyesterstoff und ein Netzmittelst\u00fcck f\u00fcr Bel\u00fcftung aus. In Kombination mit seinem pulverbeschichteten Pro-Tec-Stahlrahmen bietet er einen hervorragenden Sitzplatz zur Entspannung am Ende des Tages. Das kompakte, zusammenklappbare Design dieses Schaukelstuhls erm\u00f6glicht einen stressfreien Transport und eine einfache Lagerung. Bei Gebrauch rastet er ein, um ein reibungsloses und sicheres Schaukeln zu gew\u00e4hrleisten. Ob Sie diese St\u00fchle auf der Terrasse oder am Lagerfeuer verwenden, sie werden zu den Sitzgelegenheiten, zu denen sich alle hingezogen f\u00fchlen.  <\/p>\n<p>\u2022 Zusammenklappbar f\u00fcr einfache Aufbewahrung und Transport<\/p>\n<p>\u2022 Ausklappbarer Getr\u00e4nkehalter<\/p>\n<p>\u2022 Stoffbezogene Armlehnen<\/p>\n<p>\u2022 K\u00fchler Nylonnetzstoff f\u00fcr Sitz und R\u00fcckenlehne<\/p>\n<p>\u2022 Inklusive Tragetasche mit den Ma\u00dfen 22,86 cm x 10,16 cm x 114,3 cm<\/p>\n<p>\u2022 Pro-Tec pulverbeschichteter Stahlrahmen<\/p>\n<table border=\"3\">\n<tbody>\n<tr align=\"CENTER\">\n<td><b>Abmessungen<\/b><\/td>\n<td>66,04 cm B x 88,9 cm T x 99,06 cm H<\/td>\n<\/tr>\n<tr align=\"CENTER\">\n<td><b>Sitzh\u00f6he &#8211; vorne\/hinten<\/b><\/td>\n<td>44,45 \u201ecm vorne | 38,1\u201c cm hinten<\/td>\n<\/tr>\n<tr align=\"CENTER\">\n<td><b>Abmessungen der Sitzfl\u00e4che<\/b><\/td>\n<td>58,42 \u201ecm B x 48,26\u201c cm T<\/td>\n<\/tr>\n<tr align=\"CENTER\">\n<td><b>R\u00fcckenlehnenh\u00f6he<\/b><\/td>\n<td>62,23 cm<\/td>\n<\/tr>\n<tr align=\"CENTER\">\n<td><b>Gesamtbreite<\/b><\/td>\n<td>62,23 cm<\/td>\n<\/tr>\n<tr align=\"CENTER\">\n<td><b>Gewicht<\/b><\/td>\n<td>6 lbs. 12 oz. <\/td>\n<\/tr>\n<tr align=\"CENTER\">\n<td><b>Gewichtskapazit\u00e4t<\/b><\/td>\n<td>136,08 kg<\/td>\n<\/tr>\n<\/tbody>\n<\/table>\n","protected":false},"excerpt":{"rendered":"<p>Farbe &#8211; Salsa Der Rebound Rocker zeichnet sich durch einen komfortablen Polyesterstoff und ein Netzmittelst\u00fcck f\u00fcr Bel\u00fcftung aus. In Kombination mit seinem pulverbeschichteten Pro-Tec-Stahlrahmen bietet er einen hervorragenden Sitzplatz zur Entspannung am Ende des Tages. Das kompakte, zusammenklappbare Design dieses Schaukelstuhls erm\u00f6glicht einen stressfreien Transport und eine einfache Lagerung. Bei Gebrauch rastet er ein, um [&#8230;]\n","protected":false},"featured_media":246343,"comment_status":"open","ping_status":"closed","template":"","meta":[],"product_brand":[],"product_cat":[1364],"product_tag":[],"class_list":{"0":"post-281645","1":"product","2":"type-product","3":"status-publish","4":"has-post-thumbnail","6":"product_cat-blind-sitz","7":"product_shipping_class-medium-de","9":"first","10":"instock","11":"taxable","12":"shipping-taxable","13":"purchasable","14":"product-type-simple"},"composite_virtual":false,"composite_layout":"","composite_add_to_cart_form_location":"","composite_editable_in_cart":false,"composite_sold_individually_context":"","composite_shop_price_calc":"","composite_components":[],"composite_scenarios":[],"group_of_quantity":0,"min_quantity":0,"max_quantity":"","exclude_order_quantity_value_rules":"no","exclude_category_quantity_rules":"no","combine_variations":"no","exclude_global_add_ons":[],"addons":[],"_links":{"self":[{"href":"https:\/\/www.huntersfriend.eu\/de\/wp-json\/wp\/v2\/product\/281645","targetHints":{"allow":["GET"]}}],"collection":[{"href":"https:\/\/www.huntersfriend.eu\/de\/wp-json\/wp\/v2\/product"}],"about":[{"href":"https:\/\/www.huntersfriend.eu\/de\/wp-json\/wp\/v2\/types\/product"}],"replies":[{"embeddable":true,"href":"https:\/\/www.huntersfriend.eu\/de\/wp-json\/wp\/v2\/comments?post=281645"}],"wp:featuredmedia":[{"embeddable":true,"href":"https:\/\/www.huntersfriend.eu\/de\/wp-json\/wp\/v2\/media\/246343"}],"wp:attachment":[{"href":"https:\/\/www.huntersfriend.eu\/de\/wp-json\/wp\/v2\/media?parent=281645"}],"wp:term":[{"taxonomy":"product_brand","embeddable":true,"href":"https:\/\/www.huntersfriend.eu\/de\/wp-json\/wp\/v2\/product_brand?post=281645"},{"taxonomy":"product_cat","embeddable":true,"href":"https:\/\/www.huntersfriend.eu\/de\/wp-json\/wp\/v2\/product_cat?post=281645"},{"taxonomy":"product_tag","embeddable":true,"href":"https:\/\/www.huntersfriend.eu\/de\/wp-json\/wp\/v2\/product_tag?post=281645"}],"curies":[{"name":"wp","href":"https:\/\/api.w.org\/{rel}","templated":true}]}}