{"id":281643,"date":"2023-03-16T13:14:38","date_gmt":"2025-06-23T10:22:46","guid":{"rendered":"https:\/\/www.huntersfriend.eu\/product\/illusion-systems-schwarzes-geweihsystem-zum-klappern\/"},"modified":"2025-08-26T14:49:09","modified_gmt":"2025-08-26T12:49:09","slug":"illusion-systems-schwarzes-geweihsystem-zum-klappern","status":"publish","type":"product","link":"https:\/\/www.huntersfriend.eu\/de\/produkt\/illusion-systems-schwarzes-geweihsystem-zum-klappern\/","title":{"rendered":"Illusion Systems Schwarzes Geweihsystem zum Klappern"},"content":{"rendered":"<p>Was macht das <strong>Black Rack<\/strong> zum am h\u00f6chsten bewerteten Geweihsystem zum Klappern auf dem Markt?<\/p>\n<ul>\n<li>Exklusive Bone-Core\u2122-Technologie &#8211; Verleiht diesem Klappersystem \u00e4u\u00dferst realistische, geweih\u00e4hnliche Ger\u00e4usche.<\/li>\n<li>Full Rack\u2122-Design mit zwei Geweihen &#8211; Konzipiert als zwei vollst\u00e4ndige Hirschgeweihe, die Ihnen die notwendigen Enden und Hebelwirkung bieten, um einen Kampf um Paarungsrechte zu imitieren.<\/li>\n<li>Black Concealment\u2122 &#8211; H\u00e4lt Ihre Klappersequenzen verborgen und erm\u00f6glicht es Ihnen, bei einer Begegnung mit einem gro\u00dfen Hirsch aus deutlich geringerer Entfernung zu klappern.<\/li>\n<li>Kostenlose Anleitungsvideos &#8211; Sehen Sie sich unsere detaillierte Anleitungsserie an und erlernen Sie, wie Sie effektiv mit Hirschen kommunizieren k\u00f6nnen. Laden Sie einfach die KOSTENLOSE \u201eDeer Society\u201c-Mobilanwendung herunter, um Zugang zu stundenlangem Schulungsvideomaterial zu erhalten! <\/li>\n<\/ul>\n<p>Hunderttausende ernsthafter Hirschj\u00e4ger in den Vereinigten Staaten und Kanada vertrauen aus gutem Grund auf das Black Rack Klappersystem&#8230; Es funktioniert schlichtweg! <\/p>\n","protected":false},"excerpt":{"rendered":"<p>Was macht das Black Rack zum am h\u00f6chsten bewerteten Geweihsystem zum Klappern auf dem Markt? Exklusive Bone-Core\u2122-Technologie &#8211; Verleiht diesem Klappersystem \u00e4u\u00dferst realistische, geweih\u00e4hnliche Ger\u00e4usche. Full Rack\u2122-Design mit zwei Geweihen &#8211; Konzipiert als zwei vollst\u00e4ndige Hirschgeweihe, die Ihnen die notwendigen Enden und Hebelwirkung bieten, um einen Kampf um Paarungsrechte zu imitieren. Black Concealment\u2122 &#8211; H\u00e4lt [&#8230;]\n","protected":false},"featured_media":245942,"comment_status":"open","ping_status":"closed","template":"","meta":[],"product_brand":[],"product_cat":[1183],"product_tag":[],"class_list":{"0":"post-281643","1":"product","2":"type-product","3":"status-publish","4":"has-post-thumbnail","6":"product_cat-groswild-locker","8":"first","9":"instock","10":"taxable","11":"shipping-taxable","12":"purchasable","13":"product-type-simple"},"composite_virtual":false,"composite_layout":"","composite_add_to_cart_form_location":"","composite_editable_in_cart":false,"composite_sold_individually_context":"","composite_shop_price_calc":"","composite_components":[],"composite_scenarios":[],"group_of_quantity":0,"min_quantity":0,"max_quantity":"","exclude_order_quantity_value_rules":"no","exclude_category_quantity_rules":"no","combine_variations":"no","exclude_global_add_ons":[],"addons":[],"_links":{"self":[{"href":"https:\/\/www.huntersfriend.eu\/de\/wp-json\/wp\/v2\/product\/281643","targetHints":{"allow":["GET"]}}],"collection":[{"href":"https:\/\/www.huntersfriend.eu\/de\/wp-json\/wp\/v2\/product"}],"about":[{"href":"https:\/\/www.huntersfriend.eu\/de\/wp-json\/wp\/v2\/types\/product"}],"replies":[{"embeddable":true,"href":"https:\/\/www.huntersfriend.eu\/de\/wp-json\/wp\/v2\/comments?post=281643"}],"wp:featuredmedia":[{"embeddable":true,"href":"https:\/\/www.huntersfriend.eu\/de\/wp-json\/wp\/v2\/media\/245942"}],"wp:attachment":[{"href":"https:\/\/www.huntersfriend.eu\/de\/wp-json\/wp\/v2\/media?parent=281643"}],"wp:term":[{"taxonomy":"product_brand","embeddable":true,"href":"https:\/\/www.huntersfriend.eu\/de\/wp-json\/wp\/v2\/product_brand?post=281643"},{"taxonomy":"product_cat","embeddable":true,"href":"https:\/\/www.huntersfriend.eu\/de\/wp-json\/wp\/v2\/product_cat?post=281643"},{"taxonomy":"product_tag","embeddable":true,"href":"https:\/\/www.huntersfriend.eu\/de\/wp-json\/wp\/v2\/product_tag?post=281643"}],"curies":[{"name":"wp","href":"https:\/\/api.w.org\/{rel}","templated":true}]}}