{"id":281641,"date":"2023-03-16T13:14:37","date_gmt":"2025-06-23T10:22:43","guid":{"rendered":"https:\/\/www.huntersfriend.eu\/product\/illusion-systems-extinguisher-hirschlocker\/"},"modified":"2025-08-26T14:49:05","modified_gmt":"2025-08-26T12:49:05","slug":"illusion-systems-extinguisher-hirschlocker","status":"publish","type":"product","link":"https:\/\/www.huntersfriend.eu\/de\/produkt\/illusion-systems-extinguisher-hirschlocker\/","title":{"rendered":"Illusion Systems Extinguisher Hirschlocker"},"content":{"rendered":"<p>Was macht den Extinguisher Hirschlocker zum am h\u00f6chsten bewerteten Hirschkommunikationssystem auf dem Markt?<\/p>\n<ul>\n<li>Der patentierte ModiSlide\u2122 des Extinguisher erm\u00f6glicht es Ihnen, augenblicklich wie ein Bock, eine Hirschkuh oder ein Kitz zu klingen.<\/li>\n<li>99,6% Zustimmungsrate &#8211; NAHC-Feldtest, die h\u00f6chste je f\u00fcr einen Hirschlocker erreichte!<\/li>\n<li>FreezeFree\u2122-Design &#8211; Der modiSlide\u2122 des Extinguisher dient auch dazu, den Locker von einem \u201eEinfrieren\u201c zu befreien.<\/li>\n<li>Throat-Tube\u2122 &#8211; Diese doppelschichtige Technologie erzeugt \u00e4u\u00dferst realistische Kl\u00e4nge und erm\u00f6glicht gerichtetes Rufen.<\/li>\n<li>Kostenlose Anleitungsvideos &#8211; Sehen Sie sich unsere detaillierte Anleitungsserie an und erlernen Sie, wie Sie effektiv mit Hirschen kommunizieren k\u00f6nnen. Laden Sie einfach die KOSTENLOSE \u201eDeer Society\u201c-Mobilanwendung herunter, um Zugang zu stundenlangem Schulungsvideomaterial zu erhalten! <\/li>\n<li>Hergestellt in Amerika &#8211; Jeder Extinguisher Hirschlocker wird akustisch getestet, bevor er die Endkontrolle passiert.<\/li>\n<\/ul>\n<p>Hunderttausende ernsthafter Hirschj\u00e4ger verlassen sich aus gutem Grund auf den Extinguisher Hirschlocker&#8230; Er funktioniert einfach hervorragend! <\/p>\n","protected":false},"excerpt":{"rendered":"<p>Was macht den Extinguisher Hirschlocker zum am h\u00f6chsten bewerteten Hirschkommunikationssystem auf dem Markt? Der patentierte ModiSlide\u2122 des Extinguisher erm\u00f6glicht es Ihnen, augenblicklich wie ein Bock, eine Hirschkuh oder ein Kitz zu klingen. 99,6% Zustimmungsrate &#8211; NAHC-Feldtest, die h\u00f6chste je f\u00fcr einen Hirschlocker erreichte! FreezeFree\u2122-Design &#8211; Der modiSlide\u2122 des Extinguisher dient auch dazu, den Locker von [&#8230;]\n","protected":false},"featured_media":245702,"comment_status":"open","ping_status":"closed","template":"","meta":[],"product_brand":[],"product_cat":[1183],"product_tag":[],"class_list":{"0":"post-281641","1":"product","2":"type-product","3":"status-publish","4":"has-post-thumbnail","6":"product_cat-groswild-locker","8":"first","9":"instock","10":"taxable","11":"shipping-taxable","12":"purchasable","13":"product-type-simple"},"composite_virtual":false,"composite_layout":"","composite_add_to_cart_form_location":"","composite_editable_in_cart":false,"composite_sold_individually_context":"","composite_shop_price_calc":"","composite_components":[],"composite_scenarios":[],"group_of_quantity":0,"min_quantity":0,"max_quantity":"","exclude_order_quantity_value_rules":"no","exclude_category_quantity_rules":"no","combine_variations":"no","exclude_global_add_ons":[],"addons":[],"_links":{"self":[{"href":"https:\/\/www.huntersfriend.eu\/de\/wp-json\/wp\/v2\/product\/281641","targetHints":{"allow":["GET"]}}],"collection":[{"href":"https:\/\/www.huntersfriend.eu\/de\/wp-json\/wp\/v2\/product"}],"about":[{"href":"https:\/\/www.huntersfriend.eu\/de\/wp-json\/wp\/v2\/types\/product"}],"replies":[{"embeddable":true,"href":"https:\/\/www.huntersfriend.eu\/de\/wp-json\/wp\/v2\/comments?post=281641"}],"wp:featuredmedia":[{"embeddable":true,"href":"https:\/\/www.huntersfriend.eu\/de\/wp-json\/wp\/v2\/media\/245702"}],"wp:attachment":[{"href":"https:\/\/www.huntersfriend.eu\/de\/wp-json\/wp\/v2\/media?parent=281641"}],"wp:term":[{"taxonomy":"product_brand","embeddable":true,"href":"https:\/\/www.huntersfriend.eu\/de\/wp-json\/wp\/v2\/product_brand?post=281641"},{"taxonomy":"product_cat","embeddable":true,"href":"https:\/\/www.huntersfriend.eu\/de\/wp-json\/wp\/v2\/product_cat?post=281641"},{"taxonomy":"product_tag","embeddable":true,"href":"https:\/\/www.huntersfriend.eu\/de\/wp-json\/wp\/v2\/product_tag?post=281641"}],"curies":[{"name":"wp","href":"https:\/\/api.w.org\/{rel}","templated":true}]}}