{"id":281636,"date":"2023-05-04T10:46:49","date_gmt":"2023-05-04T08:46:49","guid":{"rendered":"https:\/\/www.huntersfriend.eu\/product\/block-infinity-zielscheibe\/"},"modified":"2026-03-18T22:00:53","modified_gmt":"2026-03-18T20:00:53","slug":"block-infinity-zielscheibe","status":"publish","type":"product","link":"https:\/\/www.huntersfriend.eu\/de\/produkt\/block-infinity-zielscheibe\/","title":{"rendered":"Block Infinity Zielscheibe"},"content":{"rendered":"<div class=\"wpb_text_column wpb_content_element \">\n<div class=\"wpb_wrapper\">\n<p>BLOCK, die beliebteste Bogenschie\u00dfzielscheibe auf dem Markt, pr\u00e4sentiert die <strong>BLOCK Infinity<\/strong>. Aufbauend auf dem Ruf langanhaltender Haltbarkeit, erreicht die BLOCK Infinity mit exklusiver Konstruktion und sechsseitiger Beschie\u00dfbarkeit ein neues Niveau extremer Stoppleistung und verl\u00e4ngerter Lebensdauer.<br \/>\nUnter Nutzung der bew\u00e4hrten Stoppleistung von BLOCKs PolyFusion-Technologie sind BLOCK Infinity Zielscheiben um einen hochdichten, geschichteten Schaumstoffkern konstruiert, umgeben von einer \u00e4u\u00dferen Schaumstoffwand, die extreme Stoppleistung und au\u00dfergew\u00f6hnliche Haltbarkeit bietet, w\u00e4hrend sie gleichzeitig eine einfache Pfeilentfernung erm\u00f6glicht. Diese exklusive Technologie erlaubt es der Au\u00dfenfl\u00e4che, bei der Verlangsamung der Pfeile zu unterst\u00fctzen, w\u00e4hrend sie ihnen erm\u00f6glicht, einen Weg zwischen den inneren Schichten zu finden, um durch Reibung und nicht durch Kraft zu stoppen.  <\/p>\n<p>Die sechsseitige Au\u00dfenfl\u00e4che bietet sechs individuelle Schie\u00dffl\u00e4chen mit f\u00fcnf einzigartigen Designs, die strategisch platziert sind, um Zielbereiche f\u00fcr eine verl\u00e4ngerte Lebensdauer der Zielscheibe und maximale Haltbarkeit zu versetzen. Sicher f\u00fcr die Verwendung mit Feldspitzen sowie festen und aufklappbaren Jagdspitzen und garantiert, um Pfeile mit Standarddurchmesser bei Geschwindigkeiten von bis zu beachtlichen 500 F.P.S. zu stoppen! Zwei Versionen sind erh\u00e4ltlich; die BLOCK Infinity 20 mit den Ma\u00dfen 20 \u201ex20\u201c und BLOCK Infinity 22 mit den Ma\u00dfen 22 \u201ex22\u201c.  <\/p>\n<h4>DIE BLOCK INFINITY BOGENSCHIESS-ZIELSCHEIBE IST IN 2 VERSCHIEDENEN GR\u00d6SSEN ERH\u00c4LTLICH:<\/h4>\n<\/div>\n<\/div>\n<div class=\"vc_row wpb_row vc_inner vc_row-fluid\">\n<div class=\"wpb_column vc_column_container vc_col-sm-6\">\n<div class=\"vc_column-inner\">\n<div class=\"wpb_wrapper\">\n<div class=\"wpb_text_column wpb_content_element \">\n<div class=\"wpb_wrapper\">\n<p><strong>BLOCK Infinity 20<br \/>\n<\/strong>Gr\u00f6\u00dfe: 20\u2033x20\u2033<\/p>\n<\/div>\n<\/div>\n<\/div>\n<\/div>\n<\/div>\n<div class=\"wpb_column vc_column_container vc_col-sm-6\">\n<div class=\"vc_column-inner\">\n<div class=\"wpb_wrapper\">\n<div class=\"wpb_text_column wpb_content_element \">\n<div class=\"wpb_wrapper\">\n<p><strong>BLOCK Infinity 22<br \/>\n<\/strong>Gr\u00f6\u00dfe: 22\u2033x22\u2033<\/p>\n<\/div>\n<\/div>\n<\/div>\n<\/div>\n<\/div>\n<\/div>\n<p><strong>Achtung: Online-Bestellungen sind auf eine Packung pro Bestellung begrenzt. F\u00fcr gr\u00f6\u00dfere Mengen kontaktieren Sie bitte direkt den Kundenservice, um Informationen zu den Lieferkosten zu erhalten. <\/strong><\/p>\n","protected":false},"excerpt":{"rendered":"<p>Abmessungen: 45,72 \u201ex45,72\u201c x40,64 \u201eoder 55,88\u201c x 50,80 \u201ex 27,94\u201c cm<\/p>\n","protected":false},"featured_media":247778,"comment_status":"open","ping_status":"closed","template":"","meta":[],"product_brand":[],"product_cat":[1147],"product_tag":[],"class_list":{"0":"post-281636","1":"product","2":"type-product","3":"status-publish","4":"has-post-thumbnail","6":"product_cat-wuerfel-und-block-ziele","7":"product_shipping_class-big-de","9":"first","10":"instock","11":"featured","12":"taxable","13":"shipping-taxable","14":"purchasable","15":"product-type-variable"},"composite_virtual":false,"composite_layout":"","composite_add_to_cart_form_location":"","composite_editable_in_cart":false,"composite_sold_individually_context":"","composite_shop_price_calc":"","composite_components":[],"composite_scenarios":[],"group_of_quantity":0,"min_quantity":0,"max_quantity":"","exclude_order_quantity_value_rules":"no","exclude_category_quantity_rules":"no","combine_variations":"no","exclude_global_add_ons":[],"addons":[],"_links":{"self":[{"href":"https:\/\/www.huntersfriend.eu\/de\/wp-json\/wp\/v2\/product\/281636","targetHints":{"allow":["GET"]}}],"collection":[{"href":"https:\/\/www.huntersfriend.eu\/de\/wp-json\/wp\/v2\/product"}],"about":[{"href":"https:\/\/www.huntersfriend.eu\/de\/wp-json\/wp\/v2\/types\/product"}],"replies":[{"embeddable":true,"href":"https:\/\/www.huntersfriend.eu\/de\/wp-json\/wp\/v2\/comments?post=281636"}],"wp:featuredmedia":[{"embeddable":true,"href":"https:\/\/www.huntersfriend.eu\/de\/wp-json\/wp\/v2\/media\/247778"}],"wp:attachment":[{"href":"https:\/\/www.huntersfriend.eu\/de\/wp-json\/wp\/v2\/media?parent=281636"}],"wp:term":[{"taxonomy":"product_brand","embeddable":true,"href":"https:\/\/www.huntersfriend.eu\/de\/wp-json\/wp\/v2\/product_brand?post=281636"},{"taxonomy":"product_cat","embeddable":true,"href":"https:\/\/www.huntersfriend.eu\/de\/wp-json\/wp\/v2\/product_cat?post=281636"},{"taxonomy":"product_tag","embeddable":true,"href":"https:\/\/www.huntersfriend.eu\/de\/wp-json\/wp\/v2\/product_tag?post=281636"}],"curies":[{"name":"wp","href":"https:\/\/api.w.org\/{rel}","templated":true}]}}