{"id":281633,"date":"2023-04-20T09:46:35","date_gmt":"2023-04-20T07:46:35","guid":{"rendered":"https:\/\/www.huntersfriend.eu\/product\/pard-ds35-70r-nachtsichtzielfernrohr\/"},"modified":"2025-11-27T11:15:01","modified_gmt":"2025-11-27T09:15:01","slug":"pard-ds35-70r-nachtsichtzielfernrohr","status":"publish","type":"product","link":"https:\/\/www.huntersfriend.eu\/de\/produkt\/pard-ds35-70r-nachtsichtzielfernrohr\/","title":{"rendered":"Pard DS35-70R Nachtsichtzielfernrohr"},"content":{"rendered":"<p>Das Pard DS35-70R Nachtsichtzielfernrohr f\u00fchlt sich wie ein traditionelles Zielfernrohr an, ist jedoch weitaus vielseitiger! Tag oder Nacht, es spielt keine Rolle. <\/p>\n<p>Die Zielfernrohre der DS-Serie verf\u00fcgen \u00fcber ein kreisf\u00f6rmiges 800\u00d7800 LTPS-Digitaldisplay, das hochaufl\u00f6sende Bilder und reichen Kontrast liefert. Das extrem weite Sichtfeld bietet eine au\u00dfergew\u00f6hnliche Umgebungswahrnehmung. Der CMOS .001 Low-Lux-Bildsensor liefert detaillierte, hochaufl\u00f6sende Bilder in Situationen mit geringstem Licht. Das DS35 bietet einen 2560\u00d71440 (2K) Sensor. Die g\u00fcnstige Positionierung des Bedienknopfes erm\u00f6glicht dem Benutzer, schnell und einfach zwischen Men\u00fcoptionen zu wechseln und den ballistischen Rechner im Jagdmodus zu bedienen. Sie k\u00f6nnen das DS35 mit diesem einen einzigen Knopf einstellen und bedienen.     <\/p>\n<p>Das Pard DS35-70R Nachtsichtzielfernrohr ist ebenso einfach zu bedienen wie ein traditionelles Zielfernrohr. Nachfolgend finden Sie die Spezifikationen des DS35-70R. <\/p>\n<p>&nbsp;<\/p>\n<table width=\"479\">\n<tbody>\n<tr>\n<td colspan=\"2\" width=\"479\">\n<h3>DS35-70R Spezifikationen<\/h3>\n<\/td>\n<\/tr>\n<tr>\n<td width=\"240\"><\/td>\n<td width=\"239\"><\/td>\n<\/tr>\n<tr>\n<td>Modell<\/td>\n<td width=\"239\">DS35-70(RF)\/940<\/td>\n<\/tr>\n<tr>\n<td>Klassifikation<\/td>\n<td width=\"239\">Nachtsicht(zielfernrohr)<\/td>\n<\/tr>\n<tr>\n<td colspan=\"2\" width=\"479\">Sensor<\/td>\n<\/tr>\n<tr>\n<td width=\"240\">Typ<\/td>\n<td width=\"239\">CMOS<\/td>\n<\/tr>\n<tr>\n<td width=\"240\">Aufl\u00f6sung (px)<\/td>\n<td width=\"239\">2560*1440<\/td>\n<\/tr>\n<tr>\n<td width=\"240\">Pixelgr\u00f6\u00dfe (\u00b5m)<\/td>\n<td width=\"239\">2,9\u00b5m<\/td>\n<\/tr>\n<tr>\n<td width=\"240\">Empfindlichkeit (lux)<\/td>\n<td width=\"239\">0,001lux<\/td>\n<\/tr>\n<tr>\n<td width=\"240\">Bildrate (fps)<\/td>\n<td width=\"239\">30fps<\/td>\n<\/tr>\n<tr>\n<td width=\"240\">Bildverarbeitungseinheit<\/td>\n<td width=\"239\">PARD VLEA<\/td>\n<\/tr>\n<tr>\n<td colspan=\"2\" width=\"479\">Optik<\/td>\n<\/tr>\n<tr>\n<td width=\"240\">Objektivlinse<\/td>\n<td width=\"239\">70mm F2,4<\/td>\n<\/tr>\n<tr>\n<td width=\"240\">Optische Vergr\u00f6\u00dferung (x)<\/td>\n<td width=\"239\">5,6x<\/td>\n<\/tr>\n<tr>\n<td width=\"240\">Digitaler Zoom (x)<\/td>\n<td width=\"239\">2x<\/td>\n<\/tr>\n<tr>\n<td width=\"240\">Kontinuierlicher digitaler Zoom<\/td>\n<td width=\"239\">5,6-11,2x<\/td>\n<\/tr>\n<tr>\n<td width=\"240\">PIP digitaler Zoom<\/td>\n<td width=\"239\">2x<\/td>\n<\/tr>\n<tr>\n<td rowspan=\"3\" width=\"240\">Sichtfeld (HxV)<\/td>\n<td width=\"239\">H: 3,4\u00ba<\/td>\n<\/tr>\n<tr>\n<td width=\"239\">V: 3,4\u00ba<\/td>\n<\/tr>\n<tr>\n<td width=\"239\">D: 4,8\u00ba<\/td>\n<\/tr>\n<tr>\n<td width=\"240\">Fokusbereich<\/td>\n<td width=\"239\">5m-\u221e<\/td>\n<\/tr>\n<tr>\n<td width=\"240\">Augenabstand (mm)<\/td>\n<td width=\"239\">100mm<\/td>\n<\/tr>\n<tr>\n<td width=\"240\">Austrittspupille (mm)<\/td>\n<td width=\"239\">10mm<\/td>\n<\/tr>\n<tr>\n<td width=\"240\">Dioptrienausgleich (\u00b0)<\/td>\n<td width=\"239\">TBD<\/td>\n<\/tr>\n<tr>\n<td colspan=\"2\" width=\"479\">IR-Illuminator<\/td>\n<\/tr>\n<tr>\n<td width=\"240\">IR-Typ<\/td>\n<td width=\"239\">VCSEL<\/td>\n<\/tr>\n<tr>\n<td width=\"240\">IR-Leistung<\/td>\n<td width=\"239\">5W<\/td>\n<\/tr>\n<tr>\n<td width=\"240\">IR-Beleuchtungsstufen<\/td>\n<td width=\"239\">3 Stufen<\/td>\n<\/tr>\n<tr>\n<td width=\"240\">IR-Reichweite (m)<\/td>\n<td width=\"239\">350m<\/td>\n<\/tr>\n<tr>\n<td width=\"240\">IR-Wellenl\u00e4nge (nm)<\/td>\n<td width=\"239\">940nm<\/td>\n<\/tr>\n<tr>\n<td colspan=\"2\" width=\"479\">Anzeige<\/td>\n<\/tr>\n<tr>\n<td width=\"240\">Typ<\/td>\n<td width=\"239\">IPS LCD<\/td>\n<\/tr>\n<tr>\n<td width=\"240\">Aufl\u00f6sung (px)<\/td>\n<td width=\"239\">800*800<\/td>\n<\/tr>\n<tr>\n<td width=\"240\">Absehen-Stile<\/td>\n<td width=\"239\">6<\/td>\n<\/tr>\n<tr>\n<td width=\"240\">Absehen-Farbe<\/td>\n<td width=\"239\">wei\u00df\/gelb\/gr\u00fcn<\/td>\n<\/tr>\n<tr>\n<td width=\"240\">Farbmodus<\/td>\n<td width=\"239\">Farbe\/Mono SW\/Mono Gr\u00fcn\/Mono Gelb<\/td>\n<\/tr>\n<tr>\n<td colspan=\"2\" width=\"479\">Foto \/ Video<\/td>\n<\/tr>\n<tr>\n<td width=\"240\">Fotoaufl\u00f6sung (px)<\/td>\n<td width=\"239\">2560*1440<\/td>\n<\/tr>\n<tr>\n<td width=\"240\">Fotoformat<\/td>\n<td width=\"239\">JPG<\/td>\n<\/tr>\n<tr>\n<td width=\"240\">Videoaufl\u00f6sung (px)<\/td>\n<td width=\"239\">1920*1080<\/td>\n<\/tr>\n<tr>\n<td width=\"240\">Videoformat<\/td>\n<td width=\"239\">MP4<\/td>\n<\/tr>\n<tr>\n<td width=\"240\">Speicher (GB)<\/td>\n<td width=\"239\">TF-Karte (128GB)<\/td>\n<\/tr>\n<tr>\n<td colspan=\"2\" width=\"479\">Hauptfunktionen<\/td>\n<\/tr>\n<tr>\n<td width=\"240\">PIP<\/td>\n<td width=\"239\">Ja<\/td>\n<\/tr>\n<tr>\n<td width=\"240\">LRF-Erkennungsreichweite (m)<\/td>\n<td width=\"239\">1000<\/td>\n<\/tr>\n<tr>\n<td width=\"240\">Ballistischer Rechner<\/td>\n<td width=\"239\">Ja<\/td>\n<\/tr>\n<tr>\n<td width=\"240\">Auswahl der Reichweiteneinheit<\/td>\n<td width=\"239\">Meter\/Yard<\/td>\n<\/tr>\n<tr>\n<td width=\"240\">Gyroskop<\/td>\n<td width=\"239\">Ja<\/td>\n<\/tr>\n<tr>\n<td width=\"240\">Selbstaktivierte Aufnahme<\/td>\n<td width=\"239\">Ja<\/td>\n<\/tr>\n<tr>\n<td width=\"240\">Automatische Aufzeichnung<\/td>\n<td width=\"239\">Ja<\/td>\n<\/tr>\n<tr>\n<td width=\"240\">Schleifenaufnahme<\/td>\n<td width=\"239\">Ja<\/td>\n<\/tr>\n<tr>\n<td width=\"240\">Zeitstempel<\/td>\n<td width=\"239\">Ja<\/td>\n<\/tr>\n<tr>\n<td width=\"240\">Audioaufnahme<\/td>\n<td width=\"239\">Ja<\/td>\n<\/tr>\n<tr>\n<td width=\"240\">Signalton<\/td>\n<td width=\"239\">Ja<\/td>\n<\/tr>\n<tr>\n<td width=\"240\">Belichtungskorrektur<\/td>\n<td width=\"239\">Ja<\/td>\n<\/tr>\n<tr>\n<td colspan=\"2\" width=\"479\">Schnittstellen<\/td>\n<\/tr>\n<tr>\n<td width=\"240\">USB Typ-C<\/td>\n<td width=\"239\">TYP C<\/td>\n<\/tr>\n<tr>\n<td width=\"240\">HDMI-Ausgang<\/td>\n<td width=\"239\">Ja<\/td>\n<\/tr>\n<tr>\n<td colspan=\"2\" width=\"479\">Anschl\u00fcsse<\/td>\n<\/tr>\n<tr>\n<td width=\"240\">WLAN<\/td>\n<td width=\"239\">Ja<\/td>\n<\/tr>\n<tr>\n<td width=\"240\">Unterst\u00fctzte Apps<\/td>\n<td width=\"239\">ppshow, roadcam<\/td>\n<\/tr>\n<tr>\n<td colspan=\"2\" width=\"479\">Externe Stromversorgung (V)<\/td>\n<\/tr>\n<tr>\n<td width=\"240\">Akkutyp<\/td>\n<td width=\"239\">Lithium-Ionen 18650<\/td>\n<\/tr>\n<tr>\n<td width=\"240\">Ausgangsspannung (V)<\/td>\n<td width=\"239\">3,7<\/td>\n<\/tr>\n<tr>\n<td width=\"240\">Betriebsdauer (h, max.)<\/td>\n<td width=\"239\">8<\/td>\n<\/tr>\n<tr>\n<td width=\"240\">Externe Stromversorgung (V)<\/td>\n<td width=\"239\">USB Typ-C<\/td>\n<\/tr>\n<tr>\n<td colspan=\"2\" width=\"479\">Umgebungseigenschaften<\/td>\n<\/tr>\n<tr>\n<td width=\"240\">Schutzart<\/td>\n<td width=\"239\">IP67<\/td>\n<\/tr>\n<tr>\n<td width=\"240\">Betriebstemperatur (\u00b0C)<\/td>\n<td width=\"239\">-20 \u2013 50<\/td>\n<\/tr>\n<tr>\n<td width=\"240\">R\u00fccksto\u00dfkraft (J)<\/td>\n<td width=\"239\">1000G<\/td>\n<\/tr>\n<tr>\n<td colspan=\"2\" width=\"479\">Material<\/td>\n<\/tr>\n<tr>\n<td width=\"240\">Geh\u00e4use<\/td>\n<td width=\"239\">Aluminiumlegierung<\/td>\n<\/tr>\n<tr>\n<td width=\"240\">Objektivlinse<\/td>\n<td width=\"239\">Glas<\/td>\n<\/tr>\n<tr>\n<td colspan=\"2\" width=\"479\">Abmessungen<\/td>\n<\/tr>\n<tr>\n<td width=\"240\">Produktabmessungen (L x B x H, mm)<\/td>\n<td width=\"239\">L350mm*B88mm*H95mm<\/td>\n<\/tr>\n<tr>\n<td width=\"240\">Nettogewicht\/St\u00fcck (mit\/ohne Akku, g)<\/td>\n<td width=\"239\">680g<\/td>\n<\/tr>\n<tr>\n<td width=\"240\">Abmessungen Innenverpackung (L x B x H, mm)<\/td>\n<td width=\"239\">396mm * 125mm * 110mm<\/td>\n<\/tr>\n<\/tbody>\n<\/table>\n","protected":false},"excerpt":{"rendered":"<p>Das Pard DS35-70R Nachtsichtzielfernrohr f\u00fchlt sich wie ein traditionelles Zielfernrohr an, ist jedoch weitaus vielseitiger! Tag oder Nacht, es spielt keine Rolle. Die Zielfernrohre der DS-Serie verf\u00fcgen \u00fcber ein kreisf\u00f6rmiges 800\u00d7800 LTPS-Digitaldisplay, das hochaufl\u00f6sende Bilder und reichen Kontrast liefert. Das extrem weite Sichtfeld bietet eine au\u00dfergew\u00f6hnliche Umgebungswahrnehmung. Der CMOS .001 Low-Lux-Bildsensor liefert detaillierte, hochaufl\u00f6sende Bilder [&#8230;]\n","protected":false},"featured_media":247070,"comment_status":"open","ping_status":"closed","template":"","meta":[],"product_brand":[],"product_cat":[1375],"product_tag":[],"class_list":{"0":"post-281633","1":"product","2":"type-product","3":"status-publish","4":"has-post-thumbnail","6":"product_cat-nachtsicht","8":"first","9":"instock","10":"taxable","11":"shipping-taxable","12":"purchasable","13":"product-type-variable"},"composite_virtual":false,"composite_layout":"","composite_add_to_cart_form_location":"","composite_editable_in_cart":false,"composite_sold_individually_context":"","composite_shop_price_calc":"","composite_components":[],"composite_scenarios":[],"group_of_quantity":0,"min_quantity":0,"max_quantity":"","exclude_order_quantity_value_rules":"no","exclude_category_quantity_rules":"no","combine_variations":"no","exclude_global_add_ons":[],"addons":[],"_links":{"self":[{"href":"https:\/\/www.huntersfriend.eu\/de\/wp-json\/wp\/v2\/product\/281633","targetHints":{"allow":["GET"]}}],"collection":[{"href":"https:\/\/www.huntersfriend.eu\/de\/wp-json\/wp\/v2\/product"}],"about":[{"href":"https:\/\/www.huntersfriend.eu\/de\/wp-json\/wp\/v2\/types\/product"}],"replies":[{"embeddable":true,"href":"https:\/\/www.huntersfriend.eu\/de\/wp-json\/wp\/v2\/comments?post=281633"}],"wp:featuredmedia":[{"embeddable":true,"href":"https:\/\/www.huntersfriend.eu\/de\/wp-json\/wp\/v2\/media\/247070"}],"wp:attachment":[{"href":"https:\/\/www.huntersfriend.eu\/de\/wp-json\/wp\/v2\/media?parent=281633"}],"wp:term":[{"taxonomy":"product_brand","embeddable":true,"href":"https:\/\/www.huntersfriend.eu\/de\/wp-json\/wp\/v2\/product_brand?post=281633"},{"taxonomy":"product_cat","embeddable":true,"href":"https:\/\/www.huntersfriend.eu\/de\/wp-json\/wp\/v2\/product_cat?post=281633"},{"taxonomy":"product_tag","embeddable":true,"href":"https:\/\/www.huntersfriend.eu\/de\/wp-json\/wp\/v2\/product_tag?post=281633"}],"curies":[{"name":"wp","href":"https:\/\/api.w.org\/{rel}","templated":true}]}}