{"id":281630,"date":"2023-03-16T13:38:19","date_gmt":"2025-06-23T10:13:17","guid":{"rendered":"https:\/\/www.huntersfriend.eu\/product\/spot-hogg-grinder-mrt-5-stift-019-micro-rh\/"},"modified":"2025-06-23T12:13:17","modified_gmt":"2025-06-23T10:13:17","slug":"spot-hogg-grinder-mrt-5-stift-019-micro-rh","status":"publish","type":"product","link":"https:\/\/www.huntersfriend.eu\/de\/produkt\/spot-hogg-grinder-mrt-5-stift-019-micro-rh\/","title":{"rendered":"Spot hogg grinder MRT \/ 5-Stift .019&#8243; MICRO RH"},"content":{"rendered":"<p>Von Grund auf solide konstruiert, wurde dieses Visier als ein &#8218;einstellen und vergessen&#8216;, schn\u00f6rkelloses Jagdvisier konzipiert. Wenn Sie nach einem kompakten, leicht einstellbaren Festpinvisier suchen, das selbst den anspruchsvollsten Jagden Tag f\u00fcr Tag, Jahr f\u00fcr Jahr standh\u00e4lt, sind Sie hier richtig. Der Grinder wurde mit dem hart arbeitenden, intensiv jagenden und h\u00fcgelbezwingenden J\u00e4ger im Sinn entwickelt.  <\/p>\n<div class=\"bg_title\">\n<h4 class=\"headInModule\">MERKMALE:<\/h4>\n<\/div>\n<div class=\"module_content\">\u2022 Erh\u00e4ltlich mit oder ohne Gruppen-Mikroverstellung<br \/>\n\u2022 Das leichteste Festpinvisier in unserem Sortiment<br \/>\n\u2022 Einfache, robuste Gruppenverstellungen<br \/>\n\u2022 Robustes, kompaktes Design<br \/>\n\u2022 Solide Konstruktion aus 6061 Aluminium<\/div>\n","protected":false},"excerpt":{"rendered":"<p>Von Grund auf solide konstruiert, wurde dieses Visier als ein &#8218;einstellen und vergessen&#8216;, schn\u00f6rkelloses Jagdvisier konzipiert. Wenn Sie nach einem kompakten, leicht einstellbaren Festpinvisier suchen, das selbst den anspruchsvollsten Jagden Tag f\u00fcr Tag, Jahr f\u00fcr Jahr standh\u00e4lt, sind Sie hier richtig. Der Grinder wurde mit dem hart arbeitenden, intensiv jagenden und h\u00fcgelbezwingenden J\u00e4ger im Sinn [&#8230;]\n","protected":false},"featured_media":244913,"comment_status":"open","ping_status":"closed","template":"","meta":[],"product_brand":[],"product_cat":[1119],"product_tag":[],"class_list":{"0":"post-281630","1":"product","2":"type-product","3":"status-publish","4":"has-post-thumbnail","6":"product_cat-jagd-visiere","8":"first","9":"instock","10":"taxable","11":"shipping-taxable","12":"purchasable","13":"product-type-simple"},"composite_virtual":false,"composite_layout":"","composite_add_to_cart_form_location":"","composite_editable_in_cart":false,"composite_sold_individually_context":"","composite_shop_price_calc":"","composite_components":[],"composite_scenarios":[],"group_of_quantity":0,"min_quantity":0,"max_quantity":"","exclude_order_quantity_value_rules":"no","exclude_category_quantity_rules":"no","combine_variations":"no","exclude_global_add_ons":[],"addons":[],"_links":{"self":[{"href":"https:\/\/www.huntersfriend.eu\/de\/wp-json\/wp\/v2\/product\/281630","targetHints":{"allow":["GET"]}}],"collection":[{"href":"https:\/\/www.huntersfriend.eu\/de\/wp-json\/wp\/v2\/product"}],"about":[{"href":"https:\/\/www.huntersfriend.eu\/de\/wp-json\/wp\/v2\/types\/product"}],"replies":[{"embeddable":true,"href":"https:\/\/www.huntersfriend.eu\/de\/wp-json\/wp\/v2\/comments?post=281630"}],"wp:featuredmedia":[{"embeddable":true,"href":"https:\/\/www.huntersfriend.eu\/de\/wp-json\/wp\/v2\/media\/244913"}],"wp:attachment":[{"href":"https:\/\/www.huntersfriend.eu\/de\/wp-json\/wp\/v2\/media?parent=281630"}],"wp:term":[{"taxonomy":"product_brand","embeddable":true,"href":"https:\/\/www.huntersfriend.eu\/de\/wp-json\/wp\/v2\/product_brand?post=281630"},{"taxonomy":"product_cat","embeddable":true,"href":"https:\/\/www.huntersfriend.eu\/de\/wp-json\/wp\/v2\/product_cat?post=281630"},{"taxonomy":"product_tag","embeddable":true,"href":"https:\/\/www.huntersfriend.eu\/de\/wp-json\/wp\/v2\/product_tag?post=281630"}],"curies":[{"name":"wp","href":"https:\/\/api.w.org\/{rel}","templated":true}]}}