{"id":281629,"date":"2023-04-18T11:43:48","date_gmt":"2023-04-18T09:43:48","guid":{"rendered":"https:\/\/www.huntersfriend.eu\/product\/alpz-outdoors-impulse-rucksack\/"},"modified":"2026-03-29T19:48:27","modified_gmt":"2026-03-29T17:48:27","slug":"alpz-outdoors-impulse-rucksack","status":"publish","type":"product","link":"https:\/\/www.huntersfriend.eu\/de\/produkt\/alpz-outdoors-impulse-rucksack\/","title":{"rendered":"Alpz Outdoors Impulse Rucksack"},"content":{"rendered":"<p>Farbe &#8211; Kojote Braun oder Realtree Tarnmuster<\/p>\n<p>Der Impulse ist ein innovativer, \u00e4u\u00dferst ger\u00e4uscharmer Jagdrucksack. Mit einer Fleece-Au\u00dfenseite und einem Wildleder-Innenfutter sorgt der Impulse daf\u00fcr, dass Ihre Bewegungen leise bleiben, wenn Sie nach Ihrem bevorzugten Hirschlocker greifen oder an einem k\u00fchlen Herbsttag eine zus\u00e4tzliche Schicht anlegen. Das Fleece-Futter besteht aus ALPSs neuem DEADQUIET\u00ae-Gewebe. Dieses Gewebe ist aus einem \u00e4u\u00dferen Fleece mit einer Polyester-R\u00fcckseite konstruiert und verf\u00fcgt \u00fcber eine Membran zwischen den beiden Stoffen, um Feuchtigkeit fernzuhalten. Der Impulse verf\u00fcgt \u00fcber ein rei\u00dfverschlussloses Hauptfach, das dem J\u00e4ger einen leisen und einfachen Zugriff auf Gegenst\u00e4nde erm\u00f6glicht. Eine Reihe von Magneten und ein Aluminiumhaken sichern den oberen Deckel bei Bedarf. Mit seiner flachen Unterseite, die es dem Rucksack erm\u00f6glicht, selbstst\u00e4ndig zu stehen, ist er perfekt f\u00fcr einen Bodensitz oder einen Hochsitz geeignet.      <\/p>\n<p>Zu den weiteren j\u00e4gerfreundlichen Merkmalen geh\u00f6ren mehrere innenliegende Netzf\u00e4cher zur Organisation der Ausr\u00fcstung, eine beidseitig nutzbare K\u00f6cherhalterung, zwei tiefe Seitentaschen, eine herunterklappbare Tasche zum Tragen von Gewehr oder Bogen, ein zweiteiliger verstellbarer H\u00fcftgurt mit Taschen und eine Hydrationstasche mit zwei seitlichen \u00d6ffnungen.<\/p>\n<p>\u2022 DEADQUIET\u00ae-Fleece-Au\u00dfenseite mit wasserdichter Membran f\u00fcr zus\u00e4tzlichen Wetterschutz<\/p>\n<p>\u2022 Das Innere ist mit einem Wildlederstoff ausgekleidet, um Bewegungen besonders leise zu halten, wenn man auf dem Stand nach Gegenst\u00e4nden greift<\/p>\n<p>\u2022 Rei\u00dfverschlussloses Deckeldesign erm\u00f6glicht dem Benutzer einen leisen und einfachen Zugang zum Hauptfach<\/p>\n<p>\u2022 Der Deckel des Hauptfachs verwendet eine Reihe von Magneten und einen Aluminiumhaken, um den Deckel bei Bedarf geschlossen und sicher zu halten<\/p>\n<p>\u2022 Mehrere innenliegende Netzf\u00e4cher zur Organisation der Ausr\u00fcstung<\/p>\n<p>\u2022 Die Struktur des Rucksacks erm\u00f6glicht es ihm, selbstst\u00e4ndig zu stehen, was ihn ideal f\u00fcr die Jagd aus einem Ansitz oder Hochsitz macht<\/p>\n<p>\u2022 Die K\u00f6cherhalterung verwendet ein einzigartiges Gummiband- und Kordelverschluss-Design an beiden Seiten des Rucksacks<\/p>\n<p>\u2022 Zwei Seiten- und eine Frontnetzfach f\u00fcr zus\u00e4tzliche Ausr\u00fcstung<\/p>\n<p>\u2022 Herunterklappbare Tasche zur sicheren Aufbewahrung von Gewehr oder Bogen<\/p>\n<p>\u2022 Der Regenschutz ist ordentlich in einer Rei\u00dfverschlusstasche an der Seite des Rucksacks verstaut, bis er ben\u00f6tigt wird<\/p>\n<p>\u2022 Zweiteiliger verstellbarer und abnehmbarer H\u00fcftgurt<\/p>\n<p>\u2022 Zwei schlanke, leicht zug\u00e4ngliche H\u00fcftgurttaschen<\/p>\n<p>\u2022 Hydratationskompatibel mit zwei Anschl\u00fcssen<\/p>\n<table border=\"3\">\n<tbody>\n<tr align=\"CENTER\">\n<td><b>Fassungsverm\u00f6gen<\/b><\/td>\n<td>30 L \/ 1850 in\u00b3<\/td>\n<\/tr>\n<tr align=\"CENTER\">\n<td><b>Hauptfach-Abmessungen<\/b><\/td>\n<td>58,4 cm H x 30,5 cm B x 21,6 cm T<\/td>\n<\/tr>\n<tr align=\"CENTER\">\n<td><b>H\u00fcftgurtl\u00e4nge<\/b><\/td>\n<td>86,4 \u201e- 152,4\u201c cm<\/td>\n<\/tr>\n<tr align=\"CENTER\">\n<td><b>Gewicht<\/b><\/td>\n<td>2,22 kg <\/td>\n<\/tr>\n<\/tbody>\n<\/table>\n","protected":false},"excerpt":{"rendered":"<p>Farbe &#8211; Kojote Braun oder Realtree Tarnmuster Der Impulse ist ein innovativer, \u00e4u\u00dferst ger\u00e4uscharmer Jagdrucksack. Mit einer Fleece-Au\u00dfenseite und einem Wildleder-Innenfutter sorgt der Impulse daf\u00fcr, dass Ihre Bewegungen leise bleiben, wenn Sie nach Ihrem bevorzugten Hirschlocker greifen oder an einem k\u00fchlen Herbsttag eine zus\u00e4tzliche Schicht anlegen. Das Fleece-Futter besteht aus ALPSs neuem DEADQUIET\u00ae-Gewebe. Dieses Gewebe [&#8230;]\n","protected":false},"featured_media":246258,"comment_status":"open","ping_status":"closed","template":"","meta":[],"product_brand":[],"product_cat":[2043,1407],"product_tag":[],"class_list":{"0":"post-281629","1":"product","2":"type-product","3":"status-publish","4":"has-post-thumbnail","6":"product_cat-rucksacke","7":"product_cat-jagdrucksacke","8":"product_shipping_class-medium-de","10":"first","11":"instock","12":"taxable","13":"shipping-taxable","14":"purchasable","15":"product-type-variable"},"composite_virtual":false,"composite_layout":"","composite_add_to_cart_form_location":"","composite_editable_in_cart":false,"composite_sold_individually_context":"","composite_shop_price_calc":"","composite_components":[],"composite_scenarios":[],"group_of_quantity":0,"min_quantity":0,"max_quantity":"","exclude_order_quantity_value_rules":"no","exclude_category_quantity_rules":"no","combine_variations":"no","exclude_global_add_ons":[],"addons":[],"_links":{"self":[{"href":"https:\/\/www.huntersfriend.eu\/de\/wp-json\/wp\/v2\/product\/281629","targetHints":{"allow":["GET"]}}],"collection":[{"href":"https:\/\/www.huntersfriend.eu\/de\/wp-json\/wp\/v2\/product"}],"about":[{"href":"https:\/\/www.huntersfriend.eu\/de\/wp-json\/wp\/v2\/types\/product"}],"replies":[{"embeddable":true,"href":"https:\/\/www.huntersfriend.eu\/de\/wp-json\/wp\/v2\/comments?post=281629"}],"wp:featuredmedia":[{"embeddable":true,"href":"https:\/\/www.huntersfriend.eu\/de\/wp-json\/wp\/v2\/media\/246258"}],"wp:attachment":[{"href":"https:\/\/www.huntersfriend.eu\/de\/wp-json\/wp\/v2\/media?parent=281629"}],"wp:term":[{"taxonomy":"product_brand","embeddable":true,"href":"https:\/\/www.huntersfriend.eu\/de\/wp-json\/wp\/v2\/product_brand?post=281629"},{"taxonomy":"product_cat","embeddable":true,"href":"https:\/\/www.huntersfriend.eu\/de\/wp-json\/wp\/v2\/product_cat?post=281629"},{"taxonomy":"product_tag","embeddable":true,"href":"https:\/\/www.huntersfriend.eu\/de\/wp-json\/wp\/v2\/product_tag?post=281629"}],"curies":[{"name":"wp","href":"https:\/\/api.w.org\/{rel}","templated":true}]}}