{"id":281628,"date":"2023-03-16T13:38:17","date_gmt":"2025-06-23T10:13:15","guid":{"rendered":"https:\/\/www.huntersfriend.eu\/product\/meat-seeker-cutlass-100gr-6er-pack\/"},"modified":"2026-01-07T08:00:55","modified_gmt":"2026-01-07T06:00:55","slug":"meat-seeker-cutlass-100gr-6er-pack","status":"publish","type":"product","link":"https:\/\/www.huntersfriend.eu\/de\/produkt\/meat-seeker-cutlass-100gr-6er-pack\/","title":{"rendered":"Meat seeker cutlass 100gr 6er-Pack"},"content":{"rendered":"<div>Der Meat Seeker Cutlass ist eine feststehende Klinge mit einer Jagdspitze f\u00fcr den direkten Kontakt. Mit einem Gewicht von 100 Grain und einer Schnittfl\u00e4che von 1 1\/8 Zoll ist diese Jagdspitze hervorragend f\u00fcr nahezu s\u00e4mtliches europ\u00e4isches Wild geeignet und \u00e4u\u00dferst wirtschaftlich f\u00fcr kleinere Tiere wie Marderhunde und F\u00fcchse. <\/div>\n<div><\/div>\n<div>Gewicht: 100 gr<\/div>\n<div>Schnittfl\u00e4che: 1 1\/8 Zoll<br \/>\nDirekt schneidend bei Kontakt<\/div>\n<div>Die Packung enth\u00e4lt 6 Spitzen!<\/div>\n","protected":false},"excerpt":{"rendered":"<p>6 Jagdspitzen pro Packung<\/p>\n","protected":false},"featured_media":248779,"comment_status":"open","ping_status":"closed","template":"","meta":[],"product_brand":[],"product_cat":[1079],"product_tag":[],"class_list":{"0":"post-281628","1":"product","2":"type-product","3":"status-publish","4":"has-post-thumbnail","6":"product_cat-jagd-spitzen","8":"first","9":"instock","10":"featured","11":"taxable","12":"shipping-taxable","13":"purchasable","14":"product-type-simple"},"composite_virtual":false,"composite_layout":"","composite_add_to_cart_form_location":"","composite_editable_in_cart":false,"composite_sold_individually_context":"","composite_shop_price_calc":"","composite_components":[],"composite_scenarios":[],"group_of_quantity":0,"min_quantity":0,"max_quantity":"","exclude_order_quantity_value_rules":"no","exclude_category_quantity_rules":"no","combine_variations":"no","exclude_global_add_ons":[],"addons":[],"_links":{"self":[{"href":"https:\/\/www.huntersfriend.eu\/de\/wp-json\/wp\/v2\/product\/281628","targetHints":{"allow":["GET"]}}],"collection":[{"href":"https:\/\/www.huntersfriend.eu\/de\/wp-json\/wp\/v2\/product"}],"about":[{"href":"https:\/\/www.huntersfriend.eu\/de\/wp-json\/wp\/v2\/types\/product"}],"replies":[{"embeddable":true,"href":"https:\/\/www.huntersfriend.eu\/de\/wp-json\/wp\/v2\/comments?post=281628"}],"wp:featuredmedia":[{"embeddable":true,"href":"https:\/\/www.huntersfriend.eu\/de\/wp-json\/wp\/v2\/media\/248779"}],"wp:attachment":[{"href":"https:\/\/www.huntersfriend.eu\/de\/wp-json\/wp\/v2\/media?parent=281628"}],"wp:term":[{"taxonomy":"product_brand","embeddable":true,"href":"https:\/\/www.huntersfriend.eu\/de\/wp-json\/wp\/v2\/product_brand?post=281628"},{"taxonomy":"product_cat","embeddable":true,"href":"https:\/\/www.huntersfriend.eu\/de\/wp-json\/wp\/v2\/product_cat?post=281628"},{"taxonomy":"product_tag","embeddable":true,"href":"https:\/\/www.huntersfriend.eu\/de\/wp-json\/wp\/v2\/product_tag?post=281628"}],"curies":[{"name":"wp","href":"https:\/\/api.w.org\/{rel}","templated":true}]}}