{"id":281627,"date":"2023-03-16T13:40:40","date_gmt":"2023-03-16T11:40:40","guid":{"rendered":"https:\/\/www.huntersfriend.eu\/product\/hawk-cinch-wildbergeschleppvorrichtung\/"},"modified":"2025-11-12T13:21:22","modified_gmt":"2025-11-12T11:21:22","slug":"hawk-cinch-wildbergeschleppvorrichtung","status":"publish","type":"product","link":"https:\/\/www.huntersfriend.eu\/de\/produkt\/hawk-cinch-wildbergeschleppvorrichtung\/","title":{"rendered":"Hawk CINCH Wildbergeschleppvorrichtung"},"content":{"rendered":"<p>Wild verendet h\u00e4ufig an schwer zug\u00e4nglichen Stellen, die in der Regel nicht mit Gel\u00e4ndefahrzeugen oder Kraftfahrzeugen erreichbar sind. Herk\u00f6mmliche Schleppverfahren k\u00f6nnen die Handhabung des erlegten Wildes erschweren und zu erheblichen Anstrengungen f\u00fchren, wenn man gegen Unterholz und umgest\u00fcrzte B\u00e4ume ank\u00e4mpfen muss. Die CINCH\u2122 Wildbergeschleppvorrichtung ist schnell, einfach und reduziert effektiv einen Gro\u00dfteil der Bodenreibung. Die CINCH\u2122 Wildbergeschleppvorrichtung verringert das Zuggewicht um bis zu 40%, indem sie den Kopf-, Hals- und Schulterbereich eines Wildtieres vom Boden abhebt, wenn man einfach mit ausgestreckten Armen hinter sich zieht. Verstauen Sie die CINCH\u2122 bequem in Ihrem Rucksack und erfreuen Sie sich an Ihrer n\u00e4chsten Bergung!    <\/p>\n<p><strong>&#8211; 40% REDUZIERTER ZUGWIDERSTAND <\/strong>hebt Kopf &amp; Hals vom Boden ab<\/p>\n<p><strong>&#8211; CINCH-KABEL befestigt sich <\/strong>schnell am Wild und reduziert die Bodenreibung<\/p>\n<p><strong>&#8211; EINFACHES ZIEHEN <\/strong>konturierter Griff ist ergonomisch f\u00fcr Ein- oder Zwei-Personen-Ziehen<\/p>\n<p><strong>&#8211; LEICHT ZU VERSTAUEN <\/strong>kompakte 24,13 cm und extrem leicht<\/p>\n<ul>\n<li>Funktioniert bei m\u00e4nnlichem &amp; weiblichem Wild<\/li>\n<li>Ziehen mit ATV oder Fahrzeug durch Platzieren des Griffs \u00fcber der Anh\u00e4ngerkupplung<\/li>\n<\/ul>\n","protected":false},"excerpt":{"rendered":"<p>Wild verendet h\u00e4ufig an schwer zug\u00e4nglichen Stellen, die in der Regel nicht mit Gel\u00e4ndefahrzeugen oder Kraftfahrzeugen erreichbar sind. Herk\u00f6mmliche Schleppverfahren k\u00f6nnen die Handhabung des erlegten Wildes erschweren und zu erheblichen Anstrengungen f\u00fchren, wenn man gegen Unterholz und umgest\u00fcrzte B\u00e4ume ank\u00e4mpfen muss. Die CINCH\u2122 Wildbergeschleppvorrichtung ist schnell, einfach und reduziert effektiv einen Gro\u00dfteil der Bodenreibung. Die [&#8230;]\n","protected":false},"featured_media":245717,"comment_status":"open","ping_status":"closed","template":"","meta":[],"product_brand":[],"product_cat":[1405,1404,1222],"product_tag":[],"class_list":{"0":"post-281627","1":"product","2":"type-product","3":"status-publish","4":"has-post-thumbnail","6":"product_cat-wildtrager-taschen-und-hebevorrichtungen","7":"product_cat-jagdzubehor","8":"product_cat-sonderangebote","10":"first","11":"instock","12":"sale","13":"taxable","14":"shipping-taxable","15":"purchasable","16":"product-type-simple"},"composite_virtual":false,"composite_layout":"","composite_add_to_cart_form_location":"","composite_editable_in_cart":false,"composite_sold_individually_context":"","composite_shop_price_calc":"","composite_components":[],"composite_scenarios":[],"group_of_quantity":0,"min_quantity":0,"max_quantity":"","exclude_order_quantity_value_rules":"no","exclude_category_quantity_rules":"no","combine_variations":"no","exclude_global_add_ons":[],"addons":[],"_links":{"self":[{"href":"https:\/\/www.huntersfriend.eu\/de\/wp-json\/wp\/v2\/product\/281627","targetHints":{"allow":["GET"]}}],"collection":[{"href":"https:\/\/www.huntersfriend.eu\/de\/wp-json\/wp\/v2\/product"}],"about":[{"href":"https:\/\/www.huntersfriend.eu\/de\/wp-json\/wp\/v2\/types\/product"}],"replies":[{"embeddable":true,"href":"https:\/\/www.huntersfriend.eu\/de\/wp-json\/wp\/v2\/comments?post=281627"}],"wp:featuredmedia":[{"embeddable":true,"href":"https:\/\/www.huntersfriend.eu\/de\/wp-json\/wp\/v2\/media\/245717"}],"wp:attachment":[{"href":"https:\/\/www.huntersfriend.eu\/de\/wp-json\/wp\/v2\/media?parent=281627"}],"wp:term":[{"taxonomy":"product_brand","embeddable":true,"href":"https:\/\/www.huntersfriend.eu\/de\/wp-json\/wp\/v2\/product_brand?post=281627"},{"taxonomy":"product_cat","embeddable":true,"href":"https:\/\/www.huntersfriend.eu\/de\/wp-json\/wp\/v2\/product_cat?post=281627"},{"taxonomy":"product_tag","embeddable":true,"href":"https:\/\/www.huntersfriend.eu\/de\/wp-json\/wp\/v2\/product_tag?post=281627"}],"curies":[{"name":"wp","href":"https:\/\/api.w.org\/{rel}","templated":true}]}}