{"id":281625,"date":"2023-03-16T13:38:16","date_gmt":"2023-03-16T11:38:16","guid":{"rendered":"https:\/\/www.huntersfriend.eu\/product\/meat-seeker-judo-spitze-100g\/"},"modified":"2025-08-27T06:21:22","modified_gmt":"2025-08-27T04:21:22","slug":"meat-seeker-judo-spitze-100g","status":"publish","type":"product","link":"https:\/\/www.huntersfriend.eu\/de\/produkt\/meat-seeker-judo-spitze-100g\/","title":{"rendered":"Meat Seeker Judo-Spitze 100g"},"content":{"rendered":"<div>Die Meat Seeker Judo-Spitze ist eine Jagdspitze, die f\u00fcr die Jagd auf Kleinwild und das Stumpfschie\u00dfen konzipiert wurde. Sie eignet sich hervorragend f\u00fcr die Erlegung von beispielsweise kleinen V\u00f6geln und Kleinstsch\u00e4dlingen, wobei der Pfeil nicht im Gras verloren geht. <\/div>\n<div><\/div>\n<div>Gewicht: 100 gr<\/div>\n<div>Die Packung enth\u00e4lt 6 Spitzen<\/div>\n","protected":false},"excerpt":{"rendered":"<p>Die Meat Seeker Judo-Spitze ist eine Jagdspitze, die f\u00fcr die Jagd auf Kleinwild und das Stumpfschie\u00dfen konzipiert wurde. Sie eignet sich hervorragend f\u00fcr die Erlegung von beispielsweise kleinen V\u00f6geln und Kleinstsch\u00e4dlingen, wobei der Pfeil nicht im Gras verloren geht. Gewicht: 100 gr Die Packung enth\u00e4lt 6 Spitzen<\/p>\n","protected":false},"featured_media":248787,"comment_status":"open","ping_status":"closed","template":"","meta":[],"product_brand":[],"product_cat":[1080,1222],"product_tag":[],"class_list":{"0":"post-281625","1":"product","2":"type-product","3":"status-publish","4":"has-post-thumbnail","6":"product_cat-klein-wild-jagd","7":"product_cat-sonderangebote","9":"first","10":"instock","11":"sale","12":"taxable","13":"shipping-taxable","14":"purchasable","15":"product-type-simple"},"composite_virtual":false,"composite_layout":"","composite_add_to_cart_form_location":"","composite_editable_in_cart":false,"composite_sold_individually_context":"","composite_shop_price_calc":"","composite_components":[],"composite_scenarios":[],"group_of_quantity":0,"min_quantity":0,"max_quantity":"","exclude_order_quantity_value_rules":"no","exclude_category_quantity_rules":"no","combine_variations":"no","exclude_global_add_ons":[],"addons":[],"_links":{"self":[{"href":"https:\/\/www.huntersfriend.eu\/de\/wp-json\/wp\/v2\/product\/281625","targetHints":{"allow":["GET"]}}],"collection":[{"href":"https:\/\/www.huntersfriend.eu\/de\/wp-json\/wp\/v2\/product"}],"about":[{"href":"https:\/\/www.huntersfriend.eu\/de\/wp-json\/wp\/v2\/types\/product"}],"replies":[{"embeddable":true,"href":"https:\/\/www.huntersfriend.eu\/de\/wp-json\/wp\/v2\/comments?post=281625"}],"wp:featuredmedia":[{"embeddable":true,"href":"https:\/\/www.huntersfriend.eu\/de\/wp-json\/wp\/v2\/media\/248787"}],"wp:attachment":[{"href":"https:\/\/www.huntersfriend.eu\/de\/wp-json\/wp\/v2\/media?parent=281625"}],"wp:term":[{"taxonomy":"product_brand","embeddable":true,"href":"https:\/\/www.huntersfriend.eu\/de\/wp-json\/wp\/v2\/product_brand?post=281625"},{"taxonomy":"product_cat","embeddable":true,"href":"https:\/\/www.huntersfriend.eu\/de\/wp-json\/wp\/v2\/product_cat?post=281625"},{"taxonomy":"product_tag","embeddable":true,"href":"https:\/\/www.huntersfriend.eu\/de\/wp-json\/wp\/v2\/product_tag?post=281625"}],"curies":[{"name":"wp","href":"https:\/\/api.w.org\/{rel}","templated":true}]}}