{"id":281624,"date":"2023-03-16T13:39:39","date_gmt":"2025-06-23T10:13:13","guid":{"rendered":"https:\/\/www.huntersfriend.eu\/product\/mathews-phase-4-33-custom-bogen\/"},"modified":"2025-06-23T12:13:13","modified_gmt":"2025-06-23T10:13:13","slug":"mathews-phase-4-33-custom-bogen","status":"publish","type":"product","link":"https:\/\/www.huntersfriend.eu\/de\/produkt\/mathews-phase-4-33-custom-bogen\/","title":{"rendered":"Mathews Phase 4 33 Custom-Bogen"},"content":{"rendered":"<p><span data-text-color=\"alert\"><strong>Bitte \u00fcberpr\u00fcfen Sie unsere Mathews Phase 4 33 Lagerbestand-Seite, um zu sehen, ob wir den Bogen vorr\u00e4tig haben, bevor Sie hier bestellen. Die Lieferzeiten betragen etwa 1-2 Wochen f\u00fcr B\u00f6gen aus dem Mathews Europe-Lager und 8-10 Wochen f\u00fcr Sonderbestellungen von Mathews USA. Bitte kontaktieren Sie uns direkt f\u00fcr genauere Informationen zur Verf\u00fcgbarkeit.  <\/strong><\/span><\/p>\n<p>Der Phase 4 2023 ist unser bisher effizientestes Jagdsystem. In diesem Jahr haben wir uns selbst herausgefordert, an der Grenze dessen zu innovieren, was die Physik in einem Jagdbogen erlaubt. Durch die D\u00e4mpfung der Vibration direkt in den Wurfarmen k\u00f6nnen wir die nachgelagerte verschwendete Energie, die w\u00e4hrend und nach dem Schuss in der Hand zu sp\u00fcren ist, drastisch reduzieren. In Kombination mit unseren neuen Bridge-Lock Stabilisatoren, die verbesserte Balancepunkte, erh\u00f6hte harmonische Abstimmbarkeit und eine robustere Verbindung zu Ihrem Bogen bieten, ist der Phase4 das fortschrittlichste und anpassungsf\u00e4higste Jagdsystem, das wir je entwickelt haben.   <\/p>\n<div class=\"swiper-slide swiper-slide-duplicate swiper-slide-duplicate-active swiper-slide-prev\" data-swiper-slide-index=\"0\">\n<div class=\"specs\">\n<div class=\"spec\"><span class=\"label\">BOGENH\u00d6HE <\/span><span class=\"value\">6,5&#8243;<\/span><\/div>\n<div class=\"spec\"><span class=\"label\">IBO-BEWERTUNG<\/span><span class=\"value\">BIS ZU 336 FPS<\/span><\/div>\n<div class=\"spec\"><span class=\"label\">ACHSE-ZU-ACHSE 33<\/span><span class=\"value\">&#8222;<\/span><\/div>\n<div class=\"spec\"><span class=\"label\">ZUGGEWICHT <\/span><span class=\"value\">60, 65, 70 &amp; 75<\/span><\/div>\n<div class=\"spec\"><span class=\"label\">ZUGL\u00c4NGEN <\/span><span class=\"value\">27 \u201e- 31,5\u201c<\/span><\/div>\n<div class=\"spec\"><span class=\"label\">ABZUGSERLEICHTERUNG <\/span><span class=\"value\">80 ODER 85%<\/span><\/div>\n<div class=\"spec\"><span class=\"label\">PHYSISCHES GEWICHT <\/span><span class=\"value\">4,68 LBS<\/span><\/div>\n<div class=\"spec\"><span class=\"label\">NOCKE<\/span><span class=\"value\">CROSSCENTRIC MIT SWITCHWEIGHT-TECHNOLOGIE<\/span><\/div>\n<\/div>\n<div>\n<h2 class=\"headline medium ls-small line-before\">RESISTANCE PHASE DAMPING<sup>\u2122<\/sup><\/h2>\n<div class=\"copy\">\n<p>RPD stoppt die Vibration an der Quelle \u2013 was zu unserem bisher am geschmeidigsten schie\u00dfenden Bogensystem f\u00fchrt. Diese erste Innovation ihrer Art bek\u00e4mpft \u00fcbersch\u00fcssige Energie direkt in den Wurfarmen \u2013 und d\u00e4mpft und beruhigt die Vibration nach dem Schuss signifikant. <\/p>\n<h2 class=\"headline medium ls-small line-before\">NEUER BRIDGE-LOCK<sup>\u2122<\/sup>STABILISATOR<\/h2>\n<div class=\"copy\">\n<p>Unter Verwendung unserer exklusiven Bridge-Lock\u2122-Technologie integrieren sich diese neuen Stabilisatoren direkt in den Griff und schaffen eine starrere Verbindung und einen besseren Balancepunkt. Mit unserer zum Patent angemeldeten Interlink\u2122-Gewichtstechnologie und einem Schnellverschlussknopf, der eine Einstellbarkeit in 1\/2&#8243;-Schritten erm\u00f6glicht, bieten die Bridge-Lock\u2122-Stabilisatoren ein neues Niveau der harmonischen Abstimmung und Anpassung in einer einzigen Stange. <\/p>\n<h2 class=\"headline medium ls-small line-before\">STAY AFIELD SYSTEM (S.A.S.)<sup>\u2122<\/sup><\/h2>\n<div class=\"copy\">\n<p>Mit weniger als 1\/2 Unze erm\u00f6glichen unser minimalistisches, leuchtend orangefarbenes Wartungskabel und unsere speziell modifizierten Nocken J\u00e4gern im Gel\u00e4nde, ihre Sehnen und Kabel sicher zu entfernen oder zu reparieren, ohne eine Bogenpresse zu verwenden. Dieses ultraleichte und kompakte System ist das ultimative Notfall-Bogenset, um Sie im Jagdgeschehen zu halten. <\/p>\n<\/div>\n<\/div>\n<\/div>\n<\/div>\n<\/div>\n<div class=\"swiper-slide swiper-slide-active swiper-slide-duplicate-next swiper-slide-duplicate-prev\" data-swiper-slide-index=\"0\">\n<div class=\"specs\">\n<div class=\"spec\"><\/div>\n<\/div>\n<\/div>\n","protected":false},"excerpt":{"rendered":"<p>Bitte \u00fcberpr\u00fcfen Sie unsere Mathews Phase 4 33 Lagerbestand-Seite, um zu sehen, ob wir den Bogen vorr\u00e4tig haben, bevor Sie hier bestellen. Die Lieferzeiten betragen etwa 1-2 Wochen f\u00fcr B\u00f6gen aus dem Mathews Europe-Lager und 8-10 Wochen f\u00fcr Sonderbestellungen von Mathews USA. Bitte kontaktieren Sie uns direkt f\u00fcr genauere Informationen zur Verf\u00fcgbarkeit. Der Phase 4 [&#8230;]\n","protected":false},"featured_media":263994,"comment_status":"open","ping_status":"closed","template":"","meta":[],"product_brand":[],"product_cat":[1145],"product_tag":[],"class_list":{"0":"post-281624","1":"product","2":"type-product","3":"status-publish","4":"has-post-thumbnail","6":"product_cat-sonstiges","7":"product_shipping_class-big-de","9":"first","10":"outofstock","11":"taxable","12":"shipping-taxable","13":"purchasable","14":"product-type-simple"},"composite_virtual":false,"composite_layout":"","composite_add_to_cart_form_location":"","composite_editable_in_cart":false,"composite_sold_individually_context":"","composite_shop_price_calc":"","composite_components":[],"composite_scenarios":[],"group_of_quantity":0,"min_quantity":0,"max_quantity":"","exclude_order_quantity_value_rules":"no","exclude_category_quantity_rules":"no","combine_variations":"no","exclude_global_add_ons":false,"addons":[{"name":"Bogenhand","type":"multiple_choice","position":0,"required":true,"title_format":"label","default":"","description_enable":false,"description":null,"placeholder_enable":false,"placeholder":null,"display":"select","restrictions_type":"any_text","adjust_price":false,"price":"","price_type":"flat_fee","restrictions":false,"min":"0","max":"0","options":[{"label":"Rechte Hand","price":"","price_type":"flat_fee","image":0,"visibility":true},{"label":"Linke Hand","price":"","price_type":"flat_fee","image":0,"visibility":true}]},{"name":"Zuggewicht","type":"multiple_choice","position":1,"required":true,"title_format":"label","default":"","description_enable":false,"description":null,"placeholder_enable":false,"placeholder":null,"display":"select","restrictions_type":"any_text","adjust_price":false,"price":"","price_type":"flat_fee","restrictions":false,"min":"0","max":"0","options":[{"label":"50-60#","price":"","price_type":"flat_fee","image":0,"visibility":true},{"label":"55-65#","price":"","price_type":"flat_fee","image":0,"visibility":true},{"label":"60-70#","price":"","price_type":"flat_fee","image":0,"visibility":true},{"label":"65-75#","price":"","price_type":"flat_fee","image":0,"visibility":true}]},{"name":"Auszugsl\u00e4nge","type":"multiple_choice","position":2,"required":true,"title_format":"label","default":"","description_enable":false,"description":null,"placeholder_enable":false,"placeholder":null,"display":"select","restrictions_type":"any_text","adjust_price":false,"price":"","price_type":"flat_fee","restrictions":false,"min":"0","max":"0","options":[{"label":"","price":"","price_type":"flat_fee","image":0,"visibility":true},{"label":"27,5","price":"","price_type":"flat_fee","image":0,"visibility":true},{"label":"","price":"","price_type":"flat_fee","image":0,"visibility":true},{"label":"28,5","price":"","price_type":"flat_fee","image":0,"visibility":true},{"label":"","price":"","price_type":"flat_fee","image":0,"visibility":true},{"label":"29,5","price":"","price_type":"flat_fee","image":0,"visibility":true},{"label":"","price":"","price_type":"flat_fee","image":0,"visibility":true},{"label":"","price":"","price_type":"flat_fee","image":0,"visibility":true},{"label":"","price":"","price_type":"flat_fee","image":0,"visibility":true},{"label":"","price":"","price_type":"flat_fee","image":0,"visibility":true}]},{"name":"Farbe","type":"multiple_choice","position":3,"required":true,"title_format":"label","default":"","description_enable":false,"description":null,"placeholder_enable":false,"placeholder":null,"display":"select","restrictions_type":"any_text","adjust_price":false,"price":"","price_type":"flat_fee","restrictions":false,"min":"0","max":"0","options":[{"label":"Schwarz","price":"","price_type":"flat_fee","image":0,"visibility":true},{"label":"Realtree Edge","price":"","price_type":"flat_fee","image":0,"visibility":true},{"label":"Granit","price":"","price_type":"flat_fee","image":0,"visibility":true},{"label":"Tarngr\u00fcn","price":"","price_type":"flat_fee","image":0,"visibility":true},{"label":"Optifade Subalpine","price":"","price_type":"flat_fee","image":0,"visibility":true},{"label":"Optifade Elevated II","price":"","price_type":"flat_fee","image":0,"visibility":true},{"label":"First Lite Specter","price":"","price_type":"flat_fee","image":0,"visibility":true},{"label":"Under Armour All Season","price":"","price_type":"flat_fee","image":0,"visibility":true}]}],"_links":{"self":[{"href":"https:\/\/www.huntersfriend.eu\/de\/wp-json\/wp\/v2\/product\/281624","targetHints":{"allow":["GET"]}}],"collection":[{"href":"https:\/\/www.huntersfriend.eu\/de\/wp-json\/wp\/v2\/product"}],"about":[{"href":"https:\/\/www.huntersfriend.eu\/de\/wp-json\/wp\/v2\/types\/product"}],"replies":[{"embeddable":true,"href":"https:\/\/www.huntersfriend.eu\/de\/wp-json\/wp\/v2\/comments?post=281624"}],"wp:featuredmedia":[{"embeddable":true,"href":"https:\/\/www.huntersfriend.eu\/de\/wp-json\/wp\/v2\/media\/263994"}],"wp:attachment":[{"href":"https:\/\/www.huntersfriend.eu\/de\/wp-json\/wp\/v2\/media?parent=281624"}],"wp:term":[{"taxonomy":"product_brand","embeddable":true,"href":"https:\/\/www.huntersfriend.eu\/de\/wp-json\/wp\/v2\/product_brand?post=281624"},{"taxonomy":"product_cat","embeddable":true,"href":"https:\/\/www.huntersfriend.eu\/de\/wp-json\/wp\/v2\/product_cat?post=281624"},{"taxonomy":"product_tag","embeddable":true,"href":"https:\/\/www.huntersfriend.eu\/de\/wp-json\/wp\/v2\/product_tag?post=281624"}],"curies":[{"name":"wp","href":"https:\/\/api.w.org\/{rel}","templated":true}]}}