{"id":281623,"date":"2023-03-16T13:38:15","date_gmt":"2023-03-16T11:38:15","guid":{"rendered":"https:\/\/www.huntersfriend.eu\/product\/schwarzer-adler-einsaetze-aus-messing-42-grain\/"},"modified":"2025-12-15T08:39:42","modified_gmt":"2025-12-15T06:39:42","slug":"schwarzer-adler-einsaetze-aus-messing-42-grain","status":"publish","type":"product","link":"https:\/\/www.huntersfriend.eu\/de\/produkt\/schwarzer-adler-einsaetze-aus-messing-42-grain\/","title":{"rendered":"Schwarzer-Adler-Eins\u00e4tze aus Messing, 42 Grain"},"content":{"rendered":"<div id=\"featurebullets_feature_div\" class=\"celwidget\" data-feature-name=\"featurebullets\" data-csa-c-type=\"widget\" data-csa-c-content-id=\"featurebullets\" data-csa-c-slot-id=\"featurebullets_feature_div\" data-csa-c-asin=\"B01CYXB5BI\" data-csa-c-is-in-initial-active-row=\"false\" data-csa-c-id=\"23uw1s-428nv8-7n8zq4-j9nan6\" data-cel-widget=\"featurebullets_feature_div\">\n<div id=\"feature-bullets\" class=\"a-section a-spacing-medium a-spacing-top-small\">\n<ul class=\"a-unordered-list a-vertical a-spacing-mini\">\n<li><span class=\"a-list-item\">Konzipiert f\u00fcr Carnivore, Zombie Slayer, Outlaw, Vintage-Einsatzgewichte und einschraubbare Feldspitzen<\/span><\/li>\n<li><span class=\"a-list-item\">Vollmessingeinsatz &#8211; 42 Grain<\/span><\/li>\n<li><span class=\"a-list-item\">Kompatibel mit Carnivore-, Outlaw-, Zombie Slayer- und Vintage-Sch\u00e4ften<\/span><\/li>\n<li><span class=\"a-list-item\">Enth\u00e4lt 12 Messingeins\u00e4tze<\/span><\/li>\n<\/ul>\n<\/div>\n<\/div>\n<div id=\"provenanceCertifications_feature_div\" class=\"celwidget\" data-feature-name=\"provenanceCertifications\" data-csa-c-type=\"widget\" data-csa-c-content-id=\"provenanceCertifications\" data-csa-c-slot-id=\"provenanceCertifications_feature_div\" data-csa-c-asin=\"B01CYXB5BI\" data-csa-c-is-in-initial-active-row=\"false\" data-csa-c-id=\"kfj0ha-g9ymxg-3takua-k4xc02\" data-cel-widget=\"provenanceCertifications_feature_div\"><\/div>\n<div id=\"serviceCapabilities_feature_div\" class=\"celwidget\" data-feature-name=\"serviceCapabilities\" data-csa-c-type=\"widget\" data-csa-c-content-id=\"serviceCapabilities\" data-csa-c-slot-id=\"serviceCapabilities_feature_div\" data-csa-c-asin=\"B01CYXB5BI\" data-csa-c-is-in-initial-active-row=\"false\" data-csa-c-id=\"ke7m5k-j08nt8-dq5xfe-ea8d5a\" data-cel-widget=\"serviceCapabilities_feature_div\"><\/div>\n","protected":false},"excerpt":{"rendered":"<p>Konzipiert f\u00fcr Carnivore, Zombie Slayer, Outlaw, Vintage-Einsatzgewichte und einschraubbare Feldspitzen Vollmessingeinsatz &#8211; 42 Grain Kompatibel mit Carnivore-, Outlaw-, Zombie Slayer- und Vintage-Sch\u00e4ften Enth\u00e4lt 12 Messingeins\u00e4tze<\/p>\n","protected":false},"featured_media":244922,"comment_status":"open","ping_status":"closed","template":"","meta":[],"product_brand":[],"product_cat":[1098],"product_tag":[],"class_list":{"0":"post-281623","1":"product","2":"type-product","3":"status-publish","4":"has-post-thumbnail","6":"product_cat-nocken-und-inserts","8":"first","9":"instock","10":"taxable","11":"shipping-taxable","12":"purchasable","13":"product-type-simple"},"composite_virtual":false,"composite_layout":"","composite_add_to_cart_form_location":"","composite_editable_in_cart":false,"composite_sold_individually_context":"","composite_shop_price_calc":"","composite_components":[],"composite_scenarios":[],"group_of_quantity":0,"min_quantity":0,"max_quantity":"","exclude_order_quantity_value_rules":"no","exclude_category_quantity_rules":"no","combine_variations":"no","exclude_global_add_ons":[],"addons":[],"_links":{"self":[{"href":"https:\/\/www.huntersfriend.eu\/de\/wp-json\/wp\/v2\/product\/281623","targetHints":{"allow":["GET"]}}],"collection":[{"href":"https:\/\/www.huntersfriend.eu\/de\/wp-json\/wp\/v2\/product"}],"about":[{"href":"https:\/\/www.huntersfriend.eu\/de\/wp-json\/wp\/v2\/types\/product"}],"replies":[{"embeddable":true,"href":"https:\/\/www.huntersfriend.eu\/de\/wp-json\/wp\/v2\/comments?post=281623"}],"wp:featuredmedia":[{"embeddable":true,"href":"https:\/\/www.huntersfriend.eu\/de\/wp-json\/wp\/v2\/media\/244922"}],"wp:attachment":[{"href":"https:\/\/www.huntersfriend.eu\/de\/wp-json\/wp\/v2\/media?parent=281623"}],"wp:term":[{"taxonomy":"product_brand","embeddable":true,"href":"https:\/\/www.huntersfriend.eu\/de\/wp-json\/wp\/v2\/product_brand?post=281623"},{"taxonomy":"product_cat","embeddable":true,"href":"https:\/\/www.huntersfriend.eu\/de\/wp-json\/wp\/v2\/product_cat?post=281623"},{"taxonomy":"product_tag","embeddable":true,"href":"https:\/\/www.huntersfriend.eu\/de\/wp-json\/wp\/v2\/product_tag?post=281623"}],"curies":[{"name":"wp","href":"https:\/\/api.w.org\/{rel}","templated":true}]}}