{"id":281622,"date":"2023-03-16T13:38:11","date_gmt":"2025-06-23T10:13:11","guid":{"rendered":"https:\/\/www.huntersfriend.eu\/product\/qad-pfeilauflageschutz-von-total-peep\/"},"modified":"2025-06-23T12:13:11","modified_gmt":"2025-06-23T10:13:11","slug":"qad-pfeilauflageschutz-von-total-peep","status":"publish","type":"product","link":"https:\/\/www.huntersfriend.eu\/de\/produkt\/qad-pfeilauflageschutz-von-total-peep\/","title":{"rendered":"QAD-Pfeilauflageschutz von Total Peep"},"content":{"rendered":"<p>Machen Sie Ihre QAD Drop Away Auflage (HDX, Pro LD; Hunter Ultra Rest) noch ger\u00e4usch\u00e4rmer!<\/p>\n<p>Auflagenschutz f\u00fcr QAD-PFEILAUFLAGE-Modelle, konzipiert zur Vermeidung von Ger\u00e4uschen zwischen der Auflage und dem Pfeil.<\/p>\n<p>&nbsp;<\/p>\n<p>Eine integrierte Version ist verf\u00fcgbar. Bitte kontaktieren Sie uns direkt. <\/p>\n","protected":false},"excerpt":{"rendered":"<p>Machen Sie Ihre QAD Drop Away Auflage (HDX, Pro LD; Hunter Ultra Rest) noch ger\u00e4usch\u00e4rmer! Auflagenschutz f\u00fcr QAD-PFEILAUFLAGE-Modelle, konzipiert zur Vermeidung von Ger\u00e4uschen zwischen der Auflage und dem Pfeil. &nbsp; Eine integrierte Version ist verf\u00fcgbar. Bitte kontaktieren Sie uns direkt.<\/p>\n","protected":false},"featured_media":261296,"comment_status":"open","ping_status":"closed","template":"","meta":[],"product_brand":[],"product_cat":[1228,1231],"product_tag":[],"class_list":{"0":"post-281622","1":"product","2":"type-product","3":"status-publish","4":"has-post-thumbnail","6":"product_cat-compound","7":"product_cat-teile-fuer-f","9":"first","10":"instock","11":"taxable","12":"shipping-taxable","13":"purchasable","14":"product-type-simple"},"composite_virtual":false,"composite_layout":"","composite_add_to_cart_form_location":"","composite_editable_in_cart":false,"composite_sold_individually_context":"","composite_shop_price_calc":"","composite_components":[],"composite_scenarios":[],"group_of_quantity":0,"min_quantity":0,"max_quantity":"","exclude_order_quantity_value_rules":"no","exclude_category_quantity_rules":"no","combine_variations":"no","exclude_global_add_ons":[],"addons":[],"_links":{"self":[{"href":"https:\/\/www.huntersfriend.eu\/de\/wp-json\/wp\/v2\/product\/281622","targetHints":{"allow":["GET"]}}],"collection":[{"href":"https:\/\/www.huntersfriend.eu\/de\/wp-json\/wp\/v2\/product"}],"about":[{"href":"https:\/\/www.huntersfriend.eu\/de\/wp-json\/wp\/v2\/types\/product"}],"replies":[{"embeddable":true,"href":"https:\/\/www.huntersfriend.eu\/de\/wp-json\/wp\/v2\/comments?post=281622"}],"wp:featuredmedia":[{"embeddable":true,"href":"https:\/\/www.huntersfriend.eu\/de\/wp-json\/wp\/v2\/media\/261296"}],"wp:attachment":[{"href":"https:\/\/www.huntersfriend.eu\/de\/wp-json\/wp\/v2\/media?parent=281622"}],"wp:term":[{"taxonomy":"product_brand","embeddable":true,"href":"https:\/\/www.huntersfriend.eu\/de\/wp-json\/wp\/v2\/product_brand?post=281622"},{"taxonomy":"product_cat","embeddable":true,"href":"https:\/\/www.huntersfriend.eu\/de\/wp-json\/wp\/v2\/product_cat?post=281622"},{"taxonomy":"product_tag","embeddable":true,"href":"https:\/\/www.huntersfriend.eu\/de\/wp-json\/wp\/v2\/product_tag?post=281622"}],"curies":[{"name":"wp","href":"https:\/\/api.w.org\/{rel}","templated":true}]}}