{"id":281621,"date":"2023-03-16T13:38:24","date_gmt":"2023-03-16T11:38:24","guid":{"rendered":"https:\/\/www.huntersfriend.eu\/product\/apex-covert-4-licht-19-db\/"},"modified":"2025-08-27T06:21:22","modified_gmt":"2025-08-27T04:21:22","slug":"apex-covert-4-licht-19-db","status":"publish","type":"product","link":"https:\/\/www.huntersfriend.eu\/de\/produkt\/apex-covert-4-licht-19-db\/","title":{"rendered":"Apex Covert 4 Licht 19 DB"},"content":{"rendered":"<p>COVERT\u2122 Vier-Pin-Visier hebt Vielseitigkeit auf eine neue Ebene, indem es die Vorteile eines Langstrecken-Gleitvisiers mit einzelnem Pin mit denen eines traditionellen Mehrfach-Pin-Visiers kombiniert. Im verriegelten Zustand kann COVERT\u2122 wie jedes vertraute Mehrfach-Pin-Visier verwendet werden. Im entriegelten Zustand kann das Visier f\u00fcr pr\u00e4zise Langstreckengenauigkeit eingestellt werden.  <\/p>\n<ul>\n<li>\u00c4u\u00dferst reibungslose, einfache Einstellungen mit einer Hand<\/li>\n<li>Beinhaltet \u00fcber 120 vormarkierte Entfernungsb\u00e4nder zur Vereinfachung der Einrichtung<\/li>\n<li>Nach hinten gerichtete, leicht zu erkennende Position des Entfernungsbandes<\/li>\n<li>Perfekt f\u00fcr jegliche Lichtverh\u00e4ltnisse<\/li>\n<li>Schnelle und einfache Einrichtung<\/li>\n<li>Halterung beinhaltet ged\u00e4mpfte Endanschl\u00e4ge<\/li>\n<li>Einstellbarer Entfernungszeiger<\/li>\n<li>Anpassbar f\u00fcr Links- und Rechtsh\u00e4nder<\/li>\n<\/ul>\n<p>*Wird mit einer abnehmbaren Halterung geliefert, die einen l\u00e4ngeren Sichtradius und einfachere Aufbewahrung erm\u00f6glicht<\/p>\n","protected":false},"excerpt":{"rendered":"<p>COVERT\u2122 Vier-Pin-Visier hebt Vielseitigkeit auf eine neue Ebene, indem es die Vorteile eines Langstrecken-Gleitvisiers mit einzelnem Pin mit denen eines traditionellen Mehrfach-Pin-Visiers kombiniert. Im verriegelten Zustand kann COVERT\u2122 wie jedes vertraute Mehrfach-Pin-Visier verwendet werden. Im entriegelten Zustand kann das Visier f\u00fcr pr\u00e4zise Langstreckengenauigkeit eingestellt werden. \u00c4u\u00dferst reibungslose, einfache Einstellungen mit einer Hand Beinhaltet \u00fcber 120 [&#8230;]\n","protected":false},"featured_media":245240,"comment_status":"open","ping_status":"closed","template":"","meta":[],"product_brand":[],"product_cat":[1119,1222],"product_tag":[],"class_list":{"0":"post-281621","1":"product","2":"type-product","3":"status-publish","4":"has-post-thumbnail","6":"product_cat-jagd-visiere","7":"product_cat-sonderangebote","9":"first","10":"instock","11":"sale","12":"taxable","13":"shipping-taxable","14":"purchasable","15":"product-type-simple"},"composite_virtual":false,"composite_layout":"","composite_add_to_cart_form_location":"","composite_editable_in_cart":false,"composite_sold_individually_context":"","composite_shop_price_calc":"","composite_components":[],"composite_scenarios":[],"group_of_quantity":0,"min_quantity":0,"max_quantity":"","exclude_order_quantity_value_rules":"no","exclude_category_quantity_rules":"no","combine_variations":"no","exclude_global_add_ons":[],"addons":[],"_links":{"self":[{"href":"https:\/\/www.huntersfriend.eu\/de\/wp-json\/wp\/v2\/product\/281621","targetHints":{"allow":["GET"]}}],"collection":[{"href":"https:\/\/www.huntersfriend.eu\/de\/wp-json\/wp\/v2\/product"}],"about":[{"href":"https:\/\/www.huntersfriend.eu\/de\/wp-json\/wp\/v2\/types\/product"}],"replies":[{"embeddable":true,"href":"https:\/\/www.huntersfriend.eu\/de\/wp-json\/wp\/v2\/comments?post=281621"}],"wp:featuredmedia":[{"embeddable":true,"href":"https:\/\/www.huntersfriend.eu\/de\/wp-json\/wp\/v2\/media\/245240"}],"wp:attachment":[{"href":"https:\/\/www.huntersfriend.eu\/de\/wp-json\/wp\/v2\/media?parent=281621"}],"wp:term":[{"taxonomy":"product_brand","embeddable":true,"href":"https:\/\/www.huntersfriend.eu\/de\/wp-json\/wp\/v2\/product_brand?post=281621"},{"taxonomy":"product_cat","embeddable":true,"href":"https:\/\/www.huntersfriend.eu\/de\/wp-json\/wp\/v2\/product_cat?post=281621"},{"taxonomy":"product_tag","embeddable":true,"href":"https:\/\/www.huntersfriend.eu\/de\/wp-json\/wp\/v2\/product_tag?post=281621"}],"curies":[{"name":"wp","href":"https:\/\/api.w.org\/{rel}","templated":true}]}}