{"id":281617,"date":"2023-08-21T10:44:53","date_gmt":"2025-06-23T10:12:56","guid":{"rendered":"https:\/\/www.huntersfriend.eu\/product\/lucky-hd-roboduck\/"},"modified":"2026-03-04T12:52:44","modified_gmt":"2026-03-04T10:52:44","slug":"lucky-hd-roboduck","status":"publish","type":"product","link":"https:\/\/www.huntersfriend.eu\/de\/produkt\/lucky-hd-roboduck\/","title":{"rendered":"Lucky HD Roboduck"},"content":{"rendered":"<p>Der Lucky HD ist die n\u00e4chste Generation von Lockv\u00f6geln mit rotierenden Fl\u00fcgeln und Ihr unverzichtbarer Begleiter f\u00fcr jede Entenjagd. Der HD ist aus einer speziellen Kunststoffmischung gefertigt, die selbst den h\u00e4rtesten Beanspruchungen durch Wasserwildj\u00e4ger standh\u00e4lt. Eine realistische und detaillierte Schnitzerei mit spritzgegossenen Magnetfl\u00fcgeln und lebensechtem Aufdruck wird selbst vorsichtige V\u00f6gel dazu bringen, direkt \u00fcber Ihrem Lockvogelverband einzufallen. Unsere Brusthalterung und der Schnellbefestigungs-Gummizug erm\u00f6glichen einen unkomplizierten Aufbau. Ausgestattet mit spritzgegossenen Fl\u00fcgeln, externem Ladeanschluss, 6-Volt-Batteriefach und einem dreiteiligen 42-Zoll-Pfahl. Erg\u00e4nzen Sie Ihr Set mit dem Lucky HD Fernsteuerungskit, und Sie verf\u00fcgen \u00fcber den vielseitigsten Lockvogel mit rotierenden Fl\u00fcgeln auf dem Markt!     <\/p>\n","protected":false},"excerpt":{"rendered":"<p>Der Lucky HD ist die n\u00e4chste Generation von Lockv\u00f6geln mit rotierenden Fl\u00fcgeln und Ihr unverzichtbarer Begleiter f\u00fcr jede Entenjagd. Der HD ist aus einer speziellen Kunststoffmischung gefertigt, die selbst den h\u00e4rtesten Beanspruchungen durch Wasserwildj\u00e4ger standh\u00e4lt. Eine realistische und detaillierte Schnitzerei mit spritzgegossenen Magnetfl\u00fcgeln und lebensechtem Aufdruck wird selbst vorsichtige V\u00f6gel dazu bringen, direkt \u00fcber Ihrem [&#8230;]\n","protected":false},"featured_media":252115,"comment_status":"open","ping_status":"closed","template":"","meta":[],"product_brand":[],"product_cat":[878,16],"product_tag":[],"class_list":{"0":"post-281617","1":"product","2":"type-product","3":"status-publish","4":"has-post-thumbnail","6":"product_cat-uncategorized-sv","7":"product_cat-uncategorized","8":"product_shipping_class-medium-de","10":"first","11":"instock","12":"taxable","13":"shipping-taxable","14":"purchasable","15":"product-type-simple"},"composite_virtual":false,"composite_layout":"","composite_add_to_cart_form_location":"","composite_editable_in_cart":false,"composite_sold_individually_context":"","composite_shop_price_calc":"","composite_components":[],"composite_scenarios":[],"group_of_quantity":0,"min_quantity":0,"max_quantity":"","exclude_order_quantity_value_rules":"no","exclude_category_quantity_rules":"no","combine_variations":"no","exclude_global_add_ons":[],"addons":[],"_links":{"self":[{"href":"https:\/\/www.huntersfriend.eu\/de\/wp-json\/wp\/v2\/product\/281617","targetHints":{"allow":["GET"]}}],"collection":[{"href":"https:\/\/www.huntersfriend.eu\/de\/wp-json\/wp\/v2\/product"}],"about":[{"href":"https:\/\/www.huntersfriend.eu\/de\/wp-json\/wp\/v2\/types\/product"}],"replies":[{"embeddable":true,"href":"https:\/\/www.huntersfriend.eu\/de\/wp-json\/wp\/v2\/comments?post=281617"}],"wp:featuredmedia":[{"embeddable":true,"href":"https:\/\/www.huntersfriend.eu\/de\/wp-json\/wp\/v2\/media\/252115"}],"wp:attachment":[{"href":"https:\/\/www.huntersfriend.eu\/de\/wp-json\/wp\/v2\/media?parent=281617"}],"wp:term":[{"taxonomy":"product_brand","embeddable":true,"href":"https:\/\/www.huntersfriend.eu\/de\/wp-json\/wp\/v2\/product_brand?post=281617"},{"taxonomy":"product_cat","embeddable":true,"href":"https:\/\/www.huntersfriend.eu\/de\/wp-json\/wp\/v2\/product_cat?post=281617"},{"taxonomy":"product_tag","embeddable":true,"href":"https:\/\/www.huntersfriend.eu\/de\/wp-json\/wp\/v2\/product_tag?post=281617"}],"curies":[{"name":"wp","href":"https:\/\/api.w.org\/{rel}","templated":true}]}}