{"id":281616,"date":"2023-07-18T11:28:48","date_gmt":"2023-07-18T09:28:48","guid":{"rendered":"https:\/\/www.huntersfriend.eu\/product\/alps-outdoorz-shield-bino-harness-braun\/"},"modified":"2026-03-18T22:00:28","modified_gmt":"2026-03-18T20:00:28","slug":"alps-outdoorz-shield-bino-harness-braun","status":"publish","type":"product","link":"https:\/\/www.huntersfriend.eu\/de\/produkt\/alps-outdoorz-shield-bino-harness-braun\/","title":{"rendered":"Alps outdoorz Shield Bino Harness Braun"},"content":{"rendered":"<p>Farbe &#8211; Kojote Braun<\/p>\n<p>Der v\u00f6llig neue DEADQUIET\u00ae Shield Bino Harness sch\u00fctzt nicht nur teure Optiken vor Witterungs- und Umwelteinfl\u00fcssen, sondern zeichnet sich auch durch einen ger\u00e4uscharmen Betrieb aus. Das mehrschichtige DEADQUIET\u00ae-Gewebe verf\u00fcgt \u00fcber eine Fleece-Au\u00dfenseite, die den Kontaktschall mit H\u00e4nden, Geb\u00fcsch und anderer Kleidung effektiv d\u00e4mpft. Die innere Schicht besteht aus robustem Wildleder, das eine lautlose Entnahme und R\u00fcckf\u00fchrung der Ferngl\u00e4ser erm\u00f6glicht und eine hohe Verschlei\u00dffestigkeit f\u00fcr jahrelangen intensiven Gebrauch aufweist. Zwischen diesen Schichten befindet sich eine wasserdichte Membran, die die Ferngl\u00e4ser auch bei h\u00e4rtesten Wetterbedingungen trocken und gesch\u00fctzt h\u00e4lt.  <\/p>\n<p>Der DEADQUIET\u00ae Shield Bino Harness, der auf einem strukturierten Geh\u00e4usedesign f\u00fcr zus\u00e4tzlichen Schutz und Halt basiert, ist anpassbar f\u00fcr eine perfekte Passform, wenn sich die Bekleidungsanforderungen im Laufe der Saison \u00e4ndern. MOLLE-Gurtband ist auf beiden Seiten des Geschirrs integriert, sodass Links- und Rechtsh\u00e4nder unter Bogensch\u00fctzen und J\u00e4gern bequem einen Entfernungsmesser, ein Lockger\u00e4t oder andere Zubeh\u00f6rteile in Reichweite positionieren k\u00f6nnen, ohne dass es zu Beeintr\u00e4chtigungen kommt. <\/p>\n<p>\u2022 DEADQUIET\u00ae Schichtgewebe mit Fleece-Au\u00dfenseite, wasserdichter Innenmembran und Wildleder-Innenseite bietet ultimativen Wetterschutz bei maximaler Ger\u00e4uschd\u00e4mmung<\/p>\n<p>\u2022 Strukturiertes Geh\u00e4usedesign bietet \u00fcberlegenen Schutz im Vergleich zu einem traditionellen, weichseitigen Bino-Geschirr<\/p>\n<p>\u2022 100% rei\u00dfverschlussfreier Zugang zu den Wertsachentaschen<\/p>\n<p>\u2022 Ger\u00e4uschlose, wildledergef\u00fctterte Einschubtasche ist ideal f\u00fcr ein Mobiltelefon, eine Handfeuerwaffe oder zus\u00e4tzliche Ausr\u00fcstung<\/p>\n<p>\u2022 Konzipiert mit erh\u00f6hter Tiefe zur Aufnahme der meisten 10&#215;42 <b>Entfernungsmesser-Ferngl\u00e4ser<\/b><\/p>\n<p>\u2022 Geeignet f\u00fcr Rechts- und Linksh\u00e4nder unter Bogensch\u00fctzen durch beidseitig am Geschirr angebrachtes MOLLE-Gurtband f\u00fcr Entfernungsmesser und anderes Zubeh\u00f6r<\/p>\n<p>\u2022 DEADQUIET\u00ae Ember Handw\u00e4rmer l\u00e4sst sich leise und schnell am unteren MOLLE-Gurtband befestigen (separat erh\u00e4ltlich)<\/p>\n<p>\u2022 Verst\u00e4rkte elastische Halterungen mit ger\u00e4uschloser Drehfunktion k\u00f6nnen leicht angepasst oder lautlos entfernt werden, um Ihren Pr\u00e4ferenzen zu entsprechen<\/p>\n<p>\u2022 Harmoniert gut mit dem <a href=\"https:\/\/www.huntersfriend.eu\/de\/produkt\/alps-outdoorz-ember-handwaermer-braun\/\">Ember Handw\u00e4rmer<\/a><\/p>\n<table border=\"3\">\n<tbody>\n<tr align=\"CENTER\">\n<td><b>Abmessungen<\/b><\/td>\n<td>16,5 cm H x 15,2 cm B x 7,6 cm T<\/td>\n<\/tr>\n<tr align=\"CENTER\">\n<td><b>Gewicht<\/b><\/td>\n<td>340 g<\/td>\n<\/tr>\n<\/tbody>\n<\/table>\n","protected":false},"excerpt":{"rendered":"<p>Farbe &#8211; Kojote Braun Der v\u00f6llig neue DEADQUIET\u00ae Shield Bino Harness sch\u00fctzt nicht nur teure Optiken vor Witterungs- und Umwelteinfl\u00fcssen, sondern zeichnet sich auch durch einen ger\u00e4uscharmen Betrieb aus. Das mehrschichtige DEADQUIET\u00ae-Gewebe verf\u00fcgt \u00fcber eine Fleece-Au\u00dfenseite, die den Kontaktschall mit H\u00e4nden, Geb\u00fcsch und anderer Kleidung effektiv d\u00e4mpft. Die innere Schicht besteht aus robustem Wildleder, das [&#8230;]\n","protected":false},"featured_media":251091,"comment_status":"open","ping_status":"closed","template":"","meta":[],"product_brand":[],"product_cat":[1773,1222],"product_tag":[],"class_list":{"0":"post-281616","1":"product","2":"type-product","3":"status-publish","4":"has-post-thumbnail","6":"product_cat-bino-harnesses-de","7":"product_cat-sonderangebote","9":"first","10":"instock","11":"taxable","12":"shipping-taxable","13":"purchasable","14":"product-type-simple"},"composite_virtual":false,"composite_layout":"","composite_add_to_cart_form_location":"","composite_editable_in_cart":false,"composite_sold_individually_context":"","composite_shop_price_calc":"","composite_components":[],"composite_scenarios":[],"group_of_quantity":0,"min_quantity":0,"max_quantity":"","exclude_order_quantity_value_rules":"no","exclude_category_quantity_rules":"no","combine_variations":"no","exclude_global_add_ons":[],"addons":[],"_links":{"self":[{"href":"https:\/\/www.huntersfriend.eu\/de\/wp-json\/wp\/v2\/product\/281616","targetHints":{"allow":["GET"]}}],"collection":[{"href":"https:\/\/www.huntersfriend.eu\/de\/wp-json\/wp\/v2\/product"}],"about":[{"href":"https:\/\/www.huntersfriend.eu\/de\/wp-json\/wp\/v2\/types\/product"}],"replies":[{"embeddable":true,"href":"https:\/\/www.huntersfriend.eu\/de\/wp-json\/wp\/v2\/comments?post=281616"}],"wp:featuredmedia":[{"embeddable":true,"href":"https:\/\/www.huntersfriend.eu\/de\/wp-json\/wp\/v2\/media\/251091"}],"wp:attachment":[{"href":"https:\/\/www.huntersfriend.eu\/de\/wp-json\/wp\/v2\/media?parent=281616"}],"wp:term":[{"taxonomy":"product_brand","embeddable":true,"href":"https:\/\/www.huntersfriend.eu\/de\/wp-json\/wp\/v2\/product_brand?post=281616"},{"taxonomy":"product_cat","embeddable":true,"href":"https:\/\/www.huntersfriend.eu\/de\/wp-json\/wp\/v2\/product_cat?post=281616"},{"taxonomy":"product_tag","embeddable":true,"href":"https:\/\/www.huntersfriend.eu\/de\/wp-json\/wp\/v2\/product_tag?post=281616"}],"curies":[{"name":"wp","href":"https:\/\/api.w.org\/{rel}","templated":true}]}}