{"id":281609,"date":"2023-07-12T11:19:46","date_gmt":"2023-07-12T09:19:46","guid":{"rendered":"https:\/\/www.huntersfriend.eu\/product\/alps-outdoorz-commander-gepaecktasche\/"},"modified":"2026-03-18T22:00:56","modified_gmt":"2026-03-18T20:00:56","slug":"alps-outdoorz-commander-gepaecktasche","status":"publish","type":"product","link":"https:\/\/www.huntersfriend.eu\/de\/produkt\/alps-outdoorz-commander-gepaecktasche\/","title":{"rendered":"Alps outdoorz Commander + Gep\u00e4cktasche"},"content":{"rendered":"<p>Mit unserem Commander + Gep\u00e4cktasche erwerben Sie den Commander Freighter Frame PLUS eine 5250 Kubikzoll gro\u00dfe Gep\u00e4cktasche. Die Gep\u00e4cktasche ist hervorragend geeignet, um Ihre gesamte Ausr\u00fcstung zu Ihrem Basislager zu transportieren. Die Gep\u00e4cktasche verf\u00fcgt \u00fcber eine Fronttasche, eine Tasche f\u00fcr das Spektiv, eine Gewehrhalterung und zwei seitliche Zubeh\u00f6rtaschen mit Scharnieren, zus\u00e4tzlich zum Hauptfach. Sobald Sie Ihre Gep\u00e4cktasche entleert haben, kann sie einfach abgenommen werden, sodass der Commander auch als Freighter Frame verwendet werden kann. Der Commander Freighter Frame erm\u00f6glicht es Ihnen, Ihr erlegtes Wild von einem Ort zum anderen zu transportieren. Der Commander ist mit einem einzigartigen Verzurrsystem ausgestattet, um Ihr Wild zu sichern. Angesichts des erheblichen Gewichts, das Sie tragen werden, sind ein gepolsterter H\u00fcftgurt und Schultergurte unerl\u00e4sslich. Es gibt Taschen f\u00fcr Ihre Taschenlampe und Ihr Messer sowie eine Halterung f\u00fcr Ihre Schie\u00dfst\u00f6cke an den Verzurrgurten. Mit der Commander Gep\u00e4cktasche erhalten Sie tats\u00e4chlich zwei Produkte in einem &#8211; eine Gep\u00e4cktasche und einen Freighter Frame!         <a id=\"productimg\" href=\"https:\/\/www.youtube.com\/watch?v=vAo3iMK0RvY&amp;t=2s\">Betrachten Sie die Produktbewertung des Commanders in den Sportsman&#8217;s News<\/a><\/p>\n<p>\u2022 Strapazierf\u00e4higes Ripstop-Gewebe<\/p>\n<p>\u2022 Eloxiertes Splint- und Bolzendesign f\u00fcr einfache Anpassbarkeit<\/p>\n<p>\u2022 Gewehrhalterung<\/p>\n<p>\u2022 Beladung von oben<\/p>\n<p>\u2022 Taschen: zwei seitliche Zubeh\u00f6rtaschen mit Scharnieren, Hauptfach, Fronttasche, Spektiv-Tasche<\/p>\n<p>\u2022 Schneedichtung mit Zugkordel<\/p>\n<p>\u2022 Hydrationssystem-kompatibel<\/p>\n<p>\u2022 Rahmen und Verzurrgurte im Lieferumfang der Gep\u00e4cktasche enthalten<\/p>\n<p>\u2022 Selbsthalterahmen<\/p>\n<p>\u2022 Zugang \u00fcber untere Klappe \u2013 #10 Rei\u00dfverschl\u00fcsse<\/p>\n<p>\u2022 Interne horizontale Trennwand<\/p>\n<p>\u2022 Gurtschlaufen zur Befestigung<\/p>\n<table border=\"3\">\n<tbody>\n<tr align=\"CENTER\">\n<td><b>Fassungsverm\u00f6gen<\/b><\/td>\n<td>86L \/ 5250 in\u00b3<\/td>\n<\/tr>\n<tr align=\"CENTER\">\n<td><b>Rahmenabmessungen<\/b><\/td>\n<td>35 &#8211; 41 \u201eH x 15,5\u201c B<\/td>\n<\/tr>\n<tr align=\"CENTER\">\n<td><b>Abmessungen des Hauptfachs<\/b><\/td>\n<td>33&#8243; H x 16&#8243; B x 8,5&#8243; T<\/td>\n<\/tr>\n<tr align=\"CENTER\">\n<td><b>Abmessungen der Spektiv-Tasche<\/b><\/td>\n<td>16&#8243; H x 6&#8243; B x 2,5&#8243; T<\/td>\n<\/tr>\n<tr align=\"CENTER\">\n<td><b>Torsobereich<\/b><\/td>\n<td>17 &#8211; 23&#8243;<\/td>\n<\/tr>\n<tr align=\"CENTER\">\n<td><b>H\u00fcftgurtbereich<\/b><\/td>\n<td>33 &#8211; 60&#8243;<\/td>\n<\/tr>\n<tr align=\"CENTER\">\n<td><b>Gewicht<\/b><\/td>\n<td>3,6 kg <\/td>\n<\/tr>\n<\/tbody>\n<\/table>\n","protected":false},"excerpt":{"rendered":"<p>Mit unserem Commander + Gep\u00e4cktasche erwerben Sie den Commander Freighter Frame PLUS eine 5250 Kubikzoll gro\u00dfe Gep\u00e4cktasche. Die Gep\u00e4cktasche ist hervorragend geeignet, um Ihre gesamte Ausr\u00fcstung zu Ihrem Basislager zu transportieren. Die Gep\u00e4cktasche verf\u00fcgt \u00fcber eine Fronttasche, eine Tasche f\u00fcr das Spektiv, eine Gewehrhalterung und zwei seitliche Zubeh\u00f6rtaschen mit Scharnieren, zus\u00e4tzlich zum Hauptfach. Sobald Sie [&#8230;]\n","protected":false},"featured_media":250495,"comment_status":"open","ping_status":"closed","template":"","meta":[],"product_brand":[],"product_cat":[1407],"product_tag":[],"class_list":{"0":"post-281609","1":"product","2":"type-product","3":"status-publish","4":"has-post-thumbnail","6":"product_cat-jagdrucksacke","7":"product_shipping_class-medium-de","9":"first","10":"instock","11":"taxable","12":"shipping-taxable","13":"purchasable","14":"product-type-variable"},"composite_virtual":false,"composite_layout":"","composite_add_to_cart_form_location":"","composite_editable_in_cart":false,"composite_sold_individually_context":"","composite_shop_price_calc":"","composite_components":[],"composite_scenarios":[],"group_of_quantity":0,"min_quantity":0,"max_quantity":"","exclude_order_quantity_value_rules":"no","exclude_category_quantity_rules":"no","combine_variations":"no","exclude_global_add_ons":[],"addons":[],"_links":{"self":[{"href":"https:\/\/www.huntersfriend.eu\/de\/wp-json\/wp\/v2\/product\/281609","targetHints":{"allow":["GET"]}}],"collection":[{"href":"https:\/\/www.huntersfriend.eu\/de\/wp-json\/wp\/v2\/product"}],"about":[{"href":"https:\/\/www.huntersfriend.eu\/de\/wp-json\/wp\/v2\/types\/product"}],"replies":[{"embeddable":true,"href":"https:\/\/www.huntersfriend.eu\/de\/wp-json\/wp\/v2\/comments?post=281609"}],"wp:featuredmedia":[{"embeddable":true,"href":"https:\/\/www.huntersfriend.eu\/de\/wp-json\/wp\/v2\/media\/250495"}],"wp:attachment":[{"href":"https:\/\/www.huntersfriend.eu\/de\/wp-json\/wp\/v2\/media?parent=281609"}],"wp:term":[{"taxonomy":"product_brand","embeddable":true,"href":"https:\/\/www.huntersfriend.eu\/de\/wp-json\/wp\/v2\/product_brand?post=281609"},{"taxonomy":"product_cat","embeddable":true,"href":"https:\/\/www.huntersfriend.eu\/de\/wp-json\/wp\/v2\/product_cat?post=281609"},{"taxonomy":"product_tag","embeddable":true,"href":"https:\/\/www.huntersfriend.eu\/de\/wp-json\/wp\/v2\/product_tag?post=281609"}],"curies":[{"name":"wp","href":"https:\/\/api.w.org\/{rel}","templated":true}]}}