{"id":281606,"date":"2025-06-23T12:12:54","date_gmt":"2025-06-23T10:12:54","guid":{"rendered":"https:\/\/www.huntersfriend.eu\/product\/darton-prelude-32-boegen-auf-lager\/"},"modified":"2026-03-26T13:45:27","modified_gmt":"2026-03-26T11:45:27","slug":"darton-prelude-32-boegen-auf-lager","status":"publish","type":"product","link":"https:\/\/www.huntersfriend.eu\/de\/produkt\/darton-prelude-32-boegen-auf-lager\/","title":{"rendered":"Darton Prelude 32 &#8211; B\u00f6gen auf Lager"},"content":{"rendered":"<p><span data-fontfamily=\"Oswald\" data-fontweight=\"300\">BEGRENZTE ST\u00dcCKZAHL!!!!<\/span><\/p>\n<p><span data-fontfamily=\"Oswald\" data-fontweight=\"300\">Der Prelude E 32 wurde von Grund auf neu konzipiert. Unser v\u00f6llig neues Mittelst\u00fcckdesign verleiht noch mehr St\u00e4rke und Stabilit\u00e4t.  <strong>Mit unserer neuen und verbesserten patentierten Dual Sync Nockenpunkttechnologie haben wir einen Geschwindigkeitsbogen geschaffen, der sich wie ein Turnierbogen anf\u00fchlt und tats\u00e4chliche Geschwindigkeiten von bis zu 347 FPS erreicht.<\/strong> Wir bauen weiterhin auf unserer patentierten Equalizer-Seilsystemtechnologie (auch bekannt als E-System) auf, welche dem Ideal eines vollst\u00e4ndig ausbalancierten Schusssystems am n\u00e4chsten kommt.<\/span><\/p>\n<p><span data-fontfamily=\"Oswald\" data-fontweight=\"300\">Mit unserem neuen, LEICHT abnehmbaren und einstellbaren Auszugsmodul mit Auszugsl\u00e4ngeneinstellungen in 1\/4&#8243;-Schritten und 3 S\u00e4tzen von Anschlagstiften erhalten Sie mindestens 8 verschiedene Optionen f\u00fcr das Haltegewicht! In Kombination mit doppelten Seilenanschl\u00e4gen und einer einstellbaren Seilf\u00fchrung haben Sie nun die VOLLST\u00c4NDIGE Kontrolle \u00fcber Ihre Auszugsl\u00e4nge und das Haltegewicht. <\/span><\/p>\n<p><span data-fontfamily=\"Oswald\" data-fontweight=\"300\">Das geteilte Jochsystem (auch bekannt als E-System), das an den Achsen au\u00dferhalb der Wurfarme verankert ist, gleicht die Wurfarme vollst\u00e4ndig aus, stabilisiert sie und reduziert die Belastung der Nockenpunktlager f\u00fcr DEN geschmeidigsten Schuss und Auszug eines Geschwindigkeitsbogens, den Sie je in H\u00e4nden gehalten haben!<\/span><\/p>\n<p><span data-fontfamily=\"Oswald\" data-fontweight=\"300\">Der Prelude 32 wird mit ma\u00dfgefertigten Bogensehnen von Team Darton geliefert.<\/span><\/p>\n<ul>\n<li>V\u00d6LLIG NEUES MITTELST\u00dcCK-DESIGN<\/li>\n<li>VOLLST\u00c4NDIG neuer Griff<\/li>\n<li>7075 T-6511 vorgestrecktes und vorgespanntes Mittelst\u00fcck!<\/li>\n<li>7075 Nockenscheiben<\/li>\n<li>1\/4-Zoll-Achsen<\/li>\n<li>5\/8&#8243; Lager<\/li>\n<li>.790 Wurfarmteile und Wurfarmtaschen (Erh\u00f6hen die Stabilit\u00e4t)<\/li>\n<li>Patentiertes E-System<\/li>\n<li>Integrierte QAD-Pfeilauflage<\/li>\n<li>Verstellbare Rollenf\u00fchrung<\/li>\n<li>1\/4&#8243; Zuggewichtsmodifikationen<\/li>\n<li>Resonanzunterdr\u00fcckungsmodul<\/li>\n<\/ul>\n<p><span data-fontfamily=\"Oswald\" data-fontweight=\"300\">Die wichtigste Voraussetzung f\u00fcr t\u00f6dlich genaue Sch\u00fcsse sind Pr\u00e4zisionstoleranzen. Unsere Kunden berichten h\u00e4ufig von noch engeren Toleranzen als von uns spezifiziert. Sie werden den Unterschied bemerken.  <\/span><\/p>\n<ul>\n<li>\n<ul>\n<li>\n<ul>\n<li>GESCHWINDIGKEIT: 342 FPS IBO<\/li>\n<li><strong>GESCHWINDIGKEIT: 342 TATS\u00c4CHLICH bei 30&#8243; 70lb, 350 Grain Pfeil<\/strong><\/li>\n<li>ACHSABSTAND: 32&#8243;<\/li>\n<li>STANDH\u00d6HE: 6&#8243;<\/li>\n<li>GESAMTGEWICHT: 4,9 LBS.<\/li>\n<li>AUSZUGSL\u00c4NGEN: 27 \u201e-30,5\u201c<\/li>\n<li>ZUGGEWICHTE: 40, 50, 60, 70, 80<\/li>\n<li>ABZUGSGEWICHTSREDUKTION: 80%<\/li>\n<\/ul>\n<\/li>\n<\/ul>\n<\/li>\n<\/ul>\n","protected":false},"excerpt":{"rendered":"<p>BEGRENZTE ST\u00dcCKZAHL!!!! Der Prelude E 32 wurde von Grund auf neu konzipiert. Unser v\u00f6llig neues Mittelst\u00fcckdesign verleiht noch mehr St\u00e4rke und Stabilit\u00e4t. Mit unserer neuen und verbesserten patentierten Dual Sync Nockenpunkttechnologie haben wir einen Geschwindigkeitsbogen geschaffen, der sich wie ein Turnierbogen anf\u00fchlt und tats\u00e4chliche Geschwindigkeiten von bis zu 347 FPS erreicht. Wir bauen weiterhin auf [&#8230;]\n","protected":false},"featured_media":250191,"comment_status":"open","ping_status":"closed","template":"","meta":[],"product_brand":[],"product_cat":[1145],"product_tag":[],"class_list":{"0":"post-281606","1":"product","2":"type-product","3":"status-publish","4":"has-post-thumbnail","6":"product_cat-sonstiges","7":"product_shipping_class-big-de","9":"first","10":"outofstock","11":"taxable","12":"shipping-taxable","13":"product-type-simple"},"composite_virtual":false,"composite_layout":"","composite_add_to_cart_form_location":"","composite_editable_in_cart":false,"composite_sold_individually_context":"","composite_shop_price_calc":"","composite_components":[],"composite_scenarios":[],"group_of_quantity":0,"min_quantity":0,"max_quantity":"","exclude_order_quantity_value_rules":"no","exclude_category_quantity_rules":"no","combine_variations":"no","exclude_global_add_ons":[],"addons":[],"_links":{"self":[{"href":"https:\/\/www.huntersfriend.eu\/de\/wp-json\/wp\/v2\/product\/281606","targetHints":{"allow":["GET"]}}],"collection":[{"href":"https:\/\/www.huntersfriend.eu\/de\/wp-json\/wp\/v2\/product"}],"about":[{"href":"https:\/\/www.huntersfriend.eu\/de\/wp-json\/wp\/v2\/types\/product"}],"replies":[{"embeddable":true,"href":"https:\/\/www.huntersfriend.eu\/de\/wp-json\/wp\/v2\/comments?post=281606"}],"wp:featuredmedia":[{"embeddable":true,"href":"https:\/\/www.huntersfriend.eu\/de\/wp-json\/wp\/v2\/media\/250191"}],"wp:attachment":[{"href":"https:\/\/www.huntersfriend.eu\/de\/wp-json\/wp\/v2\/media?parent=281606"}],"wp:term":[{"taxonomy":"product_brand","embeddable":true,"href":"https:\/\/www.huntersfriend.eu\/de\/wp-json\/wp\/v2\/product_brand?post=281606"},{"taxonomy":"product_cat","embeddable":true,"href":"https:\/\/www.huntersfriend.eu\/de\/wp-json\/wp\/v2\/product_cat?post=281606"},{"taxonomy":"product_tag","embeddable":true,"href":"https:\/\/www.huntersfriend.eu\/de\/wp-json\/wp\/v2\/product_tag?post=281606"}],"curies":[{"name":"wp","href":"https:\/\/api.w.org\/{rel}","templated":true}]}}