{"id":281605,"date":"2023-08-21T10:44:39","date_gmt":"2025-06-23T10:12:54","guid":{"rendered":"https:\/\/www.huntersfriend.eu\/product\/lucky-duck-junior-ii-roboduck\/"},"modified":"2025-06-23T12:12:54","modified_gmt":"2025-06-23T10:12:54","slug":"lucky-duck-junior-ii-roboduck","status":"publish","type":"product","link":"https:\/\/www.huntersfriend.eu\/de\/produkt\/lucky-duck-junior-ii-roboduck\/","title":{"rendered":"Lucky duck Junior II roboduck"},"content":{"rendered":"<p><span class=\"s1\">Der Lucky Junior II ist ein Lockentendekoy mit rotierenden Fl\u00fcgeln und au\u00dfergew\u00f6hnlicher Detailtreue. Es ist aus strapazierf\u00e4higem EVA-Kunststoff gefertigt, der Rissbildung widersteht und eine hervorragende Farbhaftung selbst f\u00fcr anspruchsvollste Wasserwildj\u00e4ger gew\u00e4hrleistet. Unsere Brusthalterung mit Gummizug macht dieses Dekoy problemlos und mobil einsetzbar. Der Junior II beinhaltet einen dreiteiligen 107 cm langen Stab und gewellte Magnetfl\u00fcgel. Das Dekoy wird mit 4 AA-Batterien betrieben (nicht im Lieferumfang enthalten) und hat eine Betriebsdauer von 12-14 Stunden. HD-Fernbedienung kompatibel &#8211; separat erh\u00e4ltlich.     <\/span><span class=\"s1\"> <\/span><\/p>\n","protected":false},"excerpt":{"rendered":"<p>Der Lucky Junior II ist ein Lockentendekoy mit rotierenden Fl\u00fcgeln und au\u00dfergew\u00f6hnlicher Detailtreue. Es ist aus strapazierf\u00e4higem EVA-Kunststoff gefertigt, der Rissbildung widersteht und eine hervorragende Farbhaftung selbst f\u00fcr anspruchsvollste Wasserwildj\u00e4ger gew\u00e4hrleistet. Unsere Brusthalterung mit Gummizug macht dieses Dekoy problemlos und mobil einsetzbar. Der Junior II beinhaltet einen dreiteiligen 107 cm langen Stab und gewellte Magnetfl\u00fcgel. [&#8230;]\n","protected":false},"featured_media":252150,"comment_status":"open","ping_status":"closed","template":"","meta":[],"product_brand":[],"product_cat":[1145],"product_tag":[],"class_list":{"0":"post-281605","1":"product","2":"type-product","3":"status-publish","4":"has-post-thumbnail","6":"product_cat-sonstiges","8":"first","9":"instock","10":"taxable","11":"shipping-taxable","12":"purchasable","13":"product-type-simple"},"composite_virtual":false,"composite_layout":"","composite_add_to_cart_form_location":"","composite_editable_in_cart":false,"composite_sold_individually_context":"","composite_shop_price_calc":"","composite_components":[],"composite_scenarios":[],"group_of_quantity":0,"min_quantity":0,"max_quantity":"","exclude_order_quantity_value_rules":"no","exclude_category_quantity_rules":"no","combine_variations":"no","exclude_global_add_ons":[],"addons":[],"_links":{"self":[{"href":"https:\/\/www.huntersfriend.eu\/de\/wp-json\/wp\/v2\/product\/281605","targetHints":{"allow":["GET"]}}],"collection":[{"href":"https:\/\/www.huntersfriend.eu\/de\/wp-json\/wp\/v2\/product"}],"about":[{"href":"https:\/\/www.huntersfriend.eu\/de\/wp-json\/wp\/v2\/types\/product"}],"replies":[{"embeddable":true,"href":"https:\/\/www.huntersfriend.eu\/de\/wp-json\/wp\/v2\/comments?post=281605"}],"wp:featuredmedia":[{"embeddable":true,"href":"https:\/\/www.huntersfriend.eu\/de\/wp-json\/wp\/v2\/media\/252150"}],"wp:attachment":[{"href":"https:\/\/www.huntersfriend.eu\/de\/wp-json\/wp\/v2\/media?parent=281605"}],"wp:term":[{"taxonomy":"product_brand","embeddable":true,"href":"https:\/\/www.huntersfriend.eu\/de\/wp-json\/wp\/v2\/product_brand?post=281605"},{"taxonomy":"product_cat","embeddable":true,"href":"https:\/\/www.huntersfriend.eu\/de\/wp-json\/wp\/v2\/product_cat?post=281605"},{"taxonomy":"product_tag","embeddable":true,"href":"https:\/\/www.huntersfriend.eu\/de\/wp-json\/wp\/v2\/product_tag?post=281605"}],"curies":[{"name":"wp","href":"https:\/\/api.w.org\/{rel}","templated":true}]}}