{"id":281600,"date":"2023-07-11T09:34:32","date_gmt":"2023-07-11T07:34:32","guid":{"rendered":"https:\/\/www.huntersfriend.eu\/product\/scentlok-wind-brace-pro-hose-mossy-oak\/"},"modified":"2025-06-23T12:12:51","modified_gmt":"2025-06-23T10:12:51","slug":"scentlok-wind-brace-pro-hose-mossy-oak","status":"publish","type":"product","link":"https:\/\/www.huntersfriend.eu\/de\/produkt\/scentlok-wind-brace-pro-hose-mossy-oak\/","title":{"rendered":"Scentlok Wind Brace Pro Hose &#8211; Mossy Oak"},"content":{"rendered":"<p>W\u00e4hrend viele J\u00e4ger f\u00fcr die k\u00e4lteren Tage im Hochsitz Fleece-Oberbekleidung w\u00e4hlen, gelingt es den meisten Fleece-Materialien nicht, Sie warm zu halten, wenn ein stetiger Wind aufkommt. Hier hebt sich die Wind Brace Pro Hose von herk\u00f6mmlichen Fleece-Tarnkleidungen ab. Die Wind Brace Pro Hose verbindet eine winddichte Barriere und Carbon Alloy\u00ae-Technologie zwischen zwei Fleece-Schichten, um gleichzeitig K\u00e4lteschutz und maximale Geruchskontrolle zu bieten.  <\/p>\n<p><strong>Carbon Alloy\u00ae-Technologie<\/strong> f\u00fcr maximale Geruchsadsorption<\/p>\n<p><strong>WindBrake\u00ae winddichtes Design<\/strong> zum Schutz vor den Elementen<\/p>\n<p><strong>80g Thinsulate\u2122-Isolierung<\/strong> f\u00fcr W\u00e4rme<\/p>\n<p><strong>Feuchtigkeitsableitendes Innenfutter<\/strong> f\u00fcr Feuchtigkeitsmanagement<\/p>\n<p><strong>Extrem ger\u00e4uscharme 166g Fleece-Au\u00dfenschicht<\/strong><\/p>\n<p><strong>180g Fleece-Futter<\/strong> oberhalb des Knies f\u00fcr W\u00e4rme<\/p>\n<p><strong>Glattes Polyester-Futter<\/strong> unterhalb des Knies f\u00fcr Bewegungsfreiheit<\/p>\n<p><strong>Vier Aufbewahrungstaschen<\/strong> (2 an der Taille &amp; 2 am Oberschenkel)<\/p>\n<p><strong>Funktioneller Hosenschlitz<\/strong> f\u00fcr einfache Nutzung bei Bedarf<\/p>\n<p><strong>Elastischer Bund<\/strong> f\u00fcr eine enge Passform<\/p>\n<p><strong>Vorgeformte Kniepartie<\/strong> f\u00fcr Bewegungsfreiheit<\/p>\n","protected":false},"excerpt":{"rendered":"<p>W\u00e4hrend viele J\u00e4ger f\u00fcr die k\u00e4lteren Tage im Hochsitz Fleece-Oberbekleidung w\u00e4hlen, gelingt es den meisten Fleece-Materialien nicht, Sie warm zu halten, wenn ein stetiger Wind aufkommt. Hier hebt sich die Wind Brace Pro Hose von herk\u00f6mmlichen Fleece-Tarnkleidungen ab. Die Wind Brace Pro Hose verbindet eine winddichte Barriere und Carbon Alloy\u00ae-Technologie zwischen zwei Fleece-Schichten, um gleichzeitig [&#8230;]\n","protected":false},"featured_media":257197,"comment_status":"open","ping_status":"closed","template":"","meta":[],"product_brand":[],"product_cat":[1128,1222],"product_tag":[],"class_list":{"0":"post-281600","1":"product","2":"type-product","3":"status-publish","4":"has-post-thumbnail","6":"product_cat-hosen","7":"product_cat-sonderangebote","9":"first","10":"instock","11":"sale","12":"taxable","13":"shipping-taxable","14":"purchasable","15":"product-type-variable"},"composite_virtual":false,"composite_layout":"","composite_add_to_cart_form_location":"","composite_editable_in_cart":false,"composite_sold_individually_context":"","composite_shop_price_calc":"","composite_components":[],"composite_scenarios":[],"group_of_quantity":0,"min_quantity":0,"max_quantity":"","exclude_order_quantity_value_rules":"no","exclude_category_quantity_rules":"no","combine_variations":"no","exclude_global_add_ons":[],"addons":[],"_links":{"self":[{"href":"https:\/\/www.huntersfriend.eu\/de\/wp-json\/wp\/v2\/product\/281600","targetHints":{"allow":["GET"]}}],"collection":[{"href":"https:\/\/www.huntersfriend.eu\/de\/wp-json\/wp\/v2\/product"}],"about":[{"href":"https:\/\/www.huntersfriend.eu\/de\/wp-json\/wp\/v2\/types\/product"}],"replies":[{"embeddable":true,"href":"https:\/\/www.huntersfriend.eu\/de\/wp-json\/wp\/v2\/comments?post=281600"}],"wp:featuredmedia":[{"embeddable":true,"href":"https:\/\/www.huntersfriend.eu\/de\/wp-json\/wp\/v2\/media\/257197"}],"wp:attachment":[{"href":"https:\/\/www.huntersfriend.eu\/de\/wp-json\/wp\/v2\/media?parent=281600"}],"wp:term":[{"taxonomy":"product_brand","embeddable":true,"href":"https:\/\/www.huntersfriend.eu\/de\/wp-json\/wp\/v2\/product_brand?post=281600"},{"taxonomy":"product_cat","embeddable":true,"href":"https:\/\/www.huntersfriend.eu\/de\/wp-json\/wp\/v2\/product_cat?post=281600"},{"taxonomy":"product_tag","embeddable":true,"href":"https:\/\/www.huntersfriend.eu\/de\/wp-json\/wp\/v2\/product_tag?post=281600"}],"curies":[{"name":"wp","href":"https:\/\/api.w.org\/{rel}","templated":true}]}}