{"id":281595,"date":"2023-07-05T08:34:34","date_gmt":"2025-06-23T10:12:50","guid":{"rendered":"https:\/\/www.huntersfriend.eu\/product\/vpa-turkey-spur-125-gr\/"},"modified":"2025-06-23T12:12:50","modified_gmt":"2025-06-23T10:12:50","slug":"vpa-turkey-spur-125-gr","status":"publish","type":"product","link":"https:\/\/www.huntersfriend.eu\/de\/produkt\/vpa-turkey-spur-125-gr\/","title":{"rendered":"VPA Turkey spur 125 gr"},"content":{"rendered":"<p>Ein t\u00f6dliches Werkzeug f\u00fcr alle V\u00f6gel und Kleinwild.<\/p>\n<p>Die VPA Turkey Spur Jagdspitzen sind f\u00fcr maximalen Energietransfer und schnelle T\u00f6tungen bei robusten V\u00f6geln konzipiert. Die hinten positionierten \u201eSporn-Klingen sind an der \u00e4u\u00dfersten Kante gesch\u00e4rft und bieten einen Schnittdurchmesser von 1 1\/8\u201c Zoll. <\/p>\n<p>Die nach vorne gerichteten Kanten bleiben ungesch\u00e4rft. Die ungesch\u00e4rften vorderen Kanten sowie der Zwischenraum zwischen den vorderen und hinteren Klingen unterst\u00fctzen die rasche Verz\u00f6gerung, die f\u00fcr einen maximalen Energietransfer erforderlich ist. <\/p>\n<p>VPA Turkey Spurs werden pr\u00e4zise aus einem St\u00fcck Hochkarbon-Werkzeugstahl gefertigt. Dies, in Verbindung mit unserem speziellen W\u00e4rmebehandlungsverfahren, gew\u00e4hrleistet die perfekte Balance zwischen Schneidhaltigkeit und Festigkeit. <\/p>\n<p>Eine schwarze Oxidbeschichtung erh\u00f6ht die Haltbarkeit und bietet Korrosionsschutz.<\/p>\n<p>Unser Design erm\u00f6glicht ein schnelles und einfaches Sch\u00e4rfen und Nachsch\u00e4rfen mit nur wenigen Strichen auf einem Schleifstein oder einer Diamantfeile.<\/p>\n","protected":false},"excerpt":{"rendered":"<p>Ein t\u00f6dliches Werkzeug f\u00fcr alle V\u00f6gel und Kleinwild. Die VPA Turkey Spur Jagdspitzen sind f\u00fcr maximalen Energietransfer und schnelle T\u00f6tungen bei robusten V\u00f6geln konzipiert. Die hinten positionierten \u201eSporn-Klingen sind an der \u00e4u\u00dfersten Kante gesch\u00e4rft und bieten einen Schnittdurchmesser von 1 1\/8\u201c Zoll. Die nach vorne gerichteten Kanten bleiben ungesch\u00e4rft. Die ungesch\u00e4rften vorderen Kanten sowie der [&#8230;]\n","protected":false},"featured_media":250101,"comment_status":"open","ping_status":"closed","template":"","meta":[],"product_brand":[],"product_cat":[1079,1080],"product_tag":[],"class_list":{"0":"post-281595","1":"product","2":"type-product","3":"status-publish","4":"has-post-thumbnail","6":"product_cat-jagd-spitzen","7":"product_cat-klein-wild-jagd","9":"first","10":"instock","11":"taxable","12":"shipping-taxable","13":"purchasable","14":"product-type-simple"},"composite_virtual":false,"composite_layout":"","composite_add_to_cart_form_location":"","composite_editable_in_cart":false,"composite_sold_individually_context":"","composite_shop_price_calc":"","composite_components":[],"composite_scenarios":[],"group_of_quantity":0,"min_quantity":0,"max_quantity":"","exclude_order_quantity_value_rules":"no","exclude_category_quantity_rules":"no","combine_variations":"no","exclude_global_add_ons":[],"addons":[],"_links":{"self":[{"href":"https:\/\/www.huntersfriend.eu\/de\/wp-json\/wp\/v2\/product\/281595","targetHints":{"allow":["GET"]}}],"collection":[{"href":"https:\/\/www.huntersfriend.eu\/de\/wp-json\/wp\/v2\/product"}],"about":[{"href":"https:\/\/www.huntersfriend.eu\/de\/wp-json\/wp\/v2\/types\/product"}],"replies":[{"embeddable":true,"href":"https:\/\/www.huntersfriend.eu\/de\/wp-json\/wp\/v2\/comments?post=281595"}],"wp:featuredmedia":[{"embeddable":true,"href":"https:\/\/www.huntersfriend.eu\/de\/wp-json\/wp\/v2\/media\/250101"}],"wp:attachment":[{"href":"https:\/\/www.huntersfriend.eu\/de\/wp-json\/wp\/v2\/media?parent=281595"}],"wp:term":[{"taxonomy":"product_brand","embeddable":true,"href":"https:\/\/www.huntersfriend.eu\/de\/wp-json\/wp\/v2\/product_brand?post=281595"},{"taxonomy":"product_cat","embeddable":true,"href":"https:\/\/www.huntersfriend.eu\/de\/wp-json\/wp\/v2\/product_cat?post=281595"},{"taxonomy":"product_tag","embeddable":true,"href":"https:\/\/www.huntersfriend.eu\/de\/wp-json\/wp\/v2\/product_tag?post=281595"}],"curies":[{"name":"wp","href":"https:\/\/api.w.org\/{rel}","templated":true}]}}