{"id":281594,"date":"2023-07-11T09:34:31","date_gmt":"2023-07-11T07:34:31","guid":{"rendered":"https:\/\/www.huntersfriend.eu\/product\/scentlok-wind-brace-pro-jacke-mossy-oak\/"},"modified":"2025-11-22T01:40:44","modified_gmt":"2025-11-21T23:40:44","slug":"scentlok-wind-brace-pro-jacke-mossy-oak","status":"publish","type":"product","link":"https:\/\/www.huntersfriend.eu\/de\/produkt\/scentlok-wind-brace-pro-jacke-mossy-oak\/","title":{"rendered":"Scentlok Wind Brace Pro Jacke &#8211; Mossy Oak"},"content":{"rendered":"<p>W\u00e4hrend viele J\u00e4ger an k\u00e4lteren Tagen auf dem Hochsitz Fleece-Oberbekleidung w\u00e4hlen, gelingt es den meisten Fleece-Materialien nicht, Sie bei stetigem Wind warm zu halten. An diesem Punkt hebt sich die Wind Brace Pro Jacke von herk\u00f6mmlichen Fleece-Tarnkleidungen ab. Die Wind Brace Pro verbindet eine winddichte Barriere und Carbon Alloy\u00ae-Technologie zwischen zwei Fleece-Schichten, um gleichzeitig Komfort bei kaltem Wetter und maximale Geruchskontrolle zu gew\u00e4hrleisten.  <\/p>\n<p><strong>Carbon Alloy\u00ae-Technologie<\/strong> f\u00fcr maximale Geruchsadsorption<\/p>\n<p><strong>WindBrake\u00ae winddichtes Design<\/strong> zum Schutz vor den Elementen<\/p>\n<p><strong>80g Thinsulate\u2122-Isolierung<\/strong> f\u00fcr W\u00e4rme<\/p>\n<p><strong>Feuchtigkeitsableitendes Innenfutter<\/strong> f\u00fcr Feuchtigkeitsmanagement<\/p>\n<p><strong>Extrem ger\u00e4uscharme 166g Fleece-Au\u00dfenschicht<\/strong><\/p>\n<p><strong>180g Fleece-Kernfutter<\/strong> f\u00fcr W\u00e4rme<\/p>\n<p><strong>Glattes Polyester-\u00c4rmelfutter<\/strong><\/p>\n<p><strong>Dreiteilige verstellbare Kapuze<\/strong><\/p>\n<p><strong>Sicherheitsgurt\u00f6ffnung<\/strong> f\u00fcr einfachen Zugang<\/p>\n<p><strong>Drei Taschen<\/strong> f\u00fcr Aufbewahrung und W\u00e4rme<\/p>\n<p><strong>Lycra-Handgelenkb\u00fcndchen<\/strong> f\u00fcr eine sichere, komfortable Passform<\/p>\n<p><strong>Verstellbarer Kordelzug-Saum<\/strong> zum Einschlie\u00dfen von Geruch &amp; W\u00e4rme<\/p>\n","protected":false},"excerpt":{"rendered":"<p>W\u00e4hrend viele J\u00e4ger an k\u00e4lteren Tagen auf dem Hochsitz Fleece-Oberbekleidung w\u00e4hlen, gelingt es den meisten Fleece-Materialien nicht, Sie bei stetigem Wind warm zu halten. An diesem Punkt hebt sich die Wind Brace Pro Jacke von herk\u00f6mmlichen Fleece-Tarnkleidungen ab. Die Wind Brace Pro verbindet eine winddichte Barriere und Carbon Alloy\u00ae-Technologie zwischen zwei Fleece-Schichten, um gleichzeitig Komfort [&#8230;]\n","protected":false},"featured_media":257213,"comment_status":"open","ping_status":"closed","template":"","meta":[],"product_brand":[],"product_cat":[1384,1222],"product_tag":[],"class_list":{"0":"post-281594","1":"product","2":"type-product","3":"status-publish","4":"has-post-thumbnail","6":"product_cat-jacken","7":"product_cat-sonderangebote","9":"first","10":"instock","11":"sale","12":"taxable","13":"shipping-taxable","14":"purchasable","15":"product-type-variable"},"composite_virtual":false,"composite_layout":"","composite_add_to_cart_form_location":"","composite_editable_in_cart":false,"composite_sold_individually_context":"","composite_shop_price_calc":"","composite_components":[],"composite_scenarios":[],"group_of_quantity":0,"min_quantity":0,"max_quantity":"","exclude_order_quantity_value_rules":"no","exclude_category_quantity_rules":"no","combine_variations":"no","exclude_global_add_ons":[],"addons":[],"_links":{"self":[{"href":"https:\/\/www.huntersfriend.eu\/de\/wp-json\/wp\/v2\/product\/281594","targetHints":{"allow":["GET"]}}],"collection":[{"href":"https:\/\/www.huntersfriend.eu\/de\/wp-json\/wp\/v2\/product"}],"about":[{"href":"https:\/\/www.huntersfriend.eu\/de\/wp-json\/wp\/v2\/types\/product"}],"replies":[{"embeddable":true,"href":"https:\/\/www.huntersfriend.eu\/de\/wp-json\/wp\/v2\/comments?post=281594"}],"wp:featuredmedia":[{"embeddable":true,"href":"https:\/\/www.huntersfriend.eu\/de\/wp-json\/wp\/v2\/media\/257213"}],"wp:attachment":[{"href":"https:\/\/www.huntersfriend.eu\/de\/wp-json\/wp\/v2\/media?parent=281594"}],"wp:term":[{"taxonomy":"product_brand","embeddable":true,"href":"https:\/\/www.huntersfriend.eu\/de\/wp-json\/wp\/v2\/product_brand?post=281594"},{"taxonomy":"product_cat","embeddable":true,"href":"https:\/\/www.huntersfriend.eu\/de\/wp-json\/wp\/v2\/product_cat?post=281594"},{"taxonomy":"product_tag","embeddable":true,"href":"https:\/\/www.huntersfriend.eu\/de\/wp-json\/wp\/v2\/product_tag?post=281594"}],"curies":[{"name":"wp","href":"https:\/\/api.w.org\/{rel}","templated":true}]}}