{"id":281591,"date":"2023-07-03T13:15:20","date_gmt":"2025-06-23T10:12:48","guid":{"rendered":"https:\/\/www.huntersfriend.eu\/product\/scentlok-be-1-kappe-mossy-oak-terra\/"},"modified":"2025-06-23T12:12:48","modified_gmt":"2025-06-23T10:12:48","slug":"scentlok-be-1-kappe-mossy-oak-terra","status":"publish","type":"product","link":"https:\/\/www.huntersfriend.eu\/de\/produkt\/scentlok-be-1-kappe-mossy-oak-terra\/","title":{"rendered":"Scentlok BE 1 Kappe &#8211; Mossy Oak Terra"},"content":{"rendered":"<p>Einer der gr\u00f6\u00dften Verursacher menschlichen Geruchs ist der Kopf- und Nackenbereich. Die Bowhunter Elite:1 Kappe wird diese Ger\u00fcche eind\u00e4mmen und adsorbieren und Ihnen somit zu einer nachweislich h\u00f6heren Effektivit\u00e4t verhelfen als je zuvor. <\/p>\n<p><strong>Carbon Alloy\u00ae Technologie <\/strong>f\u00fcr maximale Geruchsadsorption und Geruchskontrolle<\/p>\n<p><strong>Feuchtigkeitsableitend <\/strong>h\u00e4lt Sie k\u00fchl und trocken<\/p>\n<p><strong>Hochwertiges, glattes Polyester-Strickgewebe <\/strong>f\u00fcr ultimativen Komfort<\/p>\n<p><strong>Formbarer Schirm <\/strong>erm\u00f6glicht eine individuelle Passform<\/p>\n<p><strong>Der r\u00fcckseitige Versteller <\/strong>gew\u00e4hrleistet einen sicheren Sitz<\/p>\n","protected":false},"excerpt":{"rendered":"<p>Universalgr\u00f6\u00dfe<\/p>\n","protected":false},"featured_media":250007,"comment_status":"open","ping_status":"closed","template":"","meta":[],"product_brand":[],"product_cat":[1145],"product_tag":[],"class_list":{"0":"post-281591","1":"product","2":"type-product","3":"status-publish","4":"has-post-thumbnail","6":"product_cat-sonstiges","8":"first","9":"outofstock","10":"sale","11":"taxable","12":"shipping-taxable","13":"purchasable","14":"product-type-simple"},"composite_virtual":false,"composite_layout":"","composite_add_to_cart_form_location":"","composite_editable_in_cart":false,"composite_sold_individually_context":"","composite_shop_price_calc":"","composite_components":[],"composite_scenarios":[],"group_of_quantity":0,"min_quantity":0,"max_quantity":"","exclude_order_quantity_value_rules":"no","exclude_category_quantity_rules":"no","combine_variations":"no","exclude_global_add_ons":[],"addons":[],"_links":{"self":[{"href":"https:\/\/www.huntersfriend.eu\/de\/wp-json\/wp\/v2\/product\/281591","targetHints":{"allow":["GET"]}}],"collection":[{"href":"https:\/\/www.huntersfriend.eu\/de\/wp-json\/wp\/v2\/product"}],"about":[{"href":"https:\/\/www.huntersfriend.eu\/de\/wp-json\/wp\/v2\/types\/product"}],"replies":[{"embeddable":true,"href":"https:\/\/www.huntersfriend.eu\/de\/wp-json\/wp\/v2\/comments?post=281591"}],"wp:featuredmedia":[{"embeddable":true,"href":"https:\/\/www.huntersfriend.eu\/de\/wp-json\/wp\/v2\/media\/250007"}],"wp:attachment":[{"href":"https:\/\/www.huntersfriend.eu\/de\/wp-json\/wp\/v2\/media?parent=281591"}],"wp:term":[{"taxonomy":"product_brand","embeddable":true,"href":"https:\/\/www.huntersfriend.eu\/de\/wp-json\/wp\/v2\/product_brand?post=281591"},{"taxonomy":"product_cat","embeddable":true,"href":"https:\/\/www.huntersfriend.eu\/de\/wp-json\/wp\/v2\/product_cat?post=281591"},{"taxonomy":"product_tag","embeddable":true,"href":"https:\/\/www.huntersfriend.eu\/de\/wp-json\/wp\/v2\/product_tag?post=281591"}],"curies":[{"name":"wp","href":"https:\/\/api.w.org\/{rel}","templated":true}]}}