{"id":281583,"date":"2023-07-05T08:48:41","date_gmt":"2025-06-23T10:12:47","guid":{"rendered":"https:\/\/www.huntersfriend.eu\/product\/vpa-2-klinge-1-1-8-s7-premium-stahl-einseitig-abgeschraegt\/"},"modified":"2026-01-21T22:32:50","modified_gmt":"2026-01-21T20:32:50","slug":"vpa-2-klinge-1-1-8-s7-premium-stahl-einseitig-abgeschraegt","status":"publish","type":"product","link":"https:\/\/www.huntersfriend.eu\/de\/produkt\/vpa-2-klinge-1-1-8-s7-premium-stahl-einseitig-abgeschraegt\/","title":{"rendered":"VPA 2 Klinge 1 1\/8&#8243; S7 Premium-Stahl einseitig abgeschr\u00e4gt"},"content":{"rendered":"<div class=\"_6s2bg fggS- cell\">\n<h2 class=\"Text3972545870__root Text3972545870---typography-11-runningText Text3972545870---priority-7-primary s8gg2 _149OH InfoSectionTitle3095652555__root\" aria-hidden=\"false\" data-hook=\"info-section-title\">2-Klingen &#8211; 1 1\/8&#8243; Premium einseitig abgeschr\u00e4gt rechts S7<\/h2>\n<div class=\"WncCi\" data-hook=\"info-section-description\">\n<p>Unsere Premium einseitig abgeschr\u00e4gten VPA 2-Klingen-Jagdspitzen werden dem Hype wirklich gerecht! Sie werden CNC-gefr\u00e4st aus einem St\u00fcck Premium-Werkzeugstahl (PTS) und w\u00e4rmebehandelt bis zu 58 Rockwell. Die T\u00fclle unterst\u00fctzt die Spitze bis hin zur knochensplitternden Spitze.  <\/p>\n<p>Die VPA-Linie der einseitig abgeschr\u00e4gten Jagdspitzen verf\u00fcgt \u00fcber eine ideale Klingendicke, extensive einseitige Abschr\u00e4gungen (35-Grad-Klingenwinkel) und Schneiden, die eine rasiermesserscharfe Kante erreichen k\u00f6nnen, perfekt f\u00fcr jede Art von Jagd.<\/p>\n<p>Basierend auf den Empfehlungen der Ashby-Stiftung hat ihre gerade eckige Form einen Vorteil gegen\u00fcber gekr\u00fcmmten Spitzen und bietet zudem eine einfache langfristige Wartung des Produkts in Bezug auf das Sch\u00e4rfen und Abziehen.<\/p>\n<p>Nutzen Sie den Vorteil der einseitig abgeschr\u00e4gten Kante, die bei der kontinuierlichen Kopfbewegung und Penetration hilft.<\/p>\n<p>Rechte Abschr\u00e4gung.<\/p>\n<p><b>Hinweis: <\/b>Stimmen Sie stets die rechte Abschr\u00e4gung mit rechtsgewickelten Federn\/Befiederungen und die linke Abschr\u00e4gung mit linksgewickelten Federn\/Befiederungen ab. Die Jagdspitzen kommen \u201efeldscharf\u201c. Vor der Jagd wird ein abschlie\u00dfendes Sch\u00e4rfen empfohlen.  <\/p>\n<\/div>\n<\/div>\n","protected":false},"excerpt":{"rendered":"<p>200gr Einseitig abgeschr\u00e4gter Kohlenstoff-Werkzeugstahl, 3er-Pack<\/p>\n","protected":false},"featured_media":241201,"comment_status":"open","ping_status":"closed","template":"","meta":[],"product_brand":[],"product_cat":[1079],"product_tag":[],"class_list":{"0":"post-281583","1":"product","2":"type-product","3":"status-publish","4":"has-post-thumbnail","6":"product_cat-jagd-spitzen","8":"first","9":"instock","10":"taxable","11":"shipping-taxable","12":"purchasable","13":"product-type-variable"},"composite_virtual":false,"composite_layout":"","composite_add_to_cart_form_location":"","composite_editable_in_cart":false,"composite_sold_individually_context":"","composite_shop_price_calc":"","composite_components":[],"composite_scenarios":[],"group_of_quantity":0,"min_quantity":0,"max_quantity":"","exclude_order_quantity_value_rules":"no","exclude_category_quantity_rules":"no","combine_variations":"no","exclude_global_add_ons":[],"addons":[],"_links":{"self":[{"href":"https:\/\/www.huntersfriend.eu\/de\/wp-json\/wp\/v2\/product\/281583","targetHints":{"allow":["GET"]}}],"collection":[{"href":"https:\/\/www.huntersfriend.eu\/de\/wp-json\/wp\/v2\/product"}],"about":[{"href":"https:\/\/www.huntersfriend.eu\/de\/wp-json\/wp\/v2\/types\/product"}],"replies":[{"embeddable":true,"href":"https:\/\/www.huntersfriend.eu\/de\/wp-json\/wp\/v2\/comments?post=281583"}],"wp:featuredmedia":[{"embeddable":true,"href":"https:\/\/www.huntersfriend.eu\/de\/wp-json\/wp\/v2\/media\/241201"}],"wp:attachment":[{"href":"https:\/\/www.huntersfriend.eu\/de\/wp-json\/wp\/v2\/media?parent=281583"}],"wp:term":[{"taxonomy":"product_brand","embeddable":true,"href":"https:\/\/www.huntersfriend.eu\/de\/wp-json\/wp\/v2\/product_brand?post=281583"},{"taxonomy":"product_cat","embeddable":true,"href":"https:\/\/www.huntersfriend.eu\/de\/wp-json\/wp\/v2\/product_cat?post=281583"},{"taxonomy":"product_tag","embeddable":true,"href":"https:\/\/www.huntersfriend.eu\/de\/wp-json\/wp\/v2\/product_tag?post=281583"}],"curies":[{"name":"wp","href":"https:\/\/api.w.org\/{rel}","templated":true}]}}