{"id":281576,"date":"2023-07-05T08:38:41","date_gmt":"2023-07-05T06:38:41","guid":{"rendered":"https:\/\/www.huntersfriend.eu\/product\/wasp-sharpshooter\/"},"modified":"2025-08-27T06:23:23","modified_gmt":"2025-08-27T04:23:23","slug":"wasp-sharpshooter","status":"publish","type":"product","link":"https:\/\/www.huntersfriend.eu\/de\/produkt\/wasp-sharpshooter\/","title":{"rendered":"Wasp SharpShooter"},"content":{"rendered":"<p>Der Wasp SharpShooter ist die neueste Erg\u00e4nzung mit feststehender Klinge in der SharpShooter-Familie. Die robusten 150 und 200 Grain Jagdspitzen erm\u00f6glichen nun eine h\u00f6here Vorderlastigkeit (FOC) und verleihen Ihrem Pfeil eine st\u00e4rkere Durchschlagskraft. <\/p>\n<p>Die SharpShooter 150 und 200 f\u00fcgen dem Wasp-Sortiment eine einseitig angeschliffene Klinge hinzu. Diese Jagdspitze mit feststehender Klinge bietet Ihnen eine hohe Vorderlastigkeit bei verbesserter Penetration. <\/p>\n<p>Schie\u00dfen Sie mit mehr Kraft unter Verwendung dieser SharpShooter Wasp Jagdspitze. Wenn Sie bereit sind, den lang ersehnten Schuss abzugeben, vertrauen Sie auf diese Jagdspitze, die entwickelt wurde, um Ihnen eine h\u00f6here kinetische Energie und einen h\u00e4rteren Aufschlag zu bieten. <\/p>\n","protected":false},"excerpt":{"rendered":"<p>3er-Pack<\/p>\n","protected":false},"featured_media":224945,"comment_status":"open","ping_status":"closed","template":"","meta":[],"product_brand":[],"product_cat":[1079,1222],"product_tag":[],"class_list":{"0":"post-281576","1":"product","2":"type-product","3":"status-publish","4":"has-post-thumbnail","6":"product_cat-jagd-spitzen","7":"product_cat-sonderangebote","9":"first","10":"instock","11":"sale","12":"taxable","13":"shipping-taxable","14":"purchasable","15":"product-type-variable"},"composite_virtual":false,"composite_layout":"","composite_add_to_cart_form_location":"","composite_editable_in_cart":false,"composite_sold_individually_context":"","composite_shop_price_calc":"","composite_components":[],"composite_scenarios":[],"group_of_quantity":0,"min_quantity":0,"max_quantity":"","exclude_order_quantity_value_rules":"no","exclude_category_quantity_rules":"no","combine_variations":"no","exclude_global_add_ons":[],"addons":[],"_links":{"self":[{"href":"https:\/\/www.huntersfriend.eu\/de\/wp-json\/wp\/v2\/product\/281576","targetHints":{"allow":["GET"]}}],"collection":[{"href":"https:\/\/www.huntersfriend.eu\/de\/wp-json\/wp\/v2\/product"}],"about":[{"href":"https:\/\/www.huntersfriend.eu\/de\/wp-json\/wp\/v2\/types\/product"}],"replies":[{"embeddable":true,"href":"https:\/\/www.huntersfriend.eu\/de\/wp-json\/wp\/v2\/comments?post=281576"}],"wp:featuredmedia":[{"embeddable":true,"href":"https:\/\/www.huntersfriend.eu\/de\/wp-json\/wp\/v2\/media\/224945"}],"wp:attachment":[{"href":"https:\/\/www.huntersfriend.eu\/de\/wp-json\/wp\/v2\/media?parent=281576"}],"wp:term":[{"taxonomy":"product_brand","embeddable":true,"href":"https:\/\/www.huntersfriend.eu\/de\/wp-json\/wp\/v2\/product_brand?post=281576"},{"taxonomy":"product_cat","embeddable":true,"href":"https:\/\/www.huntersfriend.eu\/de\/wp-json\/wp\/v2\/product_cat?post=281576"},{"taxonomy":"product_tag","embeddable":true,"href":"https:\/\/www.huntersfriend.eu\/de\/wp-json\/wp\/v2\/product_tag?post=281576"}],"curies":[{"name":"wp","href":"https:\/\/api.w.org\/{rel}","templated":true}]}}