{"id":281575,"date":"2023-06-27T11:40:26","date_gmt":"2025-06-23T10:12:45","guid":{"rendered":"https:\/\/www.huntersfriend.eu\/product\/hamskea-raptor-peep-gehaeuse\/"},"modified":"2026-03-30T13:08:20","modified_gmt":"2026-03-30T11:08:20","slug":"hamskea-raptor-peep-gehaeuse","status":"publish","type":"product","link":"https:\/\/www.huntersfriend.eu\/de\/produkt\/hamskea-raptor-peep-gehaeuse\/","title":{"rendered":"Hamskea Raptor Peep-Geh\u00e4use"},"content":{"rendered":"<p><strong>Duale 35\u00ba und 40\u00ba Sehnennutwinkel<\/strong><br \/>\nDie dualen Sehnenrillen erm\u00f6glichen es Bogensch\u00fctzen, den f\u00fcr ihre spezifische Konfiguration korrekten Sehnenwinkel zu w\u00e4hlen, ohne dass ein zweites Peep-Visier erworben werden muss. Die 35\u00ba- und 40\u00ba-Sehnenrillen wurden speziell ausgew\u00e4hlt, um den Sehnenwinkeln der heutigen Jagdb\u00f6gen gerecht zu werden. <\/p>\n<p><strong>Luftfahrt-Antireflexionstechnologie<\/strong><br \/>\nDie patentierte Lichtd\u00e4mpfung eliminiert Blendeffekte, indem sie verhindert, dass nicht-axiales Licht das Auge des Sch\u00fctzen erreicht. Dies gew\u00e4hrleistet ein klares und konsistentes Sichtbild unter allen Lichtbedingungen, insbesondere wenn die Sonne tief steht und die Sichtlinie am ehesten beeintr\u00e4chtigen k\u00f6nnte. <\/p>\n<p><strong>Propriet\u00e4re Teflonbeschichtung<\/strong><br \/>\nDie neue Teflonbeschichtung bietet eine glatte Peep-Oberfl\u00e4che, die die Sehne vor Abnutzung sch\u00fctzt. In der Hitze der Jagdsaison haben Sie keine Zeit, Ihre Sehne zu wechseln, und unsere Teflonbeschichtung stellt sicher, dass die Peep-Abnutzung kein Anlass zur Sorge ist. <\/p>\n<p><strong>Vollst\u00e4ndige Metallkonstruktion<\/strong><br \/>\nDie Vollaluminium-Konstruktion des Raptor Peep\u2122 Visiers gew\u00e4hrleistet Festigkeit ohne Geschwindigkeitseinbu\u00dfen. Ihre Jagd ist zu wichtig, um sie einem Peep-Visier aus Kunststoff anzuvertrauen, das brechen oder sich verformen kann. Genie\u00dfen Sie die Gewissheit, dass Ihr Peep-Visier den Kr\u00e4ften moderner B\u00f6gen standhalten kann.  <\/p>\n<p><strong>Gewicht<\/strong><br \/>\nDie Gewichte variieren je nach Gr\u00f6\u00dfe zwischen 16 und 24 Grain.<\/p>\n","protected":false},"excerpt":{"rendered":"<p>1\/8, 3\/16 oder 1\/4 Zoll<\/p>\n","protected":false},"featured_media":231424,"comment_status":"open","ping_status":"closed","template":"","meta":[],"product_brand":[],"product_cat":[1137],"product_tag":[],"class_list":{"0":"post-281575","1":"product","2":"type-product","3":"status-publish","4":"has-post-thumbnail","6":"product_cat-peeps-nocken-kisserbottons-und-zubehoer","8":"first","9":"instock","10":"taxable","11":"shipping-taxable","12":"purchasable","13":"product-type-variable"},"composite_virtual":false,"composite_layout":"","composite_add_to_cart_form_location":"","composite_editable_in_cart":false,"composite_sold_individually_context":"","composite_shop_price_calc":"","composite_components":[],"composite_scenarios":[],"group_of_quantity":0,"min_quantity":0,"max_quantity":"","exclude_order_quantity_value_rules":"no","exclude_category_quantity_rules":"no","combine_variations":"no","exclude_global_add_ons":[],"addons":[],"_links":{"self":[{"href":"https:\/\/www.huntersfriend.eu\/de\/wp-json\/wp\/v2\/product\/281575","targetHints":{"allow":["GET"]}}],"collection":[{"href":"https:\/\/www.huntersfriend.eu\/de\/wp-json\/wp\/v2\/product"}],"about":[{"href":"https:\/\/www.huntersfriend.eu\/de\/wp-json\/wp\/v2\/types\/product"}],"replies":[{"embeddable":true,"href":"https:\/\/www.huntersfriend.eu\/de\/wp-json\/wp\/v2\/comments?post=281575"}],"wp:featuredmedia":[{"embeddable":true,"href":"https:\/\/www.huntersfriend.eu\/de\/wp-json\/wp\/v2\/media\/231424"}],"wp:attachment":[{"href":"https:\/\/www.huntersfriend.eu\/de\/wp-json\/wp\/v2\/media?parent=281575"}],"wp:term":[{"taxonomy":"product_brand","embeddable":true,"href":"https:\/\/www.huntersfriend.eu\/de\/wp-json\/wp\/v2\/product_brand?post=281575"},{"taxonomy":"product_cat","embeddable":true,"href":"https:\/\/www.huntersfriend.eu\/de\/wp-json\/wp\/v2\/product_cat?post=281575"},{"taxonomy":"product_tag","embeddable":true,"href":"https:\/\/www.huntersfriend.eu\/de\/wp-json\/wp\/v2\/product_tag?post=281575"}],"curies":[{"name":"wp","href":"https:\/\/api.w.org\/{rel}","templated":true}]}}