{"id":281573,"date":"2023-06-27T09:45:23","date_gmt":"2023-06-27T07:45:23","guid":{"rendered":"https:\/\/www.huntersfriend.eu\/product\/buck-gardner-buck-brush-lockentenruf\/"},"modified":"2026-02-25T10:36:12","modified_gmt":"2026-02-25T08:36:12","slug":"buck-gardner-buck-brush-lockentenruf","status":"publish","type":"product","link":"https:\/\/www.huntersfriend.eu\/de\/produkt\/buck-gardner-buck-brush-lockentenruf\/","title":{"rendered":"Buck Gardner Buck Brush Lockentenruf"},"content":{"rendered":"<p>Buck Gardner hat das bew\u00e4hrte Design des legend\u00e4ren Buck Brush Acryl-Einzelzungenrufs genommen und es in einer Polycarbonat-Version entwickelt. Der Buck Brush ist klar, laut und hat eine pers\u00f6nliche Note, die die meisten Rufhersteller nur f\u00fcr ma\u00dfgefertigte Acrylrufe reservieren. Er verf\u00fcgt \u00fcber einen k\u00fcrzeren Lauf f\u00fcr verbesserte Luftkontrolle und Bedienung. Jeder Polycarbonat Buck Brush hat ein handgeschliffenes Tonbrett und ist mit handgeschnittenen Zungen sowie echtem Kork ausgestattet, um eine Leistung zu gew\u00e4hrleisten, die den Preis bei weitem \u00fcbertrifft.   <\/p>\n","protected":false},"excerpt":{"rendered":"<p>Rauchgrau\/Schwarz<\/p>\n","protected":false},"featured_media":250670,"comment_status":"open","ping_status":"closed","template":"","meta":[],"product_brand":[],"product_cat":[2804],"product_tag":[],"class_list":{"0":"post-281573","1":"product","2":"type-product","3":"status-publish","4":"has-post-thumbnail","6":"product_cat-andlockbeten","8":"first","9":"instock","10":"taxable","11":"shipping-taxable","12":"purchasable","13":"product-type-simple"},"composite_virtual":false,"composite_layout":"","composite_add_to_cart_form_location":"","composite_editable_in_cart":false,"composite_sold_individually_context":"","composite_shop_price_calc":"","composite_components":[],"composite_scenarios":[],"group_of_quantity":0,"min_quantity":0,"max_quantity":"","exclude_order_quantity_value_rules":"no","exclude_category_quantity_rules":"no","combine_variations":"no","exclude_global_add_ons":[],"addons":[],"_links":{"self":[{"href":"https:\/\/www.huntersfriend.eu\/de\/wp-json\/wp\/v2\/product\/281573","targetHints":{"allow":["GET"]}}],"collection":[{"href":"https:\/\/www.huntersfriend.eu\/de\/wp-json\/wp\/v2\/product"}],"about":[{"href":"https:\/\/www.huntersfriend.eu\/de\/wp-json\/wp\/v2\/types\/product"}],"replies":[{"embeddable":true,"href":"https:\/\/www.huntersfriend.eu\/de\/wp-json\/wp\/v2\/comments?post=281573"}],"wp:featuredmedia":[{"embeddable":true,"href":"https:\/\/www.huntersfriend.eu\/de\/wp-json\/wp\/v2\/media\/250670"}],"wp:attachment":[{"href":"https:\/\/www.huntersfriend.eu\/de\/wp-json\/wp\/v2\/media?parent=281573"}],"wp:term":[{"taxonomy":"product_brand","embeddable":true,"href":"https:\/\/www.huntersfriend.eu\/de\/wp-json\/wp\/v2\/product_brand?post=281573"},{"taxonomy":"product_cat","embeddable":true,"href":"https:\/\/www.huntersfriend.eu\/de\/wp-json\/wp\/v2\/product_cat?post=281573"},{"taxonomy":"product_tag","embeddable":true,"href":"https:\/\/www.huntersfriend.eu\/de\/wp-json\/wp\/v2\/product_tag?post=281573"}],"curies":[{"name":"wp","href":"https:\/\/api.w.org\/{rel}","templated":true}]}}