{"id":281569,"date":"2023-06-27T09:01:46","date_gmt":"2023-06-27T07:01:46","guid":{"rendered":"https:\/\/www.huntersfriend.eu\/product\/buck-gardner-graugeist-kanadaganslocker\/"},"modified":"2025-08-12T04:54:42","modified_gmt":"2025-08-12T02:54:42","slug":"buck-gardner-graugeist-kanadaganslocker","status":"publish","type":"product","link":"https:\/\/www.huntersfriend.eu\/de\/produkt\/buck-gardner-graugeist-kanadaganslocker\/","title":{"rendered":"Buck Gardner Graugeist-Kanadaganslocker"},"content":{"rendered":"<p>Basierend auf Buck Gardners bew\u00e4hrter Grey Ghost Acryl-G\u00e4nsepfeife ist dieses Modell mit einem k\u00fcrzeren Lauf und einem Einsatz konzipiert, der f\u00fcr blitzschnelle Doppelgackerer und einen h\u00f6heren Ton f\u00fcr laute, klingende Rufe ausgelegt ist, die sich von der Masse abheben.<\/p>\n<p>BG Calls arbeitet seit 1996 kontinuierlich daran, die kosteng\u00fcnstigsten und qualitativ hochwertigsten Jagdrufe f\u00fcr jeden J\u00e4ger zu produzieren. Damit einher geht unsere lebenslange Garantie gegen Herstellungsfehler sowie kostenlose Nachstimmservices f\u00fcr die gesamte Lebensdauer des Rufs! <\/p>\n<ul>\n<li>Nahezu unzerst\u00f6rbares Polycarbonat<\/li>\n<li>Kurzlauf-Design<\/li>\n<li>Patentiertes Quick-Tune\u00ae Innenleben oder eingearbeitetes Innenleben<\/li>\n<li>Lebenslange Garantie<\/li>\n<li>Bew\u00e4hrt und erprobt<\/li>\n<\/ul>\n","protected":false},"excerpt":{"rendered":"<p>Schwarz<\/p>\n","protected":false},"featured_media":250679,"comment_status":"open","ping_status":"closed","template":"","meta":[],"product_brand":[],"product_cat":[1402],"product_tag":[],"class_list":{"0":"post-281569","1":"product","2":"type-product","3":"status-publish","4":"has-post-thumbnail","6":"product_cat-ganselocker","8":"first","9":"instock","10":"taxable","11":"shipping-taxable","12":"purchasable","13":"product-type-simple"},"composite_virtual":false,"composite_layout":"","composite_add_to_cart_form_location":"","composite_editable_in_cart":false,"composite_sold_individually_context":"","composite_shop_price_calc":"","composite_components":[],"composite_scenarios":[],"group_of_quantity":0,"min_quantity":0,"max_quantity":"","exclude_order_quantity_value_rules":"no","exclude_category_quantity_rules":"no","combine_variations":"no","exclude_global_add_ons":[],"addons":[],"_links":{"self":[{"href":"https:\/\/www.huntersfriend.eu\/de\/wp-json\/wp\/v2\/product\/281569","targetHints":{"allow":["GET"]}}],"collection":[{"href":"https:\/\/www.huntersfriend.eu\/de\/wp-json\/wp\/v2\/product"}],"about":[{"href":"https:\/\/www.huntersfriend.eu\/de\/wp-json\/wp\/v2\/types\/product"}],"replies":[{"embeddable":true,"href":"https:\/\/www.huntersfriend.eu\/de\/wp-json\/wp\/v2\/comments?post=281569"}],"wp:featuredmedia":[{"embeddable":true,"href":"https:\/\/www.huntersfriend.eu\/de\/wp-json\/wp\/v2\/media\/250679"}],"wp:attachment":[{"href":"https:\/\/www.huntersfriend.eu\/de\/wp-json\/wp\/v2\/media?parent=281569"}],"wp:term":[{"taxonomy":"product_brand","embeddable":true,"href":"https:\/\/www.huntersfriend.eu\/de\/wp-json\/wp\/v2\/product_brand?post=281569"},{"taxonomy":"product_cat","embeddable":true,"href":"https:\/\/www.huntersfriend.eu\/de\/wp-json\/wp\/v2\/product_cat?post=281569"},{"taxonomy":"product_tag","embeddable":true,"href":"https:\/\/www.huntersfriend.eu\/de\/wp-json\/wp\/v2\/product_tag?post=281569"}],"curies":[{"name":"wp","href":"https:\/\/api.w.org\/{rel}","templated":true}]}}