{"id":281561,"date":"2023-06-27T08:57:56","date_gmt":"2025-06-23T10:12:39","guid":{"rendered":"https:\/\/www.huntersfriend.eu\/product\/hamskea-trinity-target-pro\/"},"modified":"2025-11-03T23:19:27","modified_gmt":"2025-11-03T21:19:27","slug":"hamskea-trinity-target-pro","status":"publish","type":"product","link":"https:\/\/www.huntersfriend.eu\/de\/produkt\/hamskea-trinity-target-pro\/","title":{"rendered":"Hamskea Trinity Target Pro"},"content":{"rendered":"<p>Die Trinity Target Pro Micro-tune Pfeilauflage \u00fcbertrifft schlichtweg alle anderen in ihrer Gesamtheit! Ihr Stammbaum findet sich in der weltrekordtr\u00e4chtigen Hamskea VersaRest und den leichtgewichtigen Designelementen der Hamskea Hybrid Series Pfeilauflagen wieder.  Mit einem sehr glatten und stabilen Drei-Edelstahl-Lagerfundament, das die rotierende Tr\u00e4gerstange tr\u00e4gt, bewegen wir uns hier im Null-Toleranz-Bereich.<\/p>\n<p>Der Trinity Target Pro \u00fcbernimmt zudem die \u00e4u\u00dferst erfolgreiche Zero Stop Technologie f\u00fcr die Aufw\u00e4rts- und Abw\u00e4rtspositionen des Launchers, was f\u00fcr eine absolut wiederholbare Launcherposition zur Maximierung der Genauigkeit sorgt. Die patentierte Inline-D\u00e4mpfungsspule bildet auch die Grundlage f\u00fcr diese branchenweit f\u00fchrende ultrastabile Pfeilauflage.<\/p>\n<p>Der Trinity Target Pro wird mit unserem neuen G-FleX Breitziellauncher geliefert, der die Notwendigkeit einer R\u00fcckenplatte eliminiert, da das Verbundmaterial und das zum Patent angemeldete konische Design f\u00fcr reduzierte Vibrationen, verminderten R\u00fcckprall und eine erh\u00f6hte Erm\u00fcdungslebensdauer sorgen.<\/p>\n<p>Der Trinity Target Pro vereinfacht und beschleunigt die Einrichtung durch die Einf\u00fchrung der EasyGlide-Seilverstellung und des Spanners. L\u00f6sen Sie einfach den Sicherungs-O-Ring und schieben Sie die Platte in die gew\u00fcnschte Position um die gew\u00fcnschte Kabelspannung zu erreichen. Danach bringen Sie den O-Ring wieder an. Es ist wirklich kinderleicht. Die Tage des Herumfummelns mit kleinen Verschl\u00fcssen und Stellschrauben sind vorbei.<\/p>\n<p>Einstellbarkeit ist f\u00fcr alle Zielsch\u00fctzen von entscheidender Bedeutung. Der Trinity Target Pro erm\u00f6glicht ultimative Einstellbarkeit und verf\u00fcgt standardm\u00e4\u00dfig \u00fcber Mikro-Tuning-Funktionen f\u00fcr Windage und Elevation. Der strukturierte Federknopf bietet mehrere Einstellpositionen, um die Rotationsspannung der Auflage zu \u00e4ndern. In Verbindung mit dem 8-seitigen, rutschfesten Kompressionsklemmendesign f\u00fcr den Hebelarm und der Anti-R\u00fcckprall-D\u00e4mpfungsspule haben Sie alles, was Sie ben\u00f6tigen, um Ihre Genauigkeit zu maximieren.<\/p>\n","protected":false},"excerpt":{"rendered":"<p>Die Trinity Target Pro Micro-tune Pfeilauflage \u00fcbertrifft schlichtweg alle anderen in ihrer Gesamtheit! Ihr Stammbaum findet sich in der weltrekordtr\u00e4chtigen Hamskea VersaRest und den leichtgewichtigen Designelementen der Hamskea Hybrid Series Pfeilauflagen wieder. Mit einem sehr glatten und stabilen Drei-Edelstahl-Lagerfundament, das die rotierende Tr\u00e4gerstange tr\u00e4gt, bewegen wir uns hier im Null-Toleranz-Bereich. Der Trinity Target Pro \u00fcbernimmt [&#8230;]\n","protected":false},"featured_media":245268,"comment_status":"open","ping_status":"closed","template":"","meta":[],"product_brand":[],"product_cat":[1229],"product_tag":[],"class_list":{"0":"post-281561","1":"product","2":"type-product","3":"status-publish","4":"has-post-thumbnail","6":"product_cat-compound-blade-rest","8":"first","9":"instock","10":"taxable","11":"shipping-taxable","12":"purchasable","13":"product-type-variable"},"composite_virtual":false,"composite_layout":"","composite_add_to_cart_form_location":"","composite_editable_in_cart":false,"composite_sold_individually_context":"","composite_shop_price_calc":"","composite_components":[],"composite_scenarios":[],"group_of_quantity":0,"min_quantity":0,"max_quantity":"","exclude_order_quantity_value_rules":"no","exclude_category_quantity_rules":"no","combine_variations":"no","exclude_global_add_ons":[],"addons":[],"_links":{"self":[{"href":"https:\/\/www.huntersfriend.eu\/de\/wp-json\/wp\/v2\/product\/281561","targetHints":{"allow":["GET"]}}],"collection":[{"href":"https:\/\/www.huntersfriend.eu\/de\/wp-json\/wp\/v2\/product"}],"about":[{"href":"https:\/\/www.huntersfriend.eu\/de\/wp-json\/wp\/v2\/types\/product"}],"replies":[{"embeddable":true,"href":"https:\/\/www.huntersfriend.eu\/de\/wp-json\/wp\/v2\/comments?post=281561"}],"wp:featuredmedia":[{"embeddable":true,"href":"https:\/\/www.huntersfriend.eu\/de\/wp-json\/wp\/v2\/media\/245268"}],"wp:attachment":[{"href":"https:\/\/www.huntersfriend.eu\/de\/wp-json\/wp\/v2\/media?parent=281561"}],"wp:term":[{"taxonomy":"product_brand","embeddable":true,"href":"https:\/\/www.huntersfriend.eu\/de\/wp-json\/wp\/v2\/product_brand?post=281561"},{"taxonomy":"product_cat","embeddable":true,"href":"https:\/\/www.huntersfriend.eu\/de\/wp-json\/wp\/v2\/product_cat?post=281561"},{"taxonomy":"product_tag","embeddable":true,"href":"https:\/\/www.huntersfriend.eu\/de\/wp-json\/wp\/v2\/product_tag?post=281561"}],"curies":[{"name":"wp","href":"https:\/\/api.w.org\/{rel}","templated":true}]}}