{"id":281556,"date":"2023-06-07T11:24:30","date_gmt":"2023-06-07T09:24:30","guid":{"rendered":"https:\/\/www.huntersfriend.eu\/product\/nap-spitfire\/"},"modified":"2025-07-17T03:40:38","modified_gmt":"2025-07-17T01:40:38","slug":"nap-spitfire","status":"publish","type":"product","link":"https:\/\/www.huntersfriend.eu\/de\/produkt\/nap-spitfire\/","title":{"rendered":"NAP Spitfire"},"content":{"rendered":"<p>Spitfire ist zweifellos der vertrauensw\u00fcrdigste Name im Bereich der mechanischen Jagdspitzen. Der Ruf von Spitfire ist wohlverdient. Spitfires fliegen geradlinig mit h\u00f6chster Pr\u00e4zision und \u00fcbertreffen die Leistung aller anderen mechanischen Jagdspitzen. Dank der sch\u00e4rfsten \u201eDiamize\u201c-Klingen auf dem Markt sind die Spitfires in der Lage, h\u00e4rtesten Bedingungen standzuhalten und die verheerendsten Wunden zu hinterlassen. Der NAP Spitfire verf\u00fcgt \u00fcber die patentierte Slimline-Ferrule, ein exklusives Design von NAP. Das Snap-Lock-Klingensystem von NAP h\u00e4lt die Klingen w\u00e4hrend des Fluges geschlossen, selbst bei den schnellsten B\u00f6gen von heute, ohne Gummib\u00e4nder oder O-Ringe. \u00dcbungsklingen sind f\u00fcr den Spitfire erh\u00e4ltlich, um sicherzustellen, dass Ihre scharfen Klingen einsatzbereit sind, wenn es darauf ankommt, und der massive Schnittdurchmesser von 1-1\/2 Zoll bringt alles zu einem effektiven Abschluss.      <\/p>\n","protected":false},"excerpt":{"rendered":"<p>Spitfire ist zweifellos der vertrauensw\u00fcrdigste Name im Bereich der mechanischen Jagdspitzen. Der Ruf von Spitfire ist wohlverdient. Spitfires fliegen geradlinig mit h\u00f6chster Pr\u00e4zision und \u00fcbertreffen die Leistung aller anderen mechanischen Jagdspitzen. Dank der sch\u00e4rfsten \u201eDiamize\u201c-Klingen auf dem Markt sind die Spitfires in der Lage, h\u00e4rtesten Bedingungen standzuhalten und die verheerendsten Wunden zu hinterlassen. Der NAP [&#8230;]\n","protected":false},"featured_media":208433,"comment_status":"open","ping_status":"closed","template":"","meta":[],"product_brand":[],"product_cat":[1079,1222],"product_tag":[],"class_list":{"0":"post-281556","1":"product","2":"type-product","3":"status-publish","4":"has-post-thumbnail","6":"product_cat-jagd-spitzen","7":"product_cat-sonderangebote","9":"first","10":"instock","11":"sale","12":"taxable","13":"shipping-taxable","14":"purchasable","15":"product-type-variable"},"composite_virtual":false,"composite_layout":"","composite_add_to_cart_form_location":"","composite_editable_in_cart":false,"composite_sold_individually_context":"","composite_shop_price_calc":"","composite_components":[],"composite_scenarios":[],"group_of_quantity":0,"min_quantity":0,"max_quantity":"","exclude_order_quantity_value_rules":"no","exclude_category_quantity_rules":"no","combine_variations":"no","exclude_global_add_ons":[],"addons":[],"_links":{"self":[{"href":"https:\/\/www.huntersfriend.eu\/de\/wp-json\/wp\/v2\/product\/281556","targetHints":{"allow":["GET"]}}],"collection":[{"href":"https:\/\/www.huntersfriend.eu\/de\/wp-json\/wp\/v2\/product"}],"about":[{"href":"https:\/\/www.huntersfriend.eu\/de\/wp-json\/wp\/v2\/types\/product"}],"replies":[{"embeddable":true,"href":"https:\/\/www.huntersfriend.eu\/de\/wp-json\/wp\/v2\/comments?post=281556"}],"wp:featuredmedia":[{"embeddable":true,"href":"https:\/\/www.huntersfriend.eu\/de\/wp-json\/wp\/v2\/media\/208433"}],"wp:attachment":[{"href":"https:\/\/www.huntersfriend.eu\/de\/wp-json\/wp\/v2\/media?parent=281556"}],"wp:term":[{"taxonomy":"product_brand","embeddable":true,"href":"https:\/\/www.huntersfriend.eu\/de\/wp-json\/wp\/v2\/product_brand?post=281556"},{"taxonomy":"product_cat","embeddable":true,"href":"https:\/\/www.huntersfriend.eu\/de\/wp-json\/wp\/v2\/product_cat?post=281556"},{"taxonomy":"product_tag","embeddable":true,"href":"https:\/\/www.huntersfriend.eu\/de\/wp-json\/wp\/v2\/product_tag?post=281556"}],"curies":[{"name":"wp","href":"https:\/\/api.w.org\/{rel}","templated":true}]}}