{"id":281552,"date":"2023-06-06T11:00:42","date_gmt":"2025-06-23T10:12:35","guid":{"rendered":"https:\/\/www.huntersfriend.eu\/product\/work-sharp-schleifbaender\/"},"modified":"2025-08-27T06:23:13","modified_gmt":"2025-08-27T04:23:13","slug":"work-sharp-schleifbaender","status":"publish","type":"product","link":"https:\/\/www.huntersfriend.eu\/de\/produkt\/work-sharp-schleifbaender\/","title":{"rendered":"Work Sharp Schleifb\u00e4nder"},"content":{"rendered":"<p>In der Packung befinden sich 6 St\u00fcck Work Sharp Schleif-\/Sch\u00e4rfmaschinenb\u00e4nder<\/p>\n<p>2 St\u00fcck von jeder K\u00f6rnung: 80, 220 und 6000.<\/p>\n","protected":false},"excerpt":{"rendered":"<p>In der Packung befinden sich 6 St\u00fcck Work Sharp Schleif-\/Sch\u00e4rfmaschinenb\u00e4nder 2 St\u00fcck von jeder K\u00f6rnung: 80, 220 und 6000.<\/p>\n","protected":false},"featured_media":249330,"comment_status":"open","ping_status":"closed","template":"","meta":[],"product_brand":[],"product_cat":[1134],"product_tag":[],"class_list":{"0":"post-281552","1":"product","2":"type-product","3":"status-publish","4":"has-post-thumbnail","6":"product_cat-messer-aexte-und-schaerfer","8":"first","9":"instock","10":"taxable","11":"shipping-taxable","12":"purchasable","13":"product-type-simple"},"composite_virtual":false,"composite_layout":"","composite_add_to_cart_form_location":"","composite_editable_in_cart":false,"composite_sold_individually_context":"","composite_shop_price_calc":"","composite_components":[],"composite_scenarios":[],"group_of_quantity":0,"min_quantity":0,"max_quantity":"","exclude_order_quantity_value_rules":"no","exclude_category_quantity_rules":"no","combine_variations":"no","exclude_global_add_ons":[],"addons":[],"_links":{"self":[{"href":"https:\/\/www.huntersfriend.eu\/de\/wp-json\/wp\/v2\/product\/281552","targetHints":{"allow":["GET"]}}],"collection":[{"href":"https:\/\/www.huntersfriend.eu\/de\/wp-json\/wp\/v2\/product"}],"about":[{"href":"https:\/\/www.huntersfriend.eu\/de\/wp-json\/wp\/v2\/types\/product"}],"replies":[{"embeddable":true,"href":"https:\/\/www.huntersfriend.eu\/de\/wp-json\/wp\/v2\/comments?post=281552"}],"wp:featuredmedia":[{"embeddable":true,"href":"https:\/\/www.huntersfriend.eu\/de\/wp-json\/wp\/v2\/media\/249330"}],"wp:attachment":[{"href":"https:\/\/www.huntersfriend.eu\/de\/wp-json\/wp\/v2\/media?parent=281552"}],"wp:term":[{"taxonomy":"product_brand","embeddable":true,"href":"https:\/\/www.huntersfriend.eu\/de\/wp-json\/wp\/v2\/product_brand?post=281552"},{"taxonomy":"product_cat","embeddable":true,"href":"https:\/\/www.huntersfriend.eu\/de\/wp-json\/wp\/v2\/product_cat?post=281552"},{"taxonomy":"product_tag","embeddable":true,"href":"https:\/\/www.huntersfriend.eu\/de\/wp-json\/wp\/v2\/product_tag?post=281552"}],"curies":[{"name":"wp","href":"https:\/\/api.w.org\/{rel}","templated":true}]}}