{"id":281546,"date":"2023-05-15T08:48:28","date_gmt":"2025-06-23T10:12:34","guid":{"rendered":"https:\/\/www.huntersfriend.eu\/product\/meat-seeker-lung-buster-jagdpfeil\/"},"modified":"2026-02-19T21:41:59","modified_gmt":"2026-02-19T19:41:59","slug":"meat-seeker-lung-buster-jagdpfeil","status":"publish","type":"product","link":"https:\/\/www.huntersfriend.eu\/de\/produkt\/meat-seeker-lung-buster-jagdpfeil\/","title":{"rendered":"Meat Seeker Lung Buster Jagdpfeil"},"content":{"rendered":"<div class=\"QcsUad BDJ8fb BLojaf sMVRZe wneUed\">\n<div class=\"XL3Kf\">\n<div class=\"a8FIud X0rvP L6rCcb\">\n<div data-show-delay-ms=\"250\" data-append-to-body=\"false\" data-propagate-tooltip-mouseover-events=\"true\" data-anchor-corner=\"bottom-end\" data-enable-skip-handler=\"false\" data-popup-corner=\"top-end\">\n<div><\/div>\n<\/div>\n<\/div>\n<\/div>\n<div class=\"usGWQd\" aria-live=\"polite\">\n<div class=\"KkbLmb\">\n<div class=\"lRu31\"><span class=\"HwtZe\" lang=\"en\"><span class=\"jCAhz ChMk0b\"><span class=\"ryNqvb\">Bitte erw\u00e4hnen Sie die L\u00e4nge des Pfeils (ATA-Messung) im Informationsfeld beim Auschecken, falls Sie m\u00f6chten, dass wir sie f\u00fcr Sie zuschneiden und\/oder die Eins\u00e4tze installieren.<\/span><\/span><\/span><\/div>\n<div><\/div>\n<div class=\"lRu31\"><span class=\"HwtZe\" lang=\"en\"><span class=\"jCAhz ChMk0b\"><span class=\"ryNqvb\">Meat Seeker Lung Buster ist ein hochwertiger Karbonfaserpfeil f\u00fcr die Jagd und das Zielschie\u00dfen. Vor seiner Markteinf\u00fchrung wurde er zwei Jahre lang von unserem eigenen Personal im Feld getestet. <\/span><\/span><\/span><\/div>\n<div><\/div>\n<div class=\"lRu31\"><span class=\"HwtZe\" lang=\"en\"><span class=\"jCAhz ChMk0b\"><span class=\"ryNqvb\">6,2 mm (0,244 Zoll) S-Gr\u00f6\u00dfe Nocken<\/span><\/span><\/span><\/div>\n<div><\/div>\n<div class=\"lRu31\"><span class=\"HwtZe\" lang=\"en\"><span class=\"jCAhz ChMk0b\"><span class=\"ryNqvb\">Geradheitstoleranzen: 0,003 Zoll<\/span><\/span> <\/span><\/div>\n<div><\/div>\n<div class=\"lRu31\"><span class=\"HwtZe\" lang=\"en\"><span class=\"jCAhz ChMk0b\"><span class=\"ryNqvb\">Gewicht:<\/span><\/span> <span class=\"jCAhz ChMk0b\"><span class=\"ryNqvb\">Spine 250 10,5 gpi<\/span><\/span> <\/span><\/div>\n<div class=\"lRu31\"><span class=\"HwtZe\" lang=\"en\"><span class=\"jCAhz ChMk0b\"><span class=\"ryNqvb\">Spine 300 9,3 gpi<\/span><\/span> <\/span><\/div>\n<div class=\"lRu31\"><span class=\"HwtZe\" lang=\"en\"><span class=\"jCAhz ChMk0b\"><span class=\"ryNqvb\">Spine <\/span><\/span><\/span><span class=\"HwtZe\" lang=\"en\"><span class=\"jCAhz ChMk0b\"><span class=\"ryNqvb\">340 8,9 gpi<\/span><\/span> <\/span> <\/div>\n<div class=\"lRu31\"><span class=\"HwtZe\" lang=\"en\"><span class=\"jCAhz ChMk0b\"><span class=\"ryNqvb\">Spine <\/span><\/span><\/span><span class=\"HwtZe\" lang=\"en\"><span class=\"jCAhz ChMk0b\"><span class=\"ryNqvb\">400 8,0 gpi<\/span><\/span> <\/span> <\/div>\n<div class=\"lRu31\"><span class=\"HwtZe\" lang=\"en\"><span class=\"jCAhz ChMk0b\"><span class=\"ryNqvb\">Spine 500 6,9 gpi<\/span><\/span> <\/span><\/div>\n<div><\/div>\n<div class=\"lRu31\"><span class=\"HwtZe\" lang=\"en\"><span class=\"jCAhz ChMk0b\"><span class=\"ryNqvb\">Hochwertige<\/span><\/span> Aluminium-<span class=\"jCAhz ChMk0b\"><span class=\"ryNqvb\">Eins\u00e4tze mit einem Gewicht von 12 Grain<\/span><\/span> <\/span><\/div>\n<div><\/div>\n<div class=\"lRu31\"><span class=\"HwtZe\" lang=\"en\"><span class=\"jCAhz ChMk0b\"><span class=\"ryNqvb\">S-Gr\u00f6\u00dfe Nocke wiegt 9 Grain<\/span><\/span><\/span><\/div>\n<\/div>\n<\/div>\n<\/div>\n","protected":false},"excerpt":{"rendered":"<p>Bitte erw\u00e4hnen Sie die L\u00e4nge des Pfeils (ATA-Messung) im Informationsfeld beim Auschecken, falls Sie m\u00f6chten, dass wir sie f\u00fcr Sie zuschneiden und\/oder die Eins\u00e4tze installieren. Meat Seeker Lung Buster ist ein hochwertiger Karbonfaserpfeil f\u00fcr die Jagd und das Zielschie\u00dfen. Vor seiner Markteinf\u00fchrung wurde er zwei Jahre lang von unserem eigenen Personal im Feld getestet. 6,2 [&#8230;]\n","protected":false},"featured_media":248080,"comment_status":"open","ping_status":"closed","template":"","meta":[],"product_brand":[],"product_cat":[1100],"product_tag":[],"class_list":{"0":"post-281546","1":"product","2":"type-product","3":"status-publish","4":"has-post-thumbnail","6":"product_cat-karbon-jagd-pfeile","8":"first","9":"instock","10":"taxable","11":"shipping-taxable","12":"purchasable","13":"product-type-variable"},"composite_virtual":false,"composite_layout":"","composite_add_to_cart_form_location":"","composite_editable_in_cart":false,"composite_sold_individually_context":"","composite_shop_price_calc":"","composite_components":[],"composite_scenarios":[],"group_of_quantity":0,"min_quantity":0,"max_quantity":"","exclude_order_quantity_value_rules":"no","exclude_category_quantity_rules":"no","combine_variations":"no","exclude_global_add_ons":false,"addons":[{"name":"Zuschnitt","type":"multiple_choice","position":0,"required":true,"title_format":"label","default":"","description_enable":false,"description":null,"placeholder_enable":false,"placeholder":null,"display":"select","restrictions_type":"any_text","adjust_price":false,"price":"","price_type":"flat_fee","restrictions":false,"min":"0","max":"0","options":[{"label":"Nicht schneiden","price":"","price_type":"flat_fee","image":0,"visibility":true},{"label":"Bitte schneiden - f\u00fcgen Sie die gew\u00fcnschte L\u00e4nge im Infofeld beim Auschecken hinzu","price":"","price_type":"flat_fee","image":0,"visibility":true}]},{"name":"Eins\u00e4tze","type":"multiple_choice","position":1,"required":true,"title_format":"label","default":"","description_enable":false,"description":null,"placeholder_enable":false,"placeholder":null,"display":"select","restrictions_type":"any_text","adjust_price":false,"price":"","price_type":"flat_fee","restrictions":false,"min":"0","max":"0","options":[{"label":"Eins\u00e4tze installieren (Dies ist dauerhaft!)","price":"","price_type":"flat_fee","image":0,"visibility":true},{"label":"Eins\u00e4tze nicht installieren (lose beilegen)","price":"","price_type":"flat_fee","image":0,"visibility":true}]}],"_links":{"self":[{"href":"https:\/\/www.huntersfriend.eu\/de\/wp-json\/wp\/v2\/product\/281546","targetHints":{"allow":["GET"]}}],"collection":[{"href":"https:\/\/www.huntersfriend.eu\/de\/wp-json\/wp\/v2\/product"}],"about":[{"href":"https:\/\/www.huntersfriend.eu\/de\/wp-json\/wp\/v2\/types\/product"}],"replies":[{"embeddable":true,"href":"https:\/\/www.huntersfriend.eu\/de\/wp-json\/wp\/v2\/comments?post=281546"}],"wp:featuredmedia":[{"embeddable":true,"href":"https:\/\/www.huntersfriend.eu\/de\/wp-json\/wp\/v2\/media\/248080"}],"wp:attachment":[{"href":"https:\/\/www.huntersfriend.eu\/de\/wp-json\/wp\/v2\/media?parent=281546"}],"wp:term":[{"taxonomy":"product_brand","embeddable":true,"href":"https:\/\/www.huntersfriend.eu\/de\/wp-json\/wp\/v2\/product_brand?post=281546"},{"taxonomy":"product_cat","embeddable":true,"href":"https:\/\/www.huntersfriend.eu\/de\/wp-json\/wp\/v2\/product_cat?post=281546"},{"taxonomy":"product_tag","embeddable":true,"href":"https:\/\/www.huntersfriend.eu\/de\/wp-json\/wp\/v2\/product_tag?post=281546"}],"curies":[{"name":"wp","href":"https:\/\/api.w.org\/{rel}","templated":true}]}}