{"id":281544,"date":"2023-05-13T05:16:14","date_gmt":"2025-06-23T10:12:33","guid":{"rendered":"https:\/\/www.huntersfriend.eu\/product\/stan-axis\/"},"modified":"2025-08-27T06:23:07","modified_gmt":"2025-08-27T04:23:07","slug":"stan-axis","status":"publish","type":"product","link":"https:\/\/www.huntersfriend.eu\/de\/produkt\/stan-axis\/","title":{"rendered":"Stan Axis"},"content":{"rendered":"<p>Der AXIS ist STANs neueste Entwicklung im Bereich moderner Jagdausl\u00f6ser. Er zeichnet sich durch ein schlankes und ergonomisches 3-Finger-Design, ein komfortables Lederhandgelenksband und unseren zum Patent angemeldeten au\u00dfermittigen Nockenstift zur Einstellung aus. Der AXIS wird sowohl durch Dr\u00fccken der Daumentrommel ausgel\u00f6st als auch zur\u00fcckgesetzt. Der AXIS pr\u00e4sentiert sich in STANs ber\u00fchmtem salbeigr\u00fcnen Finish mit einer kurzen Daumenverl\u00e4ngerung und einer kleinen Daumentrommel.   <\/p>\n<p>Der AXIS wird mit einem kurzen Verl\u00e4ngerungsstab, einer kleinen Daumentrommel und einem komfortablen Lederhandgelenksband geliefert. Der AXIS ist in einer Gr\u00f6\u00dfe erh\u00e4ltlich, mit unserem schlanken 3-Finger-Design in Salbeigr\u00fcn. <\/p>\n","protected":false},"excerpt":{"rendered":"<p>Der AXIS ist STANs neueste Entwicklung im Bereich moderner Jagdausl\u00f6ser. Er zeichnet sich durch ein schlankes und ergonomisches 3-Finger-Design, ein komfortables Lederhandgelenksband und unseren zum Patent angemeldeten au\u00dfermittigen Nockenstift zur Einstellung aus. Der AXIS wird sowohl durch Dr\u00fccken der Daumentrommel ausgel\u00f6st als auch zur\u00fcckgesetzt. Der AXIS pr\u00e4sentiert sich in STANs ber\u00fchmtem salbeigr\u00fcnen Finish mit einer [&#8230;]\n","protected":false},"featured_media":248580,"comment_status":"open","ping_status":"closed","template":"","meta":[],"product_brand":[],"product_cat":[1094],"product_tag":[],"class_list":{"0":"post-281544","1":"product","2":"type-product","3":"status-publish","4":"has-post-thumbnail","6":"product_cat-hand-release","8":"first","9":"instock","10":"taxable","11":"shipping-taxable","12":"purchasable","13":"product-type-simple"},"composite_virtual":false,"composite_layout":"","composite_add_to_cart_form_location":"","composite_editable_in_cart":false,"composite_sold_individually_context":"","composite_shop_price_calc":"","composite_components":[],"composite_scenarios":[],"group_of_quantity":0,"min_quantity":0,"max_quantity":"","exclude_order_quantity_value_rules":"no","exclude_category_quantity_rules":"no","combine_variations":"no","exclude_global_add_ons":[],"addons":[],"_links":{"self":[{"href":"https:\/\/www.huntersfriend.eu\/de\/wp-json\/wp\/v2\/product\/281544","targetHints":{"allow":["GET"]}}],"collection":[{"href":"https:\/\/www.huntersfriend.eu\/de\/wp-json\/wp\/v2\/product"}],"about":[{"href":"https:\/\/www.huntersfriend.eu\/de\/wp-json\/wp\/v2\/types\/product"}],"replies":[{"embeddable":true,"href":"https:\/\/www.huntersfriend.eu\/de\/wp-json\/wp\/v2\/comments?post=281544"}],"wp:featuredmedia":[{"embeddable":true,"href":"https:\/\/www.huntersfriend.eu\/de\/wp-json\/wp\/v2\/media\/248580"}],"wp:attachment":[{"href":"https:\/\/www.huntersfriend.eu\/de\/wp-json\/wp\/v2\/media?parent=281544"}],"wp:term":[{"taxonomy":"product_brand","embeddable":true,"href":"https:\/\/www.huntersfriend.eu\/de\/wp-json\/wp\/v2\/product_brand?post=281544"},{"taxonomy":"product_cat","embeddable":true,"href":"https:\/\/www.huntersfriend.eu\/de\/wp-json\/wp\/v2\/product_cat?post=281544"},{"taxonomy":"product_tag","embeddable":true,"href":"https:\/\/www.huntersfriend.eu\/de\/wp-json\/wp\/v2\/product_tag?post=281544"}],"curies":[{"name":"wp","href":"https:\/\/api.w.org\/{rel}","templated":true}]}}