{"id":281537,"date":"2023-05-12T11:24:19","date_gmt":"2025-06-23T10:12:32","guid":{"rendered":"https:\/\/www.huntersfriend.eu\/product\/meat-seeker-lb-rpg-nocke\/"},"modified":"2026-03-24T15:20:40","modified_gmt":"2026-03-24T13:20:40","slug":"meat-seeker-lb-rpg-nocke","status":"publish","type":"product","link":"https:\/\/www.huntersfriend.eu\/de\/produkt\/meat-seeker-lb-rpg-nocke\/","title":{"rendered":"Meat Seeker LB\/RPG Nocke"},"content":{"rendered":"<p>Die Meat Seeker Lung Buster \/ RPG Nocke ist eine hochwertige Nocke f\u00fcr Pfeile mit einem Innendurchmesser von 6,2 mm. Erh\u00e4ltlich in den Farben Gelb, Schwarz, Gr\u00fcn, Rosa, Orange und Rot. <\/p>\n","protected":false},"excerpt":{"rendered":"<p>Die Meat Seeker Lung Buster \/ RPG Nocke ist eine hochwertige Nocke f\u00fcr Pfeile mit einem Innendurchmesser von 6,2 mm. Erh\u00e4ltlich in den Farben Gelb, Schwarz, Gr\u00fcn, Rosa, Orange und Rot.<\/p>\n","protected":false},"featured_media":248766,"comment_status":"open","ping_status":"closed","template":"","meta":[],"product_brand":[],"product_cat":[1098],"product_tag":[],"class_list":{"0":"post-281537","1":"product","2":"type-product","3":"status-publish","4":"has-post-thumbnail","6":"product_cat-nocken-und-inserts","8":"first","9":"instock","10":"taxable","11":"shipping-taxable","12":"purchasable","13":"product-type-variable"},"composite_virtual":false,"composite_layout":"","composite_add_to_cart_form_location":"","composite_editable_in_cart":false,"composite_sold_individually_context":"","composite_shop_price_calc":"","composite_components":[],"composite_scenarios":[],"group_of_quantity":0,"min_quantity":0,"max_quantity":"","exclude_order_quantity_value_rules":"no","exclude_category_quantity_rules":"no","combine_variations":"no","exclude_global_add_ons":[],"addons":[],"_links":{"self":[{"href":"https:\/\/www.huntersfriend.eu\/de\/wp-json\/wp\/v2\/product\/281537","targetHints":{"allow":["GET"]}}],"collection":[{"href":"https:\/\/www.huntersfriend.eu\/de\/wp-json\/wp\/v2\/product"}],"about":[{"href":"https:\/\/www.huntersfriend.eu\/de\/wp-json\/wp\/v2\/types\/product"}],"replies":[{"embeddable":true,"href":"https:\/\/www.huntersfriend.eu\/de\/wp-json\/wp\/v2\/comments?post=281537"}],"wp:featuredmedia":[{"embeddable":true,"href":"https:\/\/www.huntersfriend.eu\/de\/wp-json\/wp\/v2\/media\/248766"}],"wp:attachment":[{"href":"https:\/\/www.huntersfriend.eu\/de\/wp-json\/wp\/v2\/media?parent=281537"}],"wp:term":[{"taxonomy":"product_brand","embeddable":true,"href":"https:\/\/www.huntersfriend.eu\/de\/wp-json\/wp\/v2\/product_brand?post=281537"},{"taxonomy":"product_cat","embeddable":true,"href":"https:\/\/www.huntersfriend.eu\/de\/wp-json\/wp\/v2\/product_cat?post=281537"},{"taxonomy":"product_tag","embeddable":true,"href":"https:\/\/www.huntersfriend.eu\/de\/wp-json\/wp\/v2\/product_tag?post=281537"}],"curies":[{"name":"wp","href":"https:\/\/api.w.org\/{rel}","templated":true}]}}