{"id":281525,"date":"2023-05-09T10:02:49","date_gmt":"2025-06-23T10:12:26","guid":{"rendered":"https:\/\/www.huntersfriend.eu\/product\/fleischsuchendes-rpg-bereites-pfeil\/"},"modified":"2025-11-14T12:47:16","modified_gmt":"2025-11-14T10:47:16","slug":"fleischsuchendes-rpg-bereites-pfeil","status":"publish","type":"product","link":"https:\/\/www.huntersfriend.eu\/de\/produkt\/fleischsuchendes-rpg-bereites-pfeil\/","title":{"rendered":"Fleischsuchendes RPG-bereites Pfeil"},"content":{"rendered":"<div>Die Meat Seeker Produktfamilie hat einen neuen Einsteiger-Pfeil RPG erhalten, der trotz seines g\u00fcnstigen Preises ein vollwertiger Jagdpfeil ist und sich f\u00fcr jedes Wild eignet!<\/div>\n<div><\/div>\n<div>0,006 Zoll Geradheit<\/div>\n<div>6,2 mm (0,244&#8243;) Innendurchmesser<\/div>\n<div>\u00c4u\u00dferst konsistente Pfeile<\/div>\n<div>GPI nach Drehung<\/div>\n<div>300 bis 9,1 GPI<\/div>\n<div>350 bis 8,3 GPI<\/div>\n<div>400 bis 7,5 GPI<\/div>\n<div>500 bis 6,7 GPI<\/div>\n<div>Hergestellt aus hochwertigem Kohlefaser<\/div>\n<div>Inklusive Nocke der Gr\u00f6\u00dfe S &#8211; 9 Grain<\/div>\n<div>Enth\u00e4lt hochwertige Meat Seeker Eins\u00e4tze &#8211; 12 Grain<\/div>\n","protected":false},"excerpt":{"rendered":"<p>Die Meat Seeker Produktfamilie hat einen neuen Einsteiger-Pfeil RPG erhalten, der trotz seines g\u00fcnstigen Preises ein vollwertiger Jagdpfeil ist und sich f\u00fcr jedes Wild eignet! 0,006 Zoll Geradheit 6,2 mm (0,244&#8243;) Innendurchmesser \u00c4u\u00dferst konsistente Pfeile GPI nach Drehung 300 bis 9,1 GPI 350 bis 8,3 GPI 400 bis 7,5 GPI 500 bis 6,7 GPI Hergestellt [&#8230;]\n","protected":false},"featured_media":248084,"comment_status":"open","ping_status":"closed","template":"","meta":[],"product_brand":[],"product_cat":[1192,1100],"product_tag":[],"class_list":{"0":"post-281525","1":"product","2":"type-product","3":"status-publish","4":"has-post-thumbnail","6":"product_cat-vor-befiederte-pfeile","7":"product_cat-karbon-jagd-pfeile","9":"first","10":"instock","11":"taxable","12":"shipping-taxable","13":"purchasable","14":"product-type-variable"},"composite_virtual":false,"composite_layout":"","composite_add_to_cart_form_location":"","composite_editable_in_cart":false,"composite_sold_individually_context":"","composite_shop_price_calc":"","composite_components":[],"composite_scenarios":[],"group_of_quantity":0,"min_quantity":0,"max_quantity":"","exclude_order_quantity_value_rules":"no","exclude_category_quantity_rules":"no","combine_variations":"no","exclude_global_add_ons":false,"addons":[{"name":"Zuschnitt","type":"multiple_choice","position":0,"required":true,"title_format":"label","default":"","description_enable":false,"description":null,"placeholder_enable":false,"placeholder":null,"display":"select","restrictions_type":"any_text","adjust_price":false,"price":"","price_type":"flat_fee","restrictions":false,"min":"0","max":"0","options":[{"label":"Nicht schneiden","price":"","price_type":"flat_fee","image":0,"visibility":true},{"label":"Bitte schneiden - f\u00fcgen Sie die gew\u00fcnschte L\u00e4nge im Infofeld beim Auschecken hinzu","price":"","price_type":"flat_fee","image":0,"visibility":true}]},{"name":"Eins\u00e4tze","type":"multiple_choice","position":1,"required":true,"title_format":"label","default":"","description_enable":false,"description":null,"placeholder_enable":false,"placeholder":null,"display":"select","restrictions_type":"any_text","adjust_price":false,"price":"","price_type":"flat_fee","restrictions":false,"min":"0","max":"0","options":[{"label":"Eins\u00e4tze installieren (Dies ist dauerhaft!)","price":"","price_type":"flat_fee","image":0,"visibility":true},{"label":"Eins\u00e4tze nicht installieren (lose beilegen)","price":"","price_type":"flat_fee","image":0,"visibility":true}]}],"_links":{"self":[{"href":"https:\/\/www.huntersfriend.eu\/de\/wp-json\/wp\/v2\/product\/281525","targetHints":{"allow":["GET"]}}],"collection":[{"href":"https:\/\/www.huntersfriend.eu\/de\/wp-json\/wp\/v2\/product"}],"about":[{"href":"https:\/\/www.huntersfriend.eu\/de\/wp-json\/wp\/v2\/types\/product"}],"replies":[{"embeddable":true,"href":"https:\/\/www.huntersfriend.eu\/de\/wp-json\/wp\/v2\/comments?post=281525"}],"wp:featuredmedia":[{"embeddable":true,"href":"https:\/\/www.huntersfriend.eu\/de\/wp-json\/wp\/v2\/media\/248084"}],"wp:attachment":[{"href":"https:\/\/www.huntersfriend.eu\/de\/wp-json\/wp\/v2\/media?parent=281525"}],"wp:term":[{"taxonomy":"product_brand","embeddable":true,"href":"https:\/\/www.huntersfriend.eu\/de\/wp-json\/wp\/v2\/product_brand?post=281525"},{"taxonomy":"product_cat","embeddable":true,"href":"https:\/\/www.huntersfriend.eu\/de\/wp-json\/wp\/v2\/product_cat?post=281525"},{"taxonomy":"product_tag","embeddable":true,"href":"https:\/\/www.huntersfriend.eu\/de\/wp-json\/wp\/v2\/product_tag?post=281525"}],"curies":[{"name":"wp","href":"https:\/\/api.w.org\/{rel}","templated":true}]}}