{"id":281524,"date":"2023-05-08T11:01:44","date_gmt":"2023-05-08T09:01:44","guid":{"rendered":"https:\/\/www.huntersfriend.eu\/product\/g5-montec-m3-jagdspitze\/"},"modified":"2026-04-23T12:22:09","modified_gmt":"2026-04-23T10:22:09","slug":"g5-montec-m3-jagdspitze","status":"publish","type":"product","link":"https:\/\/www.huntersfriend.eu\/de\/produkt\/g5-montec-m3-jagdspitze\/","title":{"rendered":"G5 montec M3 Jagdspitze"},"content":{"rendered":"<div class=\"et_pb_module et_pb_text et_pb_text_1 et_pb_text_align_left et_pb_bg_layout_light\">\n<div class=\"et_pb_text_inner\">\n<h3>SCH\u00c4RFER, ST\u00c4RKER, LEISER<\/h3>\n<\/div>\n<\/div>\n<div class=\"et_pb_module et_pb_text et_pb_text_2 et_pb_text_align_left et_pb_bg_layout_light\">\n<div class=\"et_pb_text_inner\">\n<p>Die Montec M3 ist aus hochwertigerem Stahl gefertigt, der nicht nur \u00e4u\u00dferst robust ist, sondern auch eine sch\u00e4rfere Schneide erm\u00f6glicht. Maschinell aus einem massiven St\u00fcck 420 hochwertigem rostfreiem Stahl ohne L\u00fcftungs\u00f6ffnungen gefertigt, bietet diese Jagdspitze einen leisen Flug sowie erh\u00f6hte Stabilit\u00e4t und Haltbarkeit. Mit dem gleichen wiederverwendbaren, leicht zu sch\u00e4rfenden Design ist die neue Montec M3 f\u00fcr die Jagd konzipiert.  <\/p>\n<div class=\"et_pb_module et_pb_text et_pb_text_1 et_pb_text_align_left et_pb_bg_layout_light\">\n<div class=\"et_pb_text_inner\">\n<h4 class=\"et_pb_module_header\">2,7 cm Schnittdurchmesser<\/h4>\n<div class=\"et_pb_blurb_description\">\n<p>Mit 3 t\u00f6dlichen Klingen, die aus einem einzigen hochwertigen St\u00fcck Massivstahl gefertigt sind und die MonoFlow-Technologie aufweisen. Der 2,7 cm Schnittdurchmesser bietet un\u00fcbertroffene Pr\u00e4zision und Durchschlagskraft. <\/p>\n<div class=\"et_pb_module et_pb_blurb et_pb_blurb_1 et_pb_text_align_left et_pb_blurb_position_left et_pb_bg_layout_light\">\n<div class=\"et_pb_blurb_content\">\n<div class=\"et_pb_blurb_container\">\n<div class=\"et_pb_blurb_description\">\n<p>Erh\u00e4ltlich in 100 und 125 Grain, um optimale Geschwindigkeit und Genauigkeit zu gew\u00e4hrleisten.<\/p>\n<\/div>\n<\/div>\n<\/div>\n<\/div>\n<div class=\"et_pb_module et_pb_blurb et_pb_blurb_2 et_pb_text_align_left et_pb_blurb_position_left et_pb_bg_layout_light\">\n<div class=\"et_pb_blurb_content\">\n<div class=\"et_pb_blurb_container\">\n<h4 class=\"et_pb_module_header\">100% rotationsgetestet<\/h4>\n<div class=\"et_pb_blurb_description\">\n<p>Jede Jagdspitze wird getestet, um h\u00f6chste Geradlinigkeit zu garantieren, was zu un\u00fcbertroffener Genauigkeit und Durchdringung f\u00fchrt.<\/p>\n<\/div>\n<\/div>\n<\/div>\n<\/div>\n<div class=\"et_pb_module et_pb_blurb et_pb_blurb_3 et_pb_text_align_left et_pb_blurb_position_left et_pb_bg_layout_light\">\n<div class=\"et_pb_blurb_content\">\n<div class=\"et_pb_blurb_container\">\n<h4 class=\"et_pb_module_header\">Armbrustkompatibel<\/h4>\n<div class=\"et_pb_blurb_description\">\n<p>Die Original Montec arbeitet nahtlos mit Ihrer Armbrust zusammen, um Ihnen den schnellsten und pr\u00e4zisesten Schuss zu erm\u00f6glichen.<\/p>\n<\/div>\n<\/div>\n<\/div>\n<\/div>\n<\/div>\n<\/div>\n<\/div>\n<\/div>\n<\/div>\n","protected":false},"excerpt":{"rendered":"<p>SCH\u00c4RFER, ST\u00c4RKER, LEISER Die Montec M3 ist aus hochwertigerem Stahl gefertigt, der nicht nur \u00e4u\u00dferst robust ist, sondern auch eine sch\u00e4rfere Schneide erm\u00f6glicht. Maschinell aus einem massiven St\u00fcck 420 hochwertigem rostfreiem Stahl ohne L\u00fcftungs\u00f6ffnungen gefertigt, bietet diese Jagdspitze einen leisen Flug sowie erh\u00f6hte Stabilit\u00e4t und Haltbarkeit. Mit dem gleichen wiederverwendbaren, leicht zu sch\u00e4rfenden Design ist [&#8230;]\n","protected":false},"featured_media":210238,"comment_status":"open","ping_status":"closed","template":"","meta":[],"product_brand":[],"product_cat":[1079],"product_tag":[],"class_list":{"0":"post-281524","1":"product","2":"type-product","3":"status-publish","4":"has-post-thumbnail","6":"product_cat-jagd-spitzen","8":"first","9":"instock","10":"taxable","11":"shipping-taxable","12":"purchasable","13":"product-type-variable","14":"has-default-attributes"},"composite_virtual":false,"composite_layout":"","composite_add_to_cart_form_location":"","composite_editable_in_cart":false,"composite_sold_individually_context":"","composite_shop_price_calc":"","composite_components":[],"composite_scenarios":[],"group_of_quantity":0,"min_quantity":0,"max_quantity":"","exclude_order_quantity_value_rules":"no","exclude_category_quantity_rules":"no","combine_variations":"no","exclude_global_add_ons":[],"addons":[],"_links":{"self":[{"href":"https:\/\/www.huntersfriend.eu\/de\/wp-json\/wp\/v2\/product\/281524","targetHints":{"allow":["GET"]}}],"collection":[{"href":"https:\/\/www.huntersfriend.eu\/de\/wp-json\/wp\/v2\/product"}],"about":[{"href":"https:\/\/www.huntersfriend.eu\/de\/wp-json\/wp\/v2\/types\/product"}],"replies":[{"embeddable":true,"href":"https:\/\/www.huntersfriend.eu\/de\/wp-json\/wp\/v2\/comments?post=281524"}],"wp:featuredmedia":[{"embeddable":true,"href":"https:\/\/www.huntersfriend.eu\/de\/wp-json\/wp\/v2\/media\/210238"}],"wp:attachment":[{"href":"https:\/\/www.huntersfriend.eu\/de\/wp-json\/wp\/v2\/media?parent=281524"}],"wp:term":[{"taxonomy":"product_brand","embeddable":true,"href":"https:\/\/www.huntersfriend.eu\/de\/wp-json\/wp\/v2\/product_brand?post=281524"},{"taxonomy":"product_cat","embeddable":true,"href":"https:\/\/www.huntersfriend.eu\/de\/wp-json\/wp\/v2\/product_cat?post=281524"},{"taxonomy":"product_tag","embeddable":true,"href":"https:\/\/www.huntersfriend.eu\/de\/wp-json\/wp\/v2\/product_tag?post=281524"}],"curies":[{"name":"wp","href":"https:\/\/api.w.org\/{rel}","templated":true}]}}