{"id":281513,"date":"2023-05-05T03:42:07","date_gmt":"2025-06-23T10:12:24","guid":{"rendered":"https:\/\/www.huntersfriend.eu\/product\/glendel-3d-baer\/"},"modified":"2026-03-11T14:36:19","modified_gmt":"2026-03-11T12:36:19","slug":"glendel-3d-baer","status":"publish","type":"product","link":"https:\/\/www.huntersfriend.eu\/de\/produkt\/glendel-3d-baer\/","title":{"rendered":"Glendel 3D B\u00e4r"},"content":{"rendered":"<ul>\n<li>Realistisches Design f\u00fcr realistische \u00dcbung<\/li>\n<li>Solide K\u00f6rperkonstruktion<\/li>\n<li>Trefferzonen in den Vitalorganen<\/li>\n<li>Inklusive Bodenverankerungen<\/li>\n<li>H\u00e4lt Geschwindigkeiten bis zu 375 FPS bei Verwendung von Pfeilen mit Standarddurchmesser stand<\/li>\n<li>Abmessungen: 24 \u201eH x 38\u201c B<\/li>\n<\/ul>\n<p>Maximale Bestellmenge von einem St\u00fcck pro Bestellung. F\u00fcr Informationen zu gr\u00f6\u00dferen Bestellmengen kontaktieren Sie bitte info@huntersfriend.eu <\/p>\n","protected":false},"excerpt":{"rendered":"<p>Realistisches Design f\u00fcr realistische \u00dcbung Solide K\u00f6rperkonstruktion Trefferzonen in den Vitalorganen Inklusive Bodenverankerungen H\u00e4lt Geschwindigkeiten bis zu 375 FPS bei Verwendung von Pfeilen mit Standarddurchmesser stand Abmessungen: 24 \u201eH x 38\u201c B Maximale Bestellmenge von einem St\u00fcck pro Bestellung. F\u00fcr Informationen zu gr\u00f6\u00dferen Bestellmengen kontaktieren Sie bitte info@huntersfriend.eu<\/p>\n","protected":false},"featured_media":247986,"comment_status":"open","ping_status":"closed","template":"","meta":[],"product_brand":[],"product_cat":[2896,1139],"product_tag":[],"class_list":{"0":"post-281513","1":"product","2":"type-product","3":"status-publish","4":"has-post-thumbnail","6":"product_cat-stor-3d","7":"product_cat-3d-gross","8":"product_shipping_class-big-de","10":"first","11":"instock","12":"taxable","13":"shipping-taxable","14":"purchasable","15":"product-type-simple"},"composite_virtual":false,"composite_layout":"","composite_add_to_cart_form_location":"","composite_editable_in_cart":false,"composite_sold_individually_context":"","composite_shop_price_calc":"","composite_components":[],"composite_scenarios":[],"group_of_quantity":0,"min_quantity":0,"max_quantity":"","exclude_order_quantity_value_rules":"no","exclude_category_quantity_rules":"no","combine_variations":"no","exclude_global_add_ons":[],"addons":[],"_links":{"self":[{"href":"https:\/\/www.huntersfriend.eu\/de\/wp-json\/wp\/v2\/product\/281513","targetHints":{"allow":["GET"]}}],"collection":[{"href":"https:\/\/www.huntersfriend.eu\/de\/wp-json\/wp\/v2\/product"}],"about":[{"href":"https:\/\/www.huntersfriend.eu\/de\/wp-json\/wp\/v2\/types\/product"}],"replies":[{"embeddable":true,"href":"https:\/\/www.huntersfriend.eu\/de\/wp-json\/wp\/v2\/comments?post=281513"}],"wp:featuredmedia":[{"embeddable":true,"href":"https:\/\/www.huntersfriend.eu\/de\/wp-json\/wp\/v2\/media\/247986"}],"wp:attachment":[{"href":"https:\/\/www.huntersfriend.eu\/de\/wp-json\/wp\/v2\/media?parent=281513"}],"wp:term":[{"taxonomy":"product_brand","embeddable":true,"href":"https:\/\/www.huntersfriend.eu\/de\/wp-json\/wp\/v2\/product_brand?post=281513"},{"taxonomy":"product_cat","embeddable":true,"href":"https:\/\/www.huntersfriend.eu\/de\/wp-json\/wp\/v2\/product_cat?post=281513"},{"taxonomy":"product_tag","embeddable":true,"href":"https:\/\/www.huntersfriend.eu\/de\/wp-json\/wp\/v2\/product_tag?post=281513"}],"curies":[{"name":"wp","href":"https:\/\/api.w.org\/{rel}","templated":true}]}}