{"id":281509,"date":"2023-05-05T03:42:06","date_gmt":"2025-06-23T10:12:23","guid":{"rendered":"https:\/\/www.huntersfriend.eu\/product\/glendel-buck-mit-vierseitigem-kern\/"},"modified":"2025-07-04T05:22:36","modified_gmt":"2025-07-04T03:22:36","slug":"glendel-buck-mit-vierseitigem-kern","status":"publish","type":"product","link":"https:\/\/www.huntersfriend.eu\/de\/produkt\/glendel-buck-mit-vierseitigem-kern\/","title":{"rendered":"Glendel Buck mit vierseitigem Kern"},"content":{"rendered":"<ul>\n<li>Offene, mehrschichtige Polyfusionstechnologie<\/li>\n<li>Einfache Pfeilentfernung! Die Verschmelzung der inneren Schichten mit der inneren Zielwand f\u00fchrt zu einer gleichm\u00e4\u00dfigeren Schichtkompression, was wiederum eine leichtere Pfeilentfernung bedeutet. Eine leichtere Pfeilentfernung f\u00fchrt zu geringerer Erm\u00fcdung des Sch\u00fctzen, was bedeutet, dass Sie mehr und besseres Training erhalten!  <\/li>\n<li>L\u00e4ngere Lebensdauer des Ziels! PolyFusion\u2122 f\u00fchrt auch zu einer l\u00e4ngeren Lebensdauer des Ziels. Da die Schichten fixiert sind, behalten sie ihre Position bei. Pfeile finden ihren Weg zwischen den Schichten. Zuvor, wenn ein Pfeil frontal auf eine Schicht traf, knickte diese ein. Dies f\u00fchrte zu Schichtsch\u00e4den, die die Lebensdauer des Ziels reduzierten.     <\/li>\n<li>Auswechselbarer Einsatz f\u00fcr l\u00e4ngere Ziellebensdauer<\/li>\n<li>Stoppt Pfeile mit bis zu 440 FPS bei Verwendung von Pfeilen mit Standarddurchmesser<\/li>\n<\/ul>\n<p><strong>Weitere Merkmale:<\/strong><\/p>\n<ul>\n<li>K\u00f6rpergr\u00f6\u00dfe eines 200 Pfund schweren Wei\u00dfwedelhirsches <\/li>\n<li>5-fache Einsatzoberfl\u00e4che f\u00fcr den Beschuss<\/li>\n<li>Schulterh\u00f6he von 34 Zoll<\/li>\n<li>Auswechselbarer Einsatz 11&#8243;x11&#8243;x11&#8243;<\/li>\n<\/ul>\n<p>Der GlenDel Buck bietet ein 3D-Ziel in voller Gr\u00f6\u00dfe eines ausgewachsenen Wei\u00dfwedelhirsches mit Polyfusionstechnologie zur Verl\u00e4ngerung der Ziellebensdauer und einfachen Pfeilentfernung. Der austauschbare 4-seitige Kern verl\u00e4ngert die Schie\u00dfzeit und erh\u00f6ht die Haltbarkeit und Lebensdauer. Ideal f\u00fcr realit\u00e4tsnahes Jagdtraining. <\/p>\n<p>Maximale Bestellmenge von einem St\u00fcck pro Bestellung. F\u00fcr Informationen zu gr\u00f6\u00dferen Bestellmengen kontaktieren Sie bitte info@huntersfriend.eu <\/p>\n","protected":false},"excerpt":{"rendered":"<p>Offene, mehrschichtige Polyfusionstechnologie Einfache Pfeilentfernung! Die Verschmelzung der inneren Schichten mit der inneren Zielwand f\u00fchrt zu einer gleichm\u00e4\u00dfigeren Schichtkompression, was wiederum eine leichtere Pfeilentfernung bedeutet. Eine leichtere Pfeilentfernung f\u00fchrt zu geringerer Erm\u00fcdung des Sch\u00fctzen, was bedeutet, dass Sie mehr und besseres Training erhalten! L\u00e4ngere Lebensdauer des Ziels! PolyFusion\u2122 f\u00fchrt auch zu einer l\u00e4ngeren Lebensdauer des [&#8230;]\n","protected":false},"featured_media":248065,"comment_status":"open","ping_status":"closed","template":"","meta":[],"product_brand":[],"product_cat":[1145],"product_tag":[],"class_list":{"0":"post-281509","1":"product","2":"type-product","3":"status-publish","4":"has-post-thumbnail","6":"product_cat-sonstiges","7":"product_shipping_class-big-de","9":"first","10":"outofstock","11":"taxable","12":"shipping-taxable","13":"purchasable","14":"product-type-simple"},"composite_virtual":false,"composite_layout":"","composite_add_to_cart_form_location":"","composite_editable_in_cart":false,"composite_sold_individually_context":"","composite_shop_price_calc":"","composite_components":[],"composite_scenarios":[],"group_of_quantity":0,"min_quantity":0,"max_quantity":"","exclude_order_quantity_value_rules":"no","exclude_category_quantity_rules":"no","combine_variations":"no","exclude_global_add_ons":[],"addons":[],"_links":{"self":[{"href":"https:\/\/www.huntersfriend.eu\/de\/wp-json\/wp\/v2\/product\/281509","targetHints":{"allow":["GET"]}}],"collection":[{"href":"https:\/\/www.huntersfriend.eu\/de\/wp-json\/wp\/v2\/product"}],"about":[{"href":"https:\/\/www.huntersfriend.eu\/de\/wp-json\/wp\/v2\/types\/product"}],"replies":[{"embeddable":true,"href":"https:\/\/www.huntersfriend.eu\/de\/wp-json\/wp\/v2\/comments?post=281509"}],"wp:featuredmedia":[{"embeddable":true,"href":"https:\/\/www.huntersfriend.eu\/de\/wp-json\/wp\/v2\/media\/248065"}],"wp:attachment":[{"href":"https:\/\/www.huntersfriend.eu\/de\/wp-json\/wp\/v2\/media?parent=281509"}],"wp:term":[{"taxonomy":"product_brand","embeddable":true,"href":"https:\/\/www.huntersfriend.eu\/de\/wp-json\/wp\/v2\/product_brand?post=281509"},{"taxonomy":"product_cat","embeddable":true,"href":"https:\/\/www.huntersfriend.eu\/de\/wp-json\/wp\/v2\/product_cat?post=281509"},{"taxonomy":"product_tag","embeddable":true,"href":"https:\/\/www.huntersfriend.eu\/de\/wp-json\/wp\/v2\/product_tag?post=281509"}],"curies":[{"name":"wp","href":"https:\/\/api.w.org\/{rel}","templated":true}]}}