{"id":281508,"date":"2023-05-08T12:08:12","date_gmt":"2023-05-08T10:08:12","guid":{"rendered":"https:\/\/www.huntersfriend.eu\/product\/tightspot-rise-bogenkoecher\/"},"modified":"2026-04-23T13:56:26","modified_gmt":"2026-04-23T11:56:26","slug":"tightspot-rise-bogenkoecher","status":"publish","type":"product","link":"https:\/\/www.huntersfriend.eu\/de\/produkt\/tightspot-rise-bogenkoecher\/","title":{"rendered":"Tightspot Rise Bogenk\u00f6cher"},"content":{"rendered":"<p>Dieser hochwertige, kompakte 5-Pfeil-K\u00f6cher wurde speziell f\u00fcr den Jagdansitz-J\u00e4ger entwickelt. Er ist ultracompact f\u00fcr optimale Man\u00f6vrierf\u00e4higkeit beim Schie\u00dfen mit montiertem K\u00f6cher und l\u00e4sst sich einfach abnehmen und aufh\u00e4ngen, falls ohne K\u00f6cher geschossen werden soll. Dar\u00fcber hinaus sitzt der Rise-K\u00f6cher enger am Bogen und bietet mehr Einstellm\u00f6glichkeiten als der K\u00f6cher des \u201ef\u00fchrenden Bogenherstellers\u201c. Zudem ist er kosteng\u00fcnstiger.   <\/p>\n<ul>\n<li><b>PREMIUM-KONSTRUKTION:<\/b> Aluminium und gewebte Kohlefaser f\u00fcr Gewichtsreduktion und maximale Haltbarkeit.<\/li>\n<li><b>INTEGRIERTER AUFH\u00c4NGER:<\/b> Verf\u00fcgt \u00fcber eine robuste und langlebige Aufh\u00e4ngeschlaufe f\u00fcr diejenigen, die den K\u00f6cher beim Aufenthalt im Jagdansitz vom Bogen abnehmen m\u00f6chten.<\/li>\n<li><b>GROSSES BEL\u00dcFTETES HAUBENDESIGN:<\/b> Speziell entwickelt, um die heutigen gr\u00f6\u00dferen und l\u00e4ngeren feststehenden Klingen und expandierbaren Jagdspitzen aufzunehmen.<\/li>\n<li><b>SEKUND\u00c4RER GREIFER:<\/b> Bietet zus\u00e4tzliche Sicherheit f\u00fcr Pfeil- und Pfeilspitzen-Kombinationen jeder Gr\u00f6\u00dfe. Feststehende Klingen bleiben scharf, und ausklappbare Klingen k\u00f6nnen sich nicht vorzeitig entfalten. <\/li>\n<li><b>VERBESSERTE BOGENBALANCE:<\/b> Der TightSpot-K\u00f6cher mit der exklusiven 3-Wege-Einstellung erm\u00f6glicht eine Feinabstimmung der Bogenbalance mittels des K\u00f6chers. Einstellbar nach oben, unten, vorne, hinten, innen und au\u00dfen. Das Ergebnis ist ein pr\u00e4zise ausbalancierter Bogen, der die Genauigkeit erh\u00f6ht.  <\/li>\n<li><b>PRAKTISCH KEIN DREHMOMENT:<\/b> TightSpot ist der weltweit erste K\u00f6cher mit geringem Drehmoment. Er sitzt eng am Bogen und ist au\u00dfergew\u00f6hnlich leicht. Dies reduziert das Drehmoment beim Schuss erheblich.  <\/li>\n<li><b>H\u00c4LT PFEILE FEST:<\/b> Das patentierte Bulldog-Greifersystem mit Pfeilkeilen bietet individuell einstellbare Pfeilspannung. Anpassbar an nahezu jeden Pfeildurchmesser. <\/li>\n<li><b>SCHNELLVERSCHLUSS:<\/b> Erm\u00f6glicht die Rotation des K\u00f6chers nach vorne oder hinten zur Feinabstimmung der Bogenbalance.<\/li>\n<li><b>GEWICHT:<\/b> 311 g.<\/li>\n<\/ul>\n","protected":false},"excerpt":{"rendered":"<p>Dieser hochwertige, kompakte 5-Pfeil-K\u00f6cher wurde speziell f\u00fcr den Jagdansitz-J\u00e4ger entwickelt. Er ist ultracompact f\u00fcr optimale Man\u00f6vrierf\u00e4higkeit beim Schie\u00dfen mit montiertem K\u00f6cher und l\u00e4sst sich einfach abnehmen und aufh\u00e4ngen, falls ohne K\u00f6cher geschossen werden soll. Dar\u00fcber hinaus sitzt der Rise-K\u00f6cher enger am Bogen und bietet mehr Einstellm\u00f6glichkeiten als der K\u00f6cher des \u201ef\u00fchrenden Bogenherstellers\u201c. Zudem ist er [&#8230;]\n","protected":false},"featured_media":248156,"comment_status":"open","ping_status":"closed","template":"","meta":[],"product_brand":[],"product_cat":[1090,1222],"product_tag":[],"class_list":{"0":"post-281508","1":"product","2":"type-product","3":"status-publish","4":"has-post-thumbnail","6":"product_cat-bogen-und-jagd-koecher","7":"product_cat-sonderangebote","9":"first","10":"instock","11":"sale","12":"taxable","13":"shipping-taxable","14":"purchasable","15":"product-type-variable"},"composite_virtual":false,"composite_layout":"","composite_add_to_cart_form_location":"","composite_editable_in_cart":false,"composite_sold_individually_context":"","composite_shop_price_calc":"","composite_components":[],"composite_scenarios":[],"group_of_quantity":0,"min_quantity":0,"max_quantity":"","exclude_order_quantity_value_rules":"no","exclude_category_quantity_rules":"no","combine_variations":"no","exclude_global_add_ons":[],"addons":[],"_links":{"self":[{"href":"https:\/\/www.huntersfriend.eu\/de\/wp-json\/wp\/v2\/product\/281508","targetHints":{"allow":["GET"]}}],"collection":[{"href":"https:\/\/www.huntersfriend.eu\/de\/wp-json\/wp\/v2\/product"}],"about":[{"href":"https:\/\/www.huntersfriend.eu\/de\/wp-json\/wp\/v2\/types\/product"}],"replies":[{"embeddable":true,"href":"https:\/\/www.huntersfriend.eu\/de\/wp-json\/wp\/v2\/comments?post=281508"}],"wp:featuredmedia":[{"embeddable":true,"href":"https:\/\/www.huntersfriend.eu\/de\/wp-json\/wp\/v2\/media\/248156"}],"wp:attachment":[{"href":"https:\/\/www.huntersfriend.eu\/de\/wp-json\/wp\/v2\/media?parent=281508"}],"wp:term":[{"taxonomy":"product_brand","embeddable":true,"href":"https:\/\/www.huntersfriend.eu\/de\/wp-json\/wp\/v2\/product_brand?post=281508"},{"taxonomy":"product_cat","embeddable":true,"href":"https:\/\/www.huntersfriend.eu\/de\/wp-json\/wp\/v2\/product_cat?post=281508"},{"taxonomy":"product_tag","embeddable":true,"href":"https:\/\/www.huntersfriend.eu\/de\/wp-json\/wp\/v2\/product_tag?post=281508"}],"curies":[{"name":"wp","href":"https:\/\/api.w.org\/{rel}","templated":true}]}}