{"id":281507,"date":"2023-05-05T03:42:05","date_gmt":"2023-05-05T01:42:05","guid":{"rendered":"https:\/\/www.huntersfriend.eu\/product\/genericproductname-6-x-6-zielscheibe\/"},"modified":"2026-03-18T22:00:13","modified_gmt":"2026-03-18T20:00:13","slug":"genericproductname-6-x-6-zielscheibe","status":"publish","type":"product","link":"https:\/\/www.huntersfriend.eu\/de\/produkt\/genericproductname-6-x-6-zielscheibe\/","title":{"rendered":"GenericProductName 6 x 6 Zielscheibe"},"content":{"rendered":"<p><!--more-->Die GenericProductName 6\u00d76 Zielscheibe war die erste, die in der GenericProductName-Reihe sechsseitiges Zielschie\u00dfen erm\u00f6glichte, die Lebensdauer der Zielscheibe verl\u00e4ngerte und verschiedene Schie\u00dfpositionen bot. Sie ist f\u00fcr die Verwendung mit allen Feldspitzen und Jagdspitzen geeignet. Die Poly-Fusion-Schichttechnologie verbindet die Schichten mit der Innenwand und schafft so eine langlebigere Zielscheibe mit einfacher Pfeilentfernung.<\/p>\n<ul>\n<li>45,72 x 45,72 x 40,64 cm<\/li>\n<li>Poly-Fusion-Schichttechnologie<\/li>\n<li>Einfache Pfeilentfernung<\/li>\n<li>Stoppt alle Feldspitzen und Jagdspitzen<\/li>\n<li>Einzigartiges sechsseitiges Schie\u00dfen<\/li>\n<li>Mehrere Zielpunkte auf allen Seiten<\/li>\n<li>Integrierter praktischer Tragegriff<\/li>\n<li>Stoppt Pfeile mit bis zu 121,92 m\/s bei Verwendung von Pfeilen mit Standarddurchmesser<\/li>\n<\/ul>\n<p>Maximale Bestellmenge von einem St\u00fcck pro Bestellung. F\u00fcr Informationen zu gr\u00f6\u00dferen Bestellmengen kontaktieren Sie bitte info@huntersfriend.eu <\/p>\n","protected":false},"excerpt":{"rendered":"","protected":false},"featured_media":247997,"comment_status":"open","ping_status":"closed","template":"","meta":[],"product_brand":[],"product_cat":[1147],"product_tag":[],"class_list":{"0":"post-281507","1":"product","2":"type-product","3":"status-publish","4":"has-post-thumbnail","6":"product_cat-wuerfel-und-block-ziele","7":"product_shipping_class-big-de","9":"first","10":"instock","11":"taxable","12":"shipping-taxable","13":"purchasable","14":"product-type-simple"},"composite_virtual":false,"composite_layout":"","composite_add_to_cart_form_location":"","composite_editable_in_cart":false,"composite_sold_individually_context":"","composite_shop_price_calc":"","composite_components":[],"composite_scenarios":[],"group_of_quantity":0,"min_quantity":0,"max_quantity":"","exclude_order_quantity_value_rules":"no","exclude_category_quantity_rules":"no","combine_variations":"no","exclude_global_add_ons":[],"addons":[],"_links":{"self":[{"href":"https:\/\/www.huntersfriend.eu\/de\/wp-json\/wp\/v2\/product\/281507","targetHints":{"allow":["GET"]}}],"collection":[{"href":"https:\/\/www.huntersfriend.eu\/de\/wp-json\/wp\/v2\/product"}],"about":[{"href":"https:\/\/www.huntersfriend.eu\/de\/wp-json\/wp\/v2\/types\/product"}],"replies":[{"embeddable":true,"href":"https:\/\/www.huntersfriend.eu\/de\/wp-json\/wp\/v2\/comments?post=281507"}],"wp:featuredmedia":[{"embeddable":true,"href":"https:\/\/www.huntersfriend.eu\/de\/wp-json\/wp\/v2\/media\/247997"}],"wp:attachment":[{"href":"https:\/\/www.huntersfriend.eu\/de\/wp-json\/wp\/v2\/media?parent=281507"}],"wp:term":[{"taxonomy":"product_brand","embeddable":true,"href":"https:\/\/www.huntersfriend.eu\/de\/wp-json\/wp\/v2\/product_brand?post=281507"},{"taxonomy":"product_cat","embeddable":true,"href":"https:\/\/www.huntersfriend.eu\/de\/wp-json\/wp\/v2\/product_cat?post=281507"},{"taxonomy":"product_tag","embeddable":true,"href":"https:\/\/www.huntersfriend.eu\/de\/wp-json\/wp\/v2\/product_tag?post=281507"}],"curies":[{"name":"wp","href":"https:\/\/api.w.org\/{rel}","templated":true}]}}