{"id":281506,"date":"2023-04-28T09:17:59","date_gmt":"2025-06-23T10:12:20","guid":{"rendered":"https:\/\/www.huntersfriend.eu\/product\/birchwood-casey-bravo-schiessauflage\/"},"modified":"2025-07-05T05:20:18","modified_gmt":"2025-07-05T03:20:18","slug":"birchwood-casey-bravo-schiessauflage","status":"publish","type":"product","link":"https:\/\/www.huntersfriend.eu\/de\/produkt\/birchwood-casey-bravo-schiessauflage\/","title":{"rendered":"Birchwood Casey Bravo Schie\u00dfauflage"},"content":{"rendered":"<p>MIT EINEM FLACHEN DESIGN UND AUSREICHEND RAUM F\u00dcR ANPASSUNGEN IST DIE BRAVO SCHIESAUFLAGE VON BIRCHWOOD CASEY IDEAL F\u00dcR LIEGENDE SCHIESSITUATIONEN. DER STABILE STAHLRAHMEN, DIE RUTSCHFESTE GUMMI-SCHAFTAUFLAGE UND DIE VERSTELLBAREN NIVELLIERF\u00dcSSE BIETEN EINE SOLIDE GRUNDLAGE F\u00dcR STABILE SCHIESSAUFBAUTEN TIME F\u00dcR TIME. GEEIGNET F\u00dcR GEWEHRE MIT L\u00c4UFEN AB 7,5 ZOLL L\u00c4NGE SOWIE F\u00dcR SOLCHE MIT HOCHKAPAZIT\u00c4TSMAGAZINEN WIE AKS UND ARS, UND DANK DER BEIDSEITIGEN BEDIENELEMENTE LEICHT F\u00dcR LINKS- UND RECHTSH\u00c4NDER NUTZBAR. DIE VORDERE AUFLAGE L\u00c4SST SICH UM 3,5 ZOLL IN DER H\u00d6HE UND 3,5 ZOLL IN DER BREITE VERSTELLEN, UM DIE RICHTIGE GEWEHRPASSFORM ZU ERZIELEN. INTEGRIERTE BULLSEYE-WASSERWAAGE. GESAMTGEWICHT: 15 LBS.<\/p>\n<h5>HAUPTMERKMALE<\/h5>\n<ul>\n<li>STABILER STAHLRAHMEN<\/li>\n<li>RUTSCHFESTE GUMMI-SCHAFTAUFLAGE<\/li>\n<li>15 LBS GESAMTGEWICHT<\/li>\n<li>VORDERE AUFLAGE: 3,5 ZOLL H\u00d6HENVERSTELLBAR<\/li>\n<li>3,5 ZOLL VERSTELLUNG F\u00dcR VERSCHIEDENE GEWEHRGR\u00d6SSEN<\/li>\n<li>VERSTELLBARE NIVELLIERF\u00dcSSE<\/li>\n<li>BULLSEYE-WASSERWAAGE<\/li>\n<li>GEEIGNET F\u00dcR GEWEHRE MIT L\u00c4UFEN AB 7,5&#8243;<\/li>\n<li>BEIDSEITIGE BEDIENELEMENTE<\/li>\n<li>PASSEND F\u00dcR HOCHKAPAZIT\u00c4TSMAGAZINE VON AKS UND ARS<\/li>\n<li>FLACHES DESIGN F\u00dcR LIEGENDES SCHIESSEN<\/li>\n<\/ul>\n","protected":false},"excerpt":{"rendered":"<p>MIT EINEM FLACHEN DESIGN UND AUSREICHEND RAUM F\u00dcR ANPASSUNGEN IST DIE BRAVO SCHIESAUFLAGE VON BIRCHWOOD CASEY IDEAL F\u00dcR LIEGENDE SCHIESSITUATIONEN. DER STABILE STAHLRAHMEN, DIE RUTSCHFESTE GUMMI-SCHAFTAUFLAGE UND DIE VERSTELLBAREN NIVELLIERF\u00dcSSE BIETEN EINE SOLIDE GRUNDLAGE F\u00dcR STABILE SCHIESSAUFBAUTEN TIME F\u00dcR TIME. GEEIGNET F\u00dcR GEWEHRE MIT L\u00c4UFEN AB 7,5 ZOLL L\u00c4NGE SOWIE F\u00dcR SOLCHE MIT HOCHKAPAZIT\u00c4TSMAGAZINEN WIE [&#8230;]\n","protected":false},"featured_media":249343,"comment_status":"open","ping_status":"closed","template":"","meta":[],"product_brand":[],"product_cat":[1417],"product_tag":[],"class_list":{"0":"post-281506","1":"product","2":"type-product","3":"status-publish","4":"has-post-thumbnail","6":"product_cat-schiesauflagen","8":"first","9":"outofstock","10":"taxable","11":"shipping-taxable","12":"purchasable","13":"product-type-simple"},"composite_virtual":false,"composite_layout":"","composite_add_to_cart_form_location":"","composite_editable_in_cart":false,"composite_sold_individually_context":"","composite_shop_price_calc":"","composite_components":[],"composite_scenarios":[],"group_of_quantity":0,"min_quantity":0,"max_quantity":"","exclude_order_quantity_value_rules":"no","exclude_category_quantity_rules":"no","combine_variations":"no","exclude_global_add_ons":[],"addons":[],"_links":{"self":[{"href":"https:\/\/www.huntersfriend.eu\/de\/wp-json\/wp\/v2\/product\/281506","targetHints":{"allow":["GET"]}}],"collection":[{"href":"https:\/\/www.huntersfriend.eu\/de\/wp-json\/wp\/v2\/product"}],"about":[{"href":"https:\/\/www.huntersfriend.eu\/de\/wp-json\/wp\/v2\/types\/product"}],"replies":[{"embeddable":true,"href":"https:\/\/www.huntersfriend.eu\/de\/wp-json\/wp\/v2\/comments?post=281506"}],"wp:featuredmedia":[{"embeddable":true,"href":"https:\/\/www.huntersfriend.eu\/de\/wp-json\/wp\/v2\/media\/249343"}],"wp:attachment":[{"href":"https:\/\/www.huntersfriend.eu\/de\/wp-json\/wp\/v2\/media?parent=281506"}],"wp:term":[{"taxonomy":"product_brand","embeddable":true,"href":"https:\/\/www.huntersfriend.eu\/de\/wp-json\/wp\/v2\/product_brand?post=281506"},{"taxonomy":"product_cat","embeddable":true,"href":"https:\/\/www.huntersfriend.eu\/de\/wp-json\/wp\/v2\/product_cat?post=281506"},{"taxonomy":"product_tag","embeddable":true,"href":"https:\/\/www.huntersfriend.eu\/de\/wp-json\/wp\/v2\/product_tag?post=281506"}],"curies":[{"name":"wp","href":"https:\/\/api.w.org\/{rel}","templated":true}]}}