{"id":281500,"date":"2023-04-27T15:18:07","date_gmt":"2025-06-23T10:12:19","guid":{"rendered":"https:\/\/www.huntersfriend.eu\/product\/halo-optics-cl300-entfernungsmesser\/"},"modified":"2025-08-27T06:22:37","modified_gmt":"2025-08-27T04:22:37","slug":"halo-optics-cl300-entfernungsmesser","status":"publish","type":"product","link":"https:\/\/www.huntersfriend.eu\/de\/produkt\/halo-optics-cl300-entfernungsmesser\/","title":{"rendered":"Halo Optics CL300 Entfernungsmesser"},"content":{"rendered":"<p>Bei Halo&#8217;s Einstiegsmodell f\u00fcr Entfernungsmesser treffen Erschwinglichkeit und Funktionalit\u00e4t aufeinander. Der CCL300 ist akribisch konzipiert, um pr\u00e4zise Messungen mit einer Genauigkeit von +\/- 1 Yard zu liefern, wobei die maximale Reichweite bei reflektierenden Zielen 500 Yards und bei B\u00e4umen 300 Yards betr\u00e4gt. Das robuste Geh\u00e4use bietet wasserfesten Schutz und eine ergonomische Passform, die komfortabel in der Hand liegt. Mit einer einj\u00e4hrigen Garantie ausgestattet, wird der CCL300 Jagd-Entfernungsmesser J\u00e4gern zu Erfolgen im Feld verhelfen.   <\/p>\n<ul>\n<li>Maximal 500 Yards zu reflektierendem Ziel \/ 300 Yards zu Baum<\/li>\n<li>Scan-Modus erfasst mehrere Ziele in unterschiedlichen Entfernungen<\/li>\n<li>5-fache Vergr\u00f6\u00dferung<\/li>\n<li>Pr\u00e4zise auf +\/- 1 Yard<\/li>\n<li>Wasserresistent<\/li>\n<li>1 Jahr Garantie<\/li>\n<li>2 AAA-Batterien erforderlich (nicht im Lieferumfang enthalten)<\/li>\n<\/ul>\n","protected":false},"excerpt":{"rendered":"<p>Bei Halo&#8217;s Einstiegsmodell f\u00fcr Entfernungsmesser treffen Erschwinglichkeit und Funktionalit\u00e4t aufeinander. Der CCL300 ist akribisch konzipiert, um pr\u00e4zise Messungen mit einer Genauigkeit von +\/- 1 Yard zu liefern, wobei die maximale Reichweite bei reflektierenden Zielen 500 Yards und bei B\u00e4umen 300 Yards betr\u00e4gt. Das robuste Geh\u00e4use bietet wasserfesten Schutz und eine ergonomische Passform, die komfortabel in [&#8230;]\n","protected":false},"featured_media":249357,"comment_status":"open","ping_status":"closed","template":"","meta":[],"product_brand":[],"product_cat":[1145],"product_tag":[],"class_list":{"0":"post-281500","1":"product","2":"type-product","3":"status-publish","4":"has-post-thumbnail","6":"product_cat-sonstiges","8":"first","9":"outofstock","10":"taxable","11":"shipping-taxable","12":"purchasable","13":"product-type-simple"},"composite_virtual":false,"composite_layout":"","composite_add_to_cart_form_location":"","composite_editable_in_cart":false,"composite_sold_individually_context":"","composite_shop_price_calc":"","composite_components":[],"composite_scenarios":[],"group_of_quantity":0,"min_quantity":0,"max_quantity":"","exclude_order_quantity_value_rules":"no","exclude_category_quantity_rules":"no","combine_variations":"no","exclude_global_add_ons":[],"addons":[],"_links":{"self":[{"href":"https:\/\/www.huntersfriend.eu\/de\/wp-json\/wp\/v2\/product\/281500","targetHints":{"allow":["GET"]}}],"collection":[{"href":"https:\/\/www.huntersfriend.eu\/de\/wp-json\/wp\/v2\/product"}],"about":[{"href":"https:\/\/www.huntersfriend.eu\/de\/wp-json\/wp\/v2\/types\/product"}],"replies":[{"embeddable":true,"href":"https:\/\/www.huntersfriend.eu\/de\/wp-json\/wp\/v2\/comments?post=281500"}],"wp:featuredmedia":[{"embeddable":true,"href":"https:\/\/www.huntersfriend.eu\/de\/wp-json\/wp\/v2\/media\/249357"}],"wp:attachment":[{"href":"https:\/\/www.huntersfriend.eu\/de\/wp-json\/wp\/v2\/media?parent=281500"}],"wp:term":[{"taxonomy":"product_brand","embeddable":true,"href":"https:\/\/www.huntersfriend.eu\/de\/wp-json\/wp\/v2\/product_brand?post=281500"},{"taxonomy":"product_cat","embeddable":true,"href":"https:\/\/www.huntersfriend.eu\/de\/wp-json\/wp\/v2\/product_cat?post=281500"},{"taxonomy":"product_tag","embeddable":true,"href":"https:\/\/www.huntersfriend.eu\/de\/wp-json\/wp\/v2\/product_tag?post=281500"}],"curies":[{"name":"wp","href":"https:\/\/api.w.org\/{rel}","templated":true}]}}