{"id":281499,"date":"2023-04-28T15:43:33","date_gmt":"2025-06-23T10:12:18","guid":{"rendered":"https:\/\/www.huntersfriend.eu\/product\/birchwood-securelock-waffenschraubstock\/"},"modified":"2025-06-23T12:12:18","modified_gmt":"2025-06-23T10:12:18","slug":"birchwood-securelock-waffenschraubstock","status":"publish","type":"product","link":"https:\/\/www.huntersfriend.eu\/de\/produkt\/birchwood-securelock-waffenschraubstock\/","title":{"rendered":"Birchwood SecureLock Waffenschraubstock"},"content":{"rendered":"<p>BIRCHWOOD CASEY HAT IHREN SECURELOCK WAFFENSCHRAUBSTOCK SO KONZIPIERT, DASS ER \u00c4USSERST ANPASSUNGSF\u00c4HIG IST UND SOMIT MIT EINER VIELZAHL VON WAFFEN &#8211; SOWOHL KIPPLAUFWAFFEN ALS AUCH PISTOLEN &#8211; KOMPATIBEL IST, WAS IHN ZU IHREM BEVORZUGTEN WERKZEUG F\u00dcR ALLE WAFFENREINIGUNGS- UND MONTAGE-\/DEMONTAGEVORHABEN MACHT. DIE VERSTELLBAREN KLEMMEN LASSEN SICH MITHILFE DER FEDERBELASTETEN ZUGBOLZEN LEICHT IN POSITION BRINGEN, UND DIE H\u00d6HENVERSTELLBAREN KLEMMEN IN KOMBINATION MIT DEN VERSTELLBAREN RUTSCHFESTEN NIVELLIERF\u00dcSSEN ERM\u00d6GLICHEN EINE OPTIMALE POSITIONIERUNG F\u00dcR JEGLICHE AUFGABEN AUF IHRER TO-DO-LISTE. DER ROBUSTE, STARRE STAHLRAHMEN BIETET EINE SICHERE, SOLIDE PLATTFORM W\u00c4HREND DER NUTZUNG, L\u00c4SST SICH JEDOCH SCHNELL ZUSAMMENKLAPPEN, UM SOWOHL DIE AUFBEWAHRUNG ALS AUCH DEN TRANSPORT BEQUEM ZU GESTALTEN. NICHT ABRIEBFESTE POLSTER UMSCHLIESSEN DIE WAFFEN, UM BESCH\u00c4DIGUNGEN ZU VERHINDERN. ENTH\u00c4LT INTEGRIERTE MEHRZWECK-AUFBEWAHRUNGSF\u00c4CHER UND ALLE ERFORDERLICHEN ZUBEH\u00d6RTEILE F\u00dcR DIE WERKBANKMONTAGE.    <\/p>\n<h5>HAUPTMERKMALE<\/h5>\n<ul>\n<li>STABILER STAHLRAHMEN<\/li>\n<li>VERWENDET NICHT ABRIEBFESTE MATERIALIEN<\/li>\n<li>VERSTELLBARE KLEMMEN PASSEN SICH EINER VIELZAHL VON WAFFEN AN<\/li>\n<li>FEDERBELASTETE ZUGBOLZEN F\u00dcR EINFACHE GLEITVERSTELLUNG<\/li>\n<li>VERSTELLBARE RUTSCHFESTE NIVELLIERF\u00dcSSE<\/li>\n<li>H\u00d6HENVERSTELLBARE KLEMMEN<\/li>\n<li>GEEIGNET F\u00dcR KIPPLAUFWAFFEN UND PISTOLEN<\/li>\n<li>ZUSAMMENKLAPPBAR F\u00dcR EINFACHE AUFBEWAHRUNG UND TRANSPORT<\/li>\n<li>MEHRZWECK-AUFBEWAHRUNGSF\u00c4CHER<\/li>\n<li>VORRICHTUNGEN F\u00dcR WERKBANKMONTAGE<\/li>\n<\/ul>\n","protected":false},"excerpt":{"rendered":"<p>BIRCHWOOD CASEY HAT IHREN SECURELOCK WAFFENSCHRAUBSTOCK SO KONZIPIERT, DASS ER \u00c4USSERST ANPASSUNGSF\u00c4HIG IST UND SOMIT MIT EINER VIELZAHL VON WAFFEN &#8211; SOWOHL KIPPLAUFWAFFEN ALS AUCH PISTOLEN &#8211; KOMPATIBEL IST, WAS IHN ZU IHREM BEVORZUGTEN WERKZEUG F\u00dcR ALLE WAFFENREINIGUNGS- UND MONTAGE-\/DEMONTAGEVORHABEN MACHT. DIE VERSTELLBAREN KLEMMEN LASSEN SICH MITHILFE DER FEDERBELASTETEN ZUGBOLZEN LEICHT IN POSITION BRINGEN, UND [&#8230;]\n","protected":false},"featured_media":249337,"comment_status":"open","ping_status":"closed","template":"","meta":[],"product_brand":[],"product_cat":[1417],"product_tag":[],"class_list":{"0":"post-281499","1":"product","2":"type-product","3":"status-publish","4":"has-post-thumbnail","6":"product_cat-schiesauflagen","7":"product_shipping_class-medium-de","9":"first","10":"instock","11":"taxable","12":"shipping-taxable","13":"purchasable","14":"product-type-simple"},"composite_virtual":false,"composite_layout":"","composite_add_to_cart_form_location":"","composite_editable_in_cart":false,"composite_sold_individually_context":"","composite_shop_price_calc":"","composite_components":[],"composite_scenarios":[],"group_of_quantity":0,"min_quantity":0,"max_quantity":"","exclude_order_quantity_value_rules":"no","exclude_category_quantity_rules":"no","combine_variations":"no","exclude_global_add_ons":[],"addons":[],"_links":{"self":[{"href":"https:\/\/www.huntersfriend.eu\/de\/wp-json\/wp\/v2\/product\/281499","targetHints":{"allow":["GET"]}}],"collection":[{"href":"https:\/\/www.huntersfriend.eu\/de\/wp-json\/wp\/v2\/product"}],"about":[{"href":"https:\/\/www.huntersfriend.eu\/de\/wp-json\/wp\/v2\/types\/product"}],"replies":[{"embeddable":true,"href":"https:\/\/www.huntersfriend.eu\/de\/wp-json\/wp\/v2\/comments?post=281499"}],"wp:featuredmedia":[{"embeddable":true,"href":"https:\/\/www.huntersfriend.eu\/de\/wp-json\/wp\/v2\/media\/249337"}],"wp:attachment":[{"href":"https:\/\/www.huntersfriend.eu\/de\/wp-json\/wp\/v2\/media?parent=281499"}],"wp:term":[{"taxonomy":"product_brand","embeddable":true,"href":"https:\/\/www.huntersfriend.eu\/de\/wp-json\/wp\/v2\/product_brand?post=281499"},{"taxonomy":"product_cat","embeddable":true,"href":"https:\/\/www.huntersfriend.eu\/de\/wp-json\/wp\/v2\/product_cat?post=281499"},{"taxonomy":"product_tag","embeddable":true,"href":"https:\/\/www.huntersfriend.eu\/de\/wp-json\/wp\/v2\/product_tag?post=281499"}],"curies":[{"name":"wp","href":"https:\/\/api.w.org\/{rel}","templated":true}]}}