{"id":281497,"date":"2023-04-28T15:43:33","date_gmt":"2025-06-23T10:12:17","guid":{"rendered":"https:\/\/www.huntersfriend.eu\/product\/birchwood-casey-foxtrot-schiessauflage\/"},"modified":"2025-08-27T06:22:41","modified_gmt":"2025-08-27T04:22:41","slug":"birchwood-casey-foxtrot-schiessauflage","status":"publish","type":"product","link":"https:\/\/www.huntersfriend.eu\/de\/produkt\/birchwood-casey-foxtrot-schiessauflage\/","title":{"rendered":"Birchwood Casey Foxtrot Schie\u00dfauflage"},"content":{"rendered":"<p>MIT ABNEHMBAREN SEKTIONEN, DIE SOWOHL GEWEHRE ALS AUCH HANDFEUERWAFFEN AUFNEHMEN K\u00d6NNEN, IST DIE FOXTROT SCHIESSSAUFLAGE VON BIRCHWOOD CASEY SO VIELSEITIG WIE EINE SCHIESSAUFLAGE NUR SEIN KANN. SOWOHL DER MITTLERE ALS AUCH DER HINTERE ABSCHNITT DES DREITEILIGEN DESIGNS K\u00d6NNEN ABGENOMMEN WERDEN, UM GENAU DIE RICHTIGE PASSFORM F\u00dcR DIE JEWEILIGE WAFFE ZU ERZIELEN. RICHTEN SIE EIN GEWEHR EIN? BEHALTEN SIE DIE GESAMTE EINHEIT ZUSAMMEN. VERBRINGEN SIE ETWAS TIME MIT IHRER NEUEN PISTOLE? ENTFERNEN SIE DEN HINTEREN TEIL UND LEGEN SIE LOS. DIE ROBUSTE KONSTRUKTION MIT GEPOLSTERTEN VORDEREN UND HINTEREN AUFLAGEN BESTEHT AUS NICHT ABF\u00c4RBENDEM MATERIAL F\u00dcR ZUS\u00c4TZLICHE SICHERHEIT. H\u00d6HENVERSTELLBAR. PASST LEICHT F\u00dcR DIE MEISTEN GEWEHRE. MISST IM VOLLST\u00c4NDIG ZUSAMMENGEBAUTEN ZUSTAND 29,1 ZOLL L X 36 ZOLL B X 27 ZOLL H.         <\/p>\n<h5>HAUPTMERKMALE<\/h5>\n<ul>\n<li>GEPOLSTERTE VORDER- UND R\u00dcCKSEITE<\/li>\n<li>NICHT ABF\u00c4RBENDES MATERIAL<\/li>\n<li>KOMFORTABEL UND LANGLEBIG<\/li>\n<li>H\u00d6HENVERSTELLBAR<\/li>\n<li>PASST F\u00dcR DIE MEISTEN GEWEHRE<\/li>\n<li>ABNEHMBARER HINTERER TEIL ZUR VERWENDUNG MIT HANDFEUERWAFFEN<\/li>\n<li>ENTFERNBARER MITTELTEIL F\u00dcR UNBEGRENZTE EINSTELLM\u00d6GLICHKEITEN UND VIELSEITIGKEIT<\/li>\n<\/ul>\n","protected":false},"excerpt":{"rendered":"<p>MIT ABNEHMBAREN SEKTIONEN, DIE SOWOHL GEWEHRE ALS AUCH HANDFEUERWAFFEN AUFNEHMEN K\u00d6NNEN, IST DIE FOXTROT SCHIESSSAUFLAGE VON BIRCHWOOD CASEY SO VIELSEITIG WIE EINE SCHIESSAUFLAGE NUR SEIN KANN. SOWOHL DER MITTLERE ALS AUCH DER HINTERE ABSCHNITT DES DREITEILIGEN DESIGNS K\u00d6NNEN ABGENOMMEN WERDEN, UM GENAU DIE RICHTIGE PASSFORM F\u00dcR DIE JEWEILIGE WAFFE ZU ERZIELEN. RICHTEN SIE EIN GEWEHR [&#8230;]\n","protected":false},"featured_media":249340,"comment_status":"open","ping_status":"closed","template":"","meta":[],"product_brand":[],"product_cat":[1417],"product_tag":[],"class_list":{"0":"post-281497","1":"product","2":"type-product","3":"status-publish","4":"has-post-thumbnail","6":"product_cat-schiesauflagen","8":"first","9":"instock","10":"taxable","11":"shipping-taxable","12":"purchasable","13":"product-type-simple"},"composite_virtual":false,"composite_layout":"","composite_add_to_cart_form_location":"","composite_editable_in_cart":false,"composite_sold_individually_context":"","composite_shop_price_calc":"","composite_components":[],"composite_scenarios":[],"group_of_quantity":0,"min_quantity":0,"max_quantity":"","exclude_order_quantity_value_rules":"no","exclude_category_quantity_rules":"no","combine_variations":"no","exclude_global_add_ons":[],"addons":[],"_links":{"self":[{"href":"https:\/\/www.huntersfriend.eu\/de\/wp-json\/wp\/v2\/product\/281497","targetHints":{"allow":["GET"]}}],"collection":[{"href":"https:\/\/www.huntersfriend.eu\/de\/wp-json\/wp\/v2\/product"}],"about":[{"href":"https:\/\/www.huntersfriend.eu\/de\/wp-json\/wp\/v2\/types\/product"}],"replies":[{"embeddable":true,"href":"https:\/\/www.huntersfriend.eu\/de\/wp-json\/wp\/v2\/comments?post=281497"}],"wp:featuredmedia":[{"embeddable":true,"href":"https:\/\/www.huntersfriend.eu\/de\/wp-json\/wp\/v2\/media\/249340"}],"wp:attachment":[{"href":"https:\/\/www.huntersfriend.eu\/de\/wp-json\/wp\/v2\/media?parent=281497"}],"wp:term":[{"taxonomy":"product_brand","embeddable":true,"href":"https:\/\/www.huntersfriend.eu\/de\/wp-json\/wp\/v2\/product_brand?post=281497"},{"taxonomy":"product_cat","embeddable":true,"href":"https:\/\/www.huntersfriend.eu\/de\/wp-json\/wp\/v2\/product_cat?post=281497"},{"taxonomy":"product_tag","embeddable":true,"href":"https:\/\/www.huntersfriend.eu\/de\/wp-json\/wp\/v2\/product_tag?post=281497"}],"curies":[{"name":"wp","href":"https:\/\/api.w.org\/{rel}","templated":true}]}}