{"id":281495,"date":"2023-04-28T15:20:06","date_gmt":"2025-06-23T10:12:16","guid":{"rendered":"https:\/\/www.huntersfriend.eu\/product\/skull-hooker-tischhaken-braun\/"},"modified":"2026-03-04T12:53:20","modified_gmt":"2026-03-04T10:53:20","slug":"skull-hooker-tischhaken-braun","status":"publish","type":"product","link":"https:\/\/www.huntersfriend.eu\/de\/produkt\/skull-hooker-tischhaken-braun\/","title":{"rendered":"Skull Hooker Tischhaken &#8211; Braun"},"content":{"rendered":"<p>Der neueste Entwurf von Skull Hooker, der Tischhaken, eignet sich hervorragend f\u00fcr Schreibtische im B\u00fcro oder Regale im h\u00e4uslichen Bereich. Der Tischhaken pr\u00e4sentiert auf elegante Weise Troph\u00e4en von Puma, B\u00e4r, Gabelantilope, Impala, Hirsch und vielen anderen kleinen bis mittelgro\u00dfen Tieren weltweit. Der Tischhaken ist in der H\u00f6he vollst\u00e4ndig anpassbar, um eine perfekte aufrechte und nat\u00fcrliche Pr\u00e4sentation Ihrer Troph\u00e4e zu erm\u00f6glichen. Er ist aus robustem, pulverbeschichtetem Stahl gefertigt und in zwei beeindruckenden Farben erh\u00e4ltlich (kr\u00e4ftiges Braun und Graphitschwarz). Der Tischhaken erfordert keinerlei Bohrungen oder Besch\u00e4digungen am Sch\u00e4del, da der Dorn sicher und nat\u00fcrlich in die R\u00fcckseite des Sch\u00e4dels passt. *Der Sch\u00e4del darf nicht um das nat\u00fcrliche Loch oder Halsgelenk an der R\u00fcckseite des Sch\u00e4dels herum geschnitten oder ver\u00e4ndert werden.     <\/p>\n<p>Enthaltene Teile: Grundplatte (1), Arm (1), Dorn (1) und s\u00e4mtliches erforderliches Befestigungsmaterial<\/p>\n","protected":false},"excerpt":{"rendered":"<p>Der neueste Entwurf von Skull Hooker, der Tischhaken, eignet sich hervorragend f\u00fcr Schreibtische im B\u00fcro oder Regale im h\u00e4uslichen Bereich. Der Tischhaken pr\u00e4sentiert auf elegante Weise Troph\u00e4en von Puma, B\u00e4r, Gabelantilope, Impala, Hirsch und vielen anderen kleinen bis mittelgro\u00dfen Tieren weltweit. Der Tischhaken ist in der H\u00f6he vollst\u00e4ndig anpassbar, um eine perfekte aufrechte und nat\u00fcrliche [&#8230;]\n","protected":false},"featured_media":249351,"comment_status":"open","ping_status":"closed","template":"","meta":[],"product_brand":[],"product_cat":[2847],"product_tag":[],"class_list":{"0":"post-281495","1":"product","2":"type-product","3":"status-publish","4":"has-post-thumbnail","6":"product_cat-taxidermi","8":"first","9":"instock","10":"taxable","11":"shipping-taxable","12":"purchasable","13":"product-type-simple"},"composite_virtual":false,"composite_layout":"","composite_add_to_cart_form_location":"","composite_editable_in_cart":false,"composite_sold_individually_context":"","composite_shop_price_calc":"","composite_components":[],"composite_scenarios":[],"group_of_quantity":0,"min_quantity":0,"max_quantity":"","exclude_order_quantity_value_rules":"no","exclude_category_quantity_rules":"no","combine_variations":"no","exclude_global_add_ons":[],"addons":[],"_links":{"self":[{"href":"https:\/\/www.huntersfriend.eu\/de\/wp-json\/wp\/v2\/product\/281495","targetHints":{"allow":["GET"]}}],"collection":[{"href":"https:\/\/www.huntersfriend.eu\/de\/wp-json\/wp\/v2\/product"}],"about":[{"href":"https:\/\/www.huntersfriend.eu\/de\/wp-json\/wp\/v2\/types\/product"}],"replies":[{"embeddable":true,"href":"https:\/\/www.huntersfriend.eu\/de\/wp-json\/wp\/v2\/comments?post=281495"}],"wp:featuredmedia":[{"embeddable":true,"href":"https:\/\/www.huntersfriend.eu\/de\/wp-json\/wp\/v2\/media\/249351"}],"wp:attachment":[{"href":"https:\/\/www.huntersfriend.eu\/de\/wp-json\/wp\/v2\/media?parent=281495"}],"wp:term":[{"taxonomy":"product_brand","embeddable":true,"href":"https:\/\/www.huntersfriend.eu\/de\/wp-json\/wp\/v2\/product_brand?post=281495"},{"taxonomy":"product_cat","embeddable":true,"href":"https:\/\/www.huntersfriend.eu\/de\/wp-json\/wp\/v2\/product_cat?post=281495"},{"taxonomy":"product_tag","embeddable":true,"href":"https:\/\/www.huntersfriend.eu\/de\/wp-json\/wp\/v2\/product_tag?post=281495"}],"curies":[{"name":"wp","href":"https:\/\/api.w.org\/{rel}","templated":true}]}}