{"id":281492,"date":"2023-04-19T02:29:31","date_gmt":"2023-04-19T00:29:31","guid":{"rendered":"https:\/\/www.huntersfriend.eu\/product\/primos-apex-ausloesestab-stativ-aus-kohlefaser\/"},"modified":"2026-03-18T22:00:17","modified_gmt":"2026-03-18T20:00:17","slug":"primos-apex-ausloesestab-stativ-aus-kohlefaser","status":"publish","type":"product","link":"https:\/\/www.huntersfriend.eu\/de\/produkt\/primos-apex-ausloesestab-stativ-aus-kohlefaser\/","title":{"rendered":"Primos Apex Ausl\u00f6sestab-Stativ aus Kohlefaser"},"content":{"rendered":"<p>Weitere Produkte werden im Sommer 2024 eintreffen!<\/p>\n<p>J\u00e4ger begeben sich heutzutage in entlegenere Gebiete als je zuvor. Dies bedeutet, dass die Stabilit\u00e4t des Schusses auf schwierigem Terrain wichtiger ist denn je. Hier kommt der Trigger Stick Apex\u2122 zum Einsatz. Seine \u00e4u\u00dferst robusten, dennoch leichten, mit Kohlefaser ummantelten Aluminiumst\u00fctzen lassen sich schnell ausfahren und mit einem Druck auf den Ausl\u00f6ser selbst in anspruchsvollstem Gel\u00e4nde anpassen. Das \u00e4u\u00dferst stabile Apex-Frame\u00ae-Design erm\u00f6glicht eine rasche Justierung und geschmeidige Schwenkbewegungen, um selbst schwerere Gewehre von niedrigen Sitzpositionen bis hin zu fast 1,80 Meter hohen Stehpositionen pr\u00e4zise auf das Ziel ausgerichtet und absolut stabil zu halten. Seine robuste Konstruktion unterst\u00fctzt eine beeindruckende Tragf\u00e4higkeit von 22,7 kg, die andere Schie\u00dfvorrichtungen \u00fcberfordern w\u00fcrde. Die abnehmbare Montageplatte erm\u00f6glicht einen schnellen Wechsel vom Spektiv zur Gewehrauflage im Gel\u00e4nde. F\u00fcr hervorragende Sch\u00fcsse unter schwierigsten Bedingungen ist der Trigger Stick Apex die optimale L\u00f6sung.       <\/p>\n<ul>\n<li>EXKLUSIVES DURASTEADY\u2122 3-TEILIGES KOHLEFASER-ST\u00dcTZENDESIGN<\/li>\n<li>SICHERE BEFESTIGUNG F\u00dcR SCHUSSWAFFEN, ARMBR\u00dcSTE, OPTIKEN ODER KAMERAS<\/li>\n<li>EINHAND-VERSTELLM\u00d6GLICHKEITEN<\/li>\n<li>INKLUSIVE GEWEHRHALTERUNG<\/li>\n<li>ABNEHMBARE MONTAGEPLATTE<\/li>\n<li>GEWICHT: 3,18 KG<\/li>\n<li>MAXIMALE H\u00d6HE: 157,5 CM<\/li>\n<li>ZUSAMMENGELEGTE H\u00d6HE (BIS ZUR GRUNDPLATTE): 81,3 CM<\/li>\n<\/ul>\n","protected":false},"excerpt":{"rendered":"<p>Weitere Produkte werden im Sommer 2024 eintreffen! J\u00e4ger begeben sich heutzutage in entlegenere Gebiete als je zuvor. Dies bedeutet, dass die Stabilit\u00e4t des Schusses auf schwierigem Terrain wichtiger ist denn je. Hier kommt der Trigger Stick Apex\u2122 zum Einsatz. Seine \u00e4u\u00dferst robusten, dennoch leichten, mit Kohlefaser ummantelten Aluminiumst\u00fctzen lassen sich schnell ausfahren und mit einem [&#8230;]\n","protected":false},"featured_media":247079,"comment_status":"open","ping_status":"closed","template":"","meta":[],"product_brand":[],"product_cat":[2570,1417,1345],"product_tag":[],"class_list":{"0":"post-281492","1":"product","2":"type-product","3":"status-publish","4":"has-post-thumbnail","6":"product_cat-stodpinnar-och-skjutstod","7":"product_cat-schiesauflagen","8":"product_cat-range-rests","9":"product_shipping_class-medium-de","11":"first","12":"instock","13":"featured","14":"taxable","15":"shipping-taxable","16":"purchasable","17":"product-type-simple"},"composite_virtual":false,"composite_layout":"","composite_add_to_cart_form_location":"","composite_editable_in_cart":false,"composite_sold_individually_context":"","composite_shop_price_calc":"","composite_components":[],"composite_scenarios":[],"group_of_quantity":0,"min_quantity":0,"max_quantity":"","exclude_order_quantity_value_rules":"no","exclude_category_quantity_rules":"no","combine_variations":"no","exclude_global_add_ons":[],"addons":[],"_links":{"self":[{"href":"https:\/\/www.huntersfriend.eu\/de\/wp-json\/wp\/v2\/product\/281492","targetHints":{"allow":["GET"]}}],"collection":[{"href":"https:\/\/www.huntersfriend.eu\/de\/wp-json\/wp\/v2\/product"}],"about":[{"href":"https:\/\/www.huntersfriend.eu\/de\/wp-json\/wp\/v2\/types\/product"}],"replies":[{"embeddable":true,"href":"https:\/\/www.huntersfriend.eu\/de\/wp-json\/wp\/v2\/comments?post=281492"}],"wp:featuredmedia":[{"embeddable":true,"href":"https:\/\/www.huntersfriend.eu\/de\/wp-json\/wp\/v2\/media\/247079"}],"wp:attachment":[{"href":"https:\/\/www.huntersfriend.eu\/de\/wp-json\/wp\/v2\/media?parent=281492"}],"wp:term":[{"taxonomy":"product_brand","embeddable":true,"href":"https:\/\/www.huntersfriend.eu\/de\/wp-json\/wp\/v2\/product_brand?post=281492"},{"taxonomy":"product_cat","embeddable":true,"href":"https:\/\/www.huntersfriend.eu\/de\/wp-json\/wp\/v2\/product_cat?post=281492"},{"taxonomy":"product_tag","embeddable":true,"href":"https:\/\/www.huntersfriend.eu\/de\/wp-json\/wp\/v2\/product_tag?post=281492"}],"curies":[{"name":"wp","href":"https:\/\/api.w.org\/{rel}","templated":true}]}}