{"id":281491,"date":"2023-04-27T10:53:09","date_gmt":"2025-06-23T10:12:12","guid":{"rendered":"https:\/\/www.huntersfriend.eu\/product\/tactacam-6-0-kamera\/"},"modified":"2025-08-08T03:28:11","modified_gmt":"2025-08-08T01:28:11","slug":"tactacam-6-0-kamera","status":"publish","type":"product","link":"https:\/\/www.huntersfriend.eu\/de\/produkt\/tactacam-6-0-kamera\/","title":{"rendered":"Tactacam 6.0 Kamera"},"content":{"rendered":"<p>Die Tactacam 6.0 wurde entwickelt, um den Bed\u00fcrfnissen gerecht zu werden, actiongeladene Momente bei der Jagd oder beim Schie\u00dfen festzuhalten. Es spielt keine Rolle, ob Sie mehr Informationen \u00fcber Ihr Schie\u00dfen ben\u00f6tigen oder einfach nur Ihre Erinnerungen festhalten m\u00f6chten; die Tactacam 6.0 ist Ihre Wahl. Diese Kamera verf\u00fcgt \u00fcber einen 8-fachen Zoom und eine neue Bildstabilisierungstechnologie, die den \u201eSchock\u201c aus der Aufnahme nimmt und es Ihnen erm\u00f6glicht, kristallklare Aufnahmen in 4K mit 60 fps zu machen. Das wasserdichte Design verf\u00fcgt \u00fcber einen Bildschirm, generiert WLAN und ist mit einer Fernbedienung kompatibel.   <\/p>\n<p>Die Tactacam 6.0 ist einfach zu bedienen; die Einknopfbedienung mit Vibrationsanzeige erm\u00f6glicht eine einfache Kamerabedienung. Diese kleine Jagdvideokamera wurde mit einem hochwertigen Objektiv und einem Lichtsensor f\u00fcr schwache Lichtverh\u00e4ltnisse ausgestattet. Anstatt ein Fischaugenobjektiv zu verwenden, das die Bilder wegdr\u00fcckt, verwendet Tactacam ein einzigartiges Objektivdesign, das eine Sicht \u00e4hnlich der des menschlichen Auges bietet. Die Tactacam 6.0 verf\u00fcgt nun \u00fcber einen verbesserten 8-fachen Zoom, um Ihr Ziel n\u00e4her heranzuholen.   <\/p>\n<h3>Funktionen<\/h3>\n<div class=\"wpb_text_column wpb_content_element white\">\n<div class=\"wpb_wrapper\">\n<ul>\n<li>8-facher Zoom<\/li>\n<li>Integriertes Touchscreen-Display<\/li>\n<li>Einstellbare Rotpunktfunktion<\/li>\n<li>Bildstabilisierung<\/li>\n<li>Aufnahme von klaren Bildern in 4K-60fps<\/li>\n<li>Einknopfbedienung mit Vibrationsanzeige<\/li>\n<li>Wasserdichtes Design (bis zu 9 Meter)<\/li>\n<li>Hochwertiges Objektiv, das eine dem menschlichen Auge \u00e4hnliche Sicht bietet<\/li>\n<li>Lichtsensor f\u00fcr schwache Lichtverh\u00e4ltnisse<\/li>\n<li>Kompatibel mit Tactacam-Fernbedienung<\/li>\n<li>WLAN-Verbindung zu Ihrem Smartphone \u00fcber die Tactacam-App<\/li>\n<\/ul>\n<\/div>\n<\/div>\n","protected":false},"excerpt":{"rendered":"<p>Die Tactacam 6.0 wurde entwickelt, um den Bed\u00fcrfnissen gerecht zu werden, actiongeladene Momente bei der Jagd oder beim Schie\u00dfen festzuhalten. Es spielt keine Rolle, ob Sie mehr Informationen \u00fcber Ihr Schie\u00dfen ben\u00f6tigen oder einfach nur Ihre Erinnerungen festhalten m\u00f6chten; die Tactacam 6.0 ist Ihre Wahl. Diese Kamera verf\u00fcgt \u00fcber einen 8-fachen Zoom und eine neue [&#8230;]\n","protected":false},"featured_media":247661,"comment_status":"open","ping_status":"closed","template":"","meta":[],"product_brand":[],"product_cat":[1197,1198,1416],"product_tag":[],"class_list":{"0":"post-281491","1":"product","2":"type-product","3":"status-publish","4":"has-post-thumbnail","6":"product_cat-optiken","7":"product_cat-wildkameras","8":"product_cat-schieszubehor","10":"first","11":"outofstock","12":"featured","13":"taxable","14":"shipping-taxable","15":"purchasable","16":"product-type-simple"},"composite_virtual":false,"composite_layout":"","composite_add_to_cart_form_location":"","composite_editable_in_cart":false,"composite_sold_individually_context":"","composite_shop_price_calc":"","composite_components":[],"composite_scenarios":[],"group_of_quantity":0,"min_quantity":0,"max_quantity":"","exclude_order_quantity_value_rules":"no","exclude_category_quantity_rules":"no","combine_variations":"no","exclude_global_add_ons":[],"addons":[],"_links":{"self":[{"href":"https:\/\/www.huntersfriend.eu\/de\/wp-json\/wp\/v2\/product\/281491","targetHints":{"allow":["GET"]}}],"collection":[{"href":"https:\/\/www.huntersfriend.eu\/de\/wp-json\/wp\/v2\/product"}],"about":[{"href":"https:\/\/www.huntersfriend.eu\/de\/wp-json\/wp\/v2\/types\/product"}],"replies":[{"embeddable":true,"href":"https:\/\/www.huntersfriend.eu\/de\/wp-json\/wp\/v2\/comments?post=281491"}],"wp:featuredmedia":[{"embeddable":true,"href":"https:\/\/www.huntersfriend.eu\/de\/wp-json\/wp\/v2\/media\/247661"}],"wp:attachment":[{"href":"https:\/\/www.huntersfriend.eu\/de\/wp-json\/wp\/v2\/media?parent=281491"}],"wp:term":[{"taxonomy":"product_brand","embeddable":true,"href":"https:\/\/www.huntersfriend.eu\/de\/wp-json\/wp\/v2\/product_brand?post=281491"},{"taxonomy":"product_cat","embeddable":true,"href":"https:\/\/www.huntersfriend.eu\/de\/wp-json\/wp\/v2\/product_cat?post=281491"},{"taxonomy":"product_tag","embeddable":true,"href":"https:\/\/www.huntersfriend.eu\/de\/wp-json\/wp\/v2\/product_tag?post=281491"}],"curies":[{"name":"wp","href":"https:\/\/api.w.org\/{rel}","templated":true}]}}