{"id":281490,"date":"2023-04-18T11:52:14","date_gmt":"2025-06-23T10:12:12","guid":{"rendered":"https:\/\/www.huntersfriend.eu\/product\/darton-bogenkoffer\/"},"modified":"2025-08-07T11:20:06","modified_gmt":"2025-08-07T09:20:06","slug":"darton-bogenkoffer","status":"publish","type":"product","link":"https:\/\/www.huntersfriend.eu\/de\/produkt\/darton-bogenkoffer\/","title":{"rendered":"Darton Bogenkoffer"},"content":{"rendered":"<p>Hochwertiger, gepolsterter rot-schwarzer Softcase bietet hervorragenden Schutz f\u00fcr Ihren Bogen. Ausgestattet mit Schaumstoffpolsterung, robusten Rei\u00dfverschl\u00fcssen, einer \u00fcbergro\u00dfen Tasche f\u00fcr den Pfeilk\u00f6cher und doppelter Nahtverarbeitung. Passend f\u00fcr jeden Darton Compoundbogen.  <\/p>\n","protected":false},"excerpt":{"rendered":"<p>Hochwertiger, gepolsterter rot-schwarzer Softcase bietet hervorragenden Schutz f\u00fcr Ihren Bogen. Ausgestattet mit Schaumstoffpolsterung, robusten Rei\u00dfverschl\u00fcssen, einer \u00fcbergro\u00dfen Tasche f\u00fcr den Pfeilk\u00f6cher und doppelter Nahtverarbeitung. Passend f\u00fcr jeden Darton Compoundbogen.<\/p>\n","protected":false},"featured_media":247235,"comment_status":"open","ping_status":"closed","template":"","meta":[],"product_brand":[],"product_cat":[1083],"product_tag":[],"class_list":{"0":"post-281490","1":"product","2":"type-product","3":"status-publish","4":"has-post-thumbnail","6":"product_cat-bogen-taschen-compound","8":"first","9":"instock","10":"taxable","11":"shipping-taxable","12":"purchasable","13":"product-type-simple"},"composite_virtual":false,"composite_layout":"","composite_add_to_cart_form_location":"","composite_editable_in_cart":false,"composite_sold_individually_context":"","composite_shop_price_calc":"","composite_components":[],"composite_scenarios":[],"group_of_quantity":0,"min_quantity":0,"max_quantity":"","exclude_order_quantity_value_rules":"no","exclude_category_quantity_rules":"no","combine_variations":"no","exclude_global_add_ons":[],"addons":[],"_links":{"self":[{"href":"https:\/\/www.huntersfriend.eu\/de\/wp-json\/wp\/v2\/product\/281490","targetHints":{"allow":["GET"]}}],"collection":[{"href":"https:\/\/www.huntersfriend.eu\/de\/wp-json\/wp\/v2\/product"}],"about":[{"href":"https:\/\/www.huntersfriend.eu\/de\/wp-json\/wp\/v2\/types\/product"}],"replies":[{"embeddable":true,"href":"https:\/\/www.huntersfriend.eu\/de\/wp-json\/wp\/v2\/comments?post=281490"}],"wp:featuredmedia":[{"embeddable":true,"href":"https:\/\/www.huntersfriend.eu\/de\/wp-json\/wp\/v2\/media\/247235"}],"wp:attachment":[{"href":"https:\/\/www.huntersfriend.eu\/de\/wp-json\/wp\/v2\/media?parent=281490"}],"wp:term":[{"taxonomy":"product_brand","embeddable":true,"href":"https:\/\/www.huntersfriend.eu\/de\/wp-json\/wp\/v2\/product_brand?post=281490"},{"taxonomy":"product_cat","embeddable":true,"href":"https:\/\/www.huntersfriend.eu\/de\/wp-json\/wp\/v2\/product_cat?post=281490"},{"taxonomy":"product_tag","embeddable":true,"href":"https:\/\/www.huntersfriend.eu\/de\/wp-json\/wp\/v2\/product_tag?post=281490"}],"curies":[{"name":"wp","href":"https:\/\/api.w.org\/{rel}","templated":true}]}}